{"id":8460,"date":"2021-08-10T16:37:33","date_gmt":"2021-08-10T14:37:33","guid":{"rendered":"https:\/\/laverteshop.fr\/?post_type=product&#038;p=8460"},"modified":"2025-10-13T08:32:56","modified_gmt":"2025-10-13T06:32:56","slug":"filtri-stracciati-largo-cotone-canapa-25mm","status":"publish","type":"product","link":"https:\/\/laverteshop.fr\/it\/prodotto\/filtri-stracciati-largo-cotone-canapa-25mm\/","title":{"rendered":"Filtri larghi in cotone di canapa grezzo da 25 mm"},"content":{"rendered":"<p>Raw a toujours fabriqu\u00e9 d&rsquo;excellents papiers sans produits chimiques ni agents de blanchiment. Aujourd&rsquo;hui, ils ont ajout\u00e9 des perforations \u00e0 cette merveilleuse capacit\u00e9 !<br \/>\nLes Raw Perforated Tips signifient que vous n&rsquo;avez plus d&rsquo;excuse pour rouler une cigarette de mauvaise qualit\u00e9. Les perforations peuvent \u00eatre repli\u00e9es pour cr\u00e9er une forme en \u00ab\u00a0z\u00a0\u00bb dans le cafetier. Cela ajoute au refroidissement de votre fum\u00e9e.<br \/>\nLe punte sono pi\u00f9 larghe del solito, il che aumenta ulteriormente il raffreddamento e le rende ideali per sigarette molto grandi.<br \/>\nRealizzato con fibre naturali di canapa e cotone.<\/p>\n<p>Per garantirvi la migliore esperienza di degustazione possibile, vendiamo solo prodotti di alta qualit\u00e0. Sono rinomati in tutto il mondo per la loro struttura e, soprattutto, sono realizzati con materiali e materie prime di prima qualit\u00e0.<\/p>\n<p>Anche i prezzi sono molto interessanti per questo tipo di prodotti, quindi non esitate ad aggiungerli al vostro ordine!<\/p>","protected":false},"excerpt":{"rendered":"<p>Pennini crudi extra grandi<br \/>\nForato per facilitare l'arrotolamento<br \/>\nDimensioni: 55x25 mm<br \/>\n50 pennini per libretto<\/p>\n<p>Piegatura a Z per un filtraggio del fumo ancora migliore<\/p>","protected":false},"featured_media":8461,"comment_status":"open","ping_status":"closed","template":"","meta":{"inline_featured_image":false},"product_brand":[198],"product_cat":[197,61],"product_tag":[217,218],"class_list":{"0":"post-8460","1":"product","2":"type-product","3":"status-publish","4":"has-post-thumbnail","6":"product_brand-raw","7":"product_cat-filtres","8":"product_cat-accessoires","9":"product_tag-feuilles","10":"product_tag-filtres","12":"first","13":"instock","14":"taxable","15":"shipping-taxable","16":"purchasable","17":"product-type-simple"},"jetpack_sharing_enabled":true,"_links":{"self":[{"href":"https:\/\/laverteshop.fr\/it\/wp-json\/wp\/v2\/product\/8460","targetHints":{"allow":["GET"]}}],"collection":[{"href":"https:\/\/laverteshop.fr\/it\/wp-json\/wp\/v2\/product"}],"about":[{"href":"https:\/\/laverteshop.fr\/it\/wp-json\/wp\/v2\/types\/product"}],"replies":[{"embeddable":true,"href":"https:\/\/laverteshop.fr\/it\/wp-json\/wp\/v2\/comments?post=8460"}],"wp:featuredmedia":[{"embeddable":true,"href":"https:\/\/laverteshop.fr\/it\/wp-json\/wp\/v2\/media\/8461"}],"wp:attachment":[{"href":"https:\/\/laverteshop.fr\/it\/wp-json\/wp\/v2\/media?parent=8460"}],"wp:term":[{"taxonomy":"product_brand","embeddable":true,"href":"https:\/\/laverteshop.fr\/it\/wp-json\/wp\/v2\/product_brand?post=8460"},{"taxonomy":"product_cat","embeddable":true,"href":"https:\/\/laverteshop.fr\/it\/wp-json\/wp\/v2\/product_cat?post=8460"},{"taxonomy":"product_tag","embeddable":true,"href":"https:\/\/laverteshop.fr\/it\/wp-json\/wp\/v2\/product_tag?post=8460"}],"curies":[{"name":"wp","href":"https:\/\/api.w.org\/{rel}","templated":true}]}}