{"id":7685,"date":"2021-06-13T11:46:21","date_gmt":"2021-06-13T09:46:21","guid":{"rendered":"https:\/\/laverteshop.fr\/?post_type=product&#038;p=7685"},"modified":"2025-07-15T15:11:05","modified_gmt":"2025-07-15T13:11:05","slug":"bianco-cbg-serra","status":"publish","type":"product","link":"https:\/\/laverteshop.fr\/it\/prodotto\/bianco-cbg-serra\/","title":{"rendered":"Serra bianca CBG"},"content":{"rendered":"<p>Voici un de nos produit int\u00e9ressant. Cette White CBG Greenhouse vous procurera la d\u00e9tente d\u00e9sir\u00e9e, encore davantage que nos fleurs de CBD normales. la CBG a de fortes vertus th\u00e9rapeutique, et donc cette White CBG peut \u00eatre recommand\u00e9e si vous avez des douleurs chroniques. C&rsquo;est la diff\u00e9rence principale entre la CBD et la CBG. Son odeur rappelle un cot\u00e9 assez terreux et bois\u00e9, donc une vari\u00e9t\u00e9 plut\u00f4t assez terpenis\u00e9e.<\/p>\n<p>La serra bianca CBG \u00e8 un ottimo prodotto.<\/p>\n<p>I nostri prodotti sono certificati di qualit\u00e0 CBD svizzera. Ci\u00f2 che pi\u00f9 conta per noi \u00e8 potervi fornire fiori e polline di eccellente valore, a prezzi accessibili e accettabili, e nel rispetto dei livelli autorizzati dal CJEU (&lt;0,2% THC).<\/p>\n<p>Cosa si pu\u00f2 fare con questi prodotti? Infusi rilassanti per migliorare il sonno, pot-pourri per impregnare la casa di un profumo naturale, oppure, se lo desiderate, potete utilizzarli negli alimenti (insalate, salse, condimenti).<\/p>\n<p>Vi consigliamo di consultare il vostro medico, che sapr\u00e0 consigliarvi l'uso migliore del CBD.<\/p>\n<p><em>Ti potrebbe interessare anche:<\/em><\/p>\n<p><a href=\"https:\/\/laverteshop.fr\/it\/cbg-vs-cbd\/\">CBG vs CBD<\/a><br \/>\n<a href=\"https:\/\/laverteshop.fr\/it\/prodotto\/lemon-tonic\/\">Tonico al limone<\/a><br \/>\n<a href=\"https:\/\/laverteshop.fr\/it\/cbda-e-cbd-attenti-agli-anarchici\/\">CBDa e CBD<\/a><\/p>","protected":false},"excerpt":{"rendered":"<p>White CBG Greenhouse vi delizier\u00e0 con il suo alto contenuto di CBG.<\/p>\n<p>Le CBG s&rsquo;est beaucoup d\u00e9velopp\u00e9 dans les pays qui ont l\u00e9galis\u00e9 le THC, et donc cette fleur aura des effets apaisants un peu plus cons\u00e9quents que certaines de nos vari\u00e9t\u00e9s CBD.<\/p>\n<p>Un bel naso <a href=\"https:\/\/laverteshop.fr\/it\/prodotto\/nepal-hash\/\">terpenizzato<\/a> con una sensazione legnosa e naturale, con boccioli belli e ben curati, un colore biancastro e soprattutto un gran numero di <a href=\"https:\/\/laverteshop.fr\/it\/prodotto\/banana-kush\/\">tricomi arancioni<\/a>Questa variet\u00e0 sar\u00e0 una scoperta di cui non potrete fare a meno!<\/p>\n<table style=\"border-collapse: collapse; width: 305px; height: 211px;\" border=\"1\">\n<tbody>\n<tr>\n<td style=\"width: 50%; text-align: center;\"><strong>THC<\/strong><\/td>\n<td style=\"width: 50%; text-align: center;\"><strong>0.10%<\/strong><\/td>\n<\/tr>\n<tr>\n<td style=\"width: 50%; text-align: center;\"><strong>CBD<\/strong><\/td>\n<td style=\"width: 50%; text-align: center;\"><strong>6.5%<\/strong><\/td>\n<\/tr>\n<tr>\n<td style=\"width: 50%; text-align: center;\"><strong>CBG<\/strong><\/td>\n<td style=\"width: 50%; text-align: center;\"><strong>18%<\/strong><\/td>\n<\/tr>\n<tr>\n<td style=\"width: 50%; text-align: center;\"><strong>La cultura<\/strong><\/td>\n<td style=\"width: 50%; text-align: center;\"><strong>Sous Serre<\/strong><\/td>\n<\/tr>\n<\/tbody>\n<\/table>","protected":false},"featured_media":8302,"comment_status":"open","ping_status":"closed","template":"","meta":{"inline_featured_image":false},"product_brand":[75],"product_cat":[58],"product_tag":[74],"class_list":{"0":"post-7685","1":"product","2":"type-product","3":"status-publish","4":"has-post-thumbnail","6":"product_brand-la-verte","7":"product_cat-fleurs","8":"product_tag-sous-serre","10":"first","11":"outofstock","12":"taxable","13":"shipping-taxable","14":"purchasable","15":"product-type-variable","16":"has-default-attributes"},"jetpack_sharing_enabled":true,"_links":{"self":[{"href":"https:\/\/laverteshop.fr\/it\/wp-json\/wp\/v2\/product\/7685","targetHints":{"allow":["GET"]}}],"collection":[{"href":"https:\/\/laverteshop.fr\/it\/wp-json\/wp\/v2\/product"}],"about":[{"href":"https:\/\/laverteshop.fr\/it\/wp-json\/wp\/v2\/types\/product"}],"replies":[{"embeddable":true,"href":"https:\/\/laverteshop.fr\/it\/wp-json\/wp\/v2\/comments?post=7685"}],"wp:featuredmedia":[{"embeddable":true,"href":"https:\/\/laverteshop.fr\/it\/wp-json\/wp\/v2\/media\/8302"}],"wp:attachment":[{"href":"https:\/\/laverteshop.fr\/it\/wp-json\/wp\/v2\/media?parent=7685"}],"wp:term":[{"taxonomy":"product_brand","embeddable":true,"href":"https:\/\/laverteshop.fr\/it\/wp-json\/wp\/v2\/product_brand?post=7685"},{"taxonomy":"product_cat","embeddable":true,"href":"https:\/\/laverteshop.fr\/it\/wp-json\/wp\/v2\/product_cat?post=7685"},{"taxonomy":"product_tag","embeddable":true,"href":"https:\/\/laverteshop.fr\/it\/wp-json\/wp\/v2\/product_tag?post=7685"}],"curies":[{"name":"wp","href":"https:\/\/api.w.org\/{rel}","templated":true}]}}