{"id":20353,"date":"2025-09-13T09:15:00","date_gmt":"2025-09-13T07:15:00","guid":{"rendered":"https:\/\/laverteshop.fr\/?post_type=product&#038;p=20353"},"modified":"2026-04-13T14:24:16","modified_gmt":"2026-04-13T12:24:16","slug":"super-skunk-indoor-small","status":"publish","type":"product","link":"https:\/\/laverteshop.fr\/it\/prodotto\/super-skunk-indoor-small\/","title":{"rendered":"Super Skunk Indoor small"},"content":{"rendered":"<p>Alerte nouveaut\u00e9 ! Nous savons que vous adorez nos small buds, alors nous venons d&rsquo;ajouter un top produit \u00e0 notre collection : La Super Skunk Indoor small. Cette fleur provient d&rsquo;une culture en int\u00e9rieur, ce qui assure une qualit\u00e9 parfaite de fleur, car elles sont trait\u00e9es aux conditions parfaites de luminosit\u00e9, temp\u00e9rature et humidit\u00e9. Cette vari\u00e9t\u00e9 est \u00e9labor\u00e9e par des producteurs passionn\u00e9s et investis, pour assurer la plus haute qualit\u00e9 possible.<\/p>\n<p>La Super Skunk Indoor small est une fleur verte claire, pr\u00e9sent\u00e9e sous forme de petites t\u00eates tr\u00e8s faciles \u00e0 effriter, avec beaucoup de pistils blancs, ce qui montre que c&rsquo;est une vari\u00e9t\u00e9 tr\u00e8s pollinis\u00e9e. Elle provient d&rsquo;une g\u00e9n\u00e9tique de type Super Skunk, connue pour \u00eatre plut\u00f4t bois\u00e9e et puissante.<\/p>\n<p>Cette Super Skunk indoor small vous plaira \u00e0 coup s\u00fbr ! A ne pas rater.<\/p>\n<p>Ci\u00f2 che pi\u00f9 ci preme \u00e8 potervi fornire fiori e resine di eccellente valore, a prezzi accessibili e accettabili, e nel rispetto dei livelli autorizzati dalla CGUE (&lt;0,3% THC).<\/p>\n<p>Cosa si pu\u00f2 fare con questi prodotti? Infusi rilassanti per migliorare il sonno, pot-pourri per impregnare la casa di un profumo naturale, oppure, se lo desiderate, potete utilizzarli negli alimenti (insalate, salse, condimenti).<\/p>\n<p>Vi consigliamo di consultare il vostro medico, che sapr\u00e0 consigliarvi l'uso migliore del CBD.<\/p>\n<p>&nbsp;<\/p>\n<p>&nbsp;<\/p>\n<p>&nbsp;<\/p>\n<h6><\/h6>","protected":false},"excerpt":{"rendered":"<p>La fleur de CBD Super Skunk Indoor small provient d&rsquo;une culture en int\u00e9rieur, et est \u00e9labor\u00e9e par des producteurs passionn\u00e9s et investis, pour assurer la plus haute qualit\u00e9 possible.<\/p>\n<p>De jolies petites t\u00eates, une couleur claire, remplie de trichomes blancs qui nous montre une fleur tr\u00e8s pollinis\u00e9e. Une odeur florale et puissante se d\u00e9gage lors de l&rsquo;ouverture du sachet ainsi que lors de la consommation. La Super Skunk Indoor small a tout pour vous plaire, si vous \u00eates amateurs de mini buds \u00e0 bon prix et excellente qualit\u00e9.<\/p>\n<p>Un must try dans nos mini buds ! N&rsquo;attendez plus !<\/p>\n<ul>\n<li>Origine: Svizzera<\/li>\n<li>Vari\u00e9t\u00e9 : Skunk<\/li>\n<\/ul>\n<table style=\"border-collapse: collapse; width: 192px; height: 205px;\" border=\"1\">\n<tbody>\n<tr>\n<td style=\"width: 50%; text-align: center;\"><strong>THC<\/strong><\/td>\n<td style=\"width: 50%; text-align: center;\"><strong>0.27 %<\/strong><\/td>\n<\/tr>\n<tr>\n<td style=\"width: 50%; text-align: center;\"><strong>CBD<\/strong><\/td>\n<td style=\"width: 50%; text-align: center;\"><strong>18 %<\/strong><\/td>\n<\/tr>\n<tr>\n<td style=\"width: 50%; text-align: center;\"><strong>CBG<\/strong><\/td>\n<td style=\"width: 50%; text-align: center;\"><strong>n.n<\/strong><\/td>\n<\/tr>\n<tr>\n<td style=\"width: 50%; text-align: center;\"><b>La cultura<\/b><\/td>\n<td style=\"width: 50%; text-align: center;\"><strong>Interno<\/strong><\/td>\n<\/tr>\n<\/tbody>\n<\/table>","protected":false},"featured_media":20358,"comment_status":"open","ping_status":"closed","template":"","meta":{"inline_featured_image":false},"product_brand":[75],"product_cat":[58,253,258],"product_tag":[220,76,252],"class_list":{"0":"post-20353","1":"product","2":"type-product","3":"status-publish","4":"has-post-thumbnail","6":"product_brand-la-verte","7":"product_cat-fleurs","8":"product_cat-indoor","9":"product_cat-trim-minibuds-cbd","10":"product_tag-fleurs-cbd","11":"product_tag-indoor","12":"product_tag-mini-buds","14":"first","15":"instock","16":"taxable","17":"shipping-taxable","18":"purchasable","19":"product-type-variable"},"jetpack_sharing_enabled":true,"_links":{"self":[{"href":"https:\/\/laverteshop.fr\/it\/wp-json\/wp\/v2\/product\/20353","targetHints":{"allow":["GET"]}}],"collection":[{"href":"https:\/\/laverteshop.fr\/it\/wp-json\/wp\/v2\/product"}],"about":[{"href":"https:\/\/laverteshop.fr\/it\/wp-json\/wp\/v2\/types\/product"}],"replies":[{"embeddable":true,"href":"https:\/\/laverteshop.fr\/it\/wp-json\/wp\/v2\/comments?post=20353"}],"wp:featuredmedia":[{"embeddable":true,"href":"https:\/\/laverteshop.fr\/it\/wp-json\/wp\/v2\/media\/20358"}],"wp:attachment":[{"href":"https:\/\/laverteshop.fr\/it\/wp-json\/wp\/v2\/media?parent=20353"}],"wp:term":[{"taxonomy":"product_brand","embeddable":true,"href":"https:\/\/laverteshop.fr\/it\/wp-json\/wp\/v2\/product_brand?post=20353"},{"taxonomy":"product_cat","embeddable":true,"href":"https:\/\/laverteshop.fr\/it\/wp-json\/wp\/v2\/product_cat?post=20353"},{"taxonomy":"product_tag","embeddable":true,"href":"https:\/\/laverteshop.fr\/it\/wp-json\/wp\/v2\/product_tag?post=20353"}],"curies":[{"name":"wp","href":"https:\/\/api.w.org\/{rel}","templated":true}]}}