{"id":19540,"date":"2025-03-14T16:09:43","date_gmt":"2025-03-14T15:09:43","guid":{"rendered":"https:\/\/laverteshop.fr\/?post_type=product&#038;p=19540"},"modified":"2025-07-15T15:22:18","modified_gmt":"2025-07-15T13:22:18","slug":"arlecchino-indoor-cbd","status":"publish","type":"product","link":"https:\/\/laverteshop.fr\/it\/prodotto\/arlecchino-indoor-cbd\/","title":{"rendered":"Harlequin Indoor"},"content":{"rendered":"<p>Alerte nouveaut\u00e9 ! Excellente indoor qui vient s&rsquo;ajouter \u00e0 notre catalogue.<\/p>\n<p>La Harlequin indoor est une magnifique fleur de CBD pr\u00e9sent\u00e9e sous forme de buds de taille moyenne et tr\u00e8s compactes, et aux odeurs fruit\u00e9es bien pr\u00e9sentes. Cette Harlequin est issue d&rsquo;une culture indoor de qualit\u00e9, en Suisse, et issue de la souche originale de Harlequin. C&rsquo;est une fleur verte claire, fruit\u00e9e, et tr\u00e8s agr\u00e9able a consommer.<\/p>\n<p>Con un contenuto di CBD di 16%, vi rilasser\u00e0 sicuramente.<\/p>\n<p>I nostri prodotti sono certificati di qualit\u00e0 CBD svizzera. Ci\u00f2 che pi\u00f9 conta per noi \u00e8 potervi fornire fiori e resine di eccellente valore, a prezzi accessibili e accettabili, e nel rispetto dei livelli autorizzati dal CJEU (&lt;0,3% THC).<\/p>\n<p>Cosa si pu\u00f2 fare con questi prodotti? Infusi rilassanti per migliorare il sonno, pot-pourri per impregnare la casa di un profumo naturale, oppure, se lo desiderate, potete utilizzarli negli alimenti (insalate, salse, condimenti).<\/p>\n<p>Vi consigliamo di consultare il vostro medico, che sapr\u00e0 consigliarvi l'uso migliore del CBD.<\/p>","protected":false},"excerpt":{"rendered":"<p>Voici notre nouvelle fleur indoor, La Harlequin indoor. Cette vari\u00e9t\u00e9 mondialement connue dans le monde du cannabis est reconnaissable \u00e0 ses notes fruit\u00e9es et sa couleur claire. Cultiv\u00e9e en int\u00e9rieur, et donc aux conditions optimales pour avoir une fleur de la meilleure des qualit\u00e9, cette Harlequin ravira tous les amateurs d&rsquo;excellentes fleur de CBD.<\/p>\n<p>Elle est de taille moyenne, remplie de jolis trichomes orang\u00e9s, mais elle garde une belle couleur claire. Lors de l&rsquo;ouverture du sachet, le cot\u00e9 sucr\u00e9 de la souche Harlequin sera imm\u00e9diatement reconnaissable !<\/p>\n<p>E se vi sono piaciute le nostre ultime uscite, vedrete che la qualit\u00e0 \u00e8 sempre quella! Un prodotto da non perdere!<\/p>\n<table style=\"border-collapse: collapse; width: 192px; height: 205px;\" border=\"1\">\n<tbody>\n<tr>\n<td style=\"width: 50%; text-align: center;\"><strong>THC<\/strong><\/td>\n<td style=\"width: 50%; text-align: center;\"><strong>0.26 %<\/strong><\/td>\n<\/tr>\n<tr>\n<td style=\"width: 50%; text-align: center;\"><b>CBD<\/b><\/td>\n<td style=\"width: 50%; text-align: center;\"><strong>16 %<\/strong><\/td>\n<\/tr>\n<tr>\n<td style=\"width: 50%; text-align: center;\"><b>CBG<\/b><\/td>\n<td style=\"width: 50%; text-align: center;\"><strong>n.n<\/strong><\/td>\n<\/tr>\n<tr>\n<td style=\"width: 50%; text-align: center;\"><b>La cultura<\/b><\/td>\n<td style=\"width: 50%; text-align: center;\"><strong>Interno<\/strong><\/td>\n<\/tr>\n<\/tbody>\n<\/table>","protected":false},"featured_media":19544,"comment_status":"open","ping_status":"closed","template":"","meta":{"inline_featured_image":false},"product_brand":[75],"product_cat":[58,253],"product_tag":[220,299],"class_list":{"0":"post-19540","1":"product","2":"type-product","3":"status-publish","4":"has-post-thumbnail","6":"product_brand-la-verte","7":"product_cat-fleurs","8":"product_cat-indoor","9":"product_tag-fleurs-cbd","10":"product_tag-fleurs-indoor","12":"first","13":"instock","14":"taxable","15":"shipping-taxable","16":"purchasable","17":"product-type-variable"},"jetpack_sharing_enabled":true,"_links":{"self":[{"href":"https:\/\/laverteshop.fr\/it\/wp-json\/wp\/v2\/product\/19540","targetHints":{"allow":["GET"]}}],"collection":[{"href":"https:\/\/laverteshop.fr\/it\/wp-json\/wp\/v2\/product"}],"about":[{"href":"https:\/\/laverteshop.fr\/it\/wp-json\/wp\/v2\/types\/product"}],"replies":[{"embeddable":true,"href":"https:\/\/laverteshop.fr\/it\/wp-json\/wp\/v2\/comments?post=19540"}],"wp:featuredmedia":[{"embeddable":true,"href":"https:\/\/laverteshop.fr\/it\/wp-json\/wp\/v2\/media\/19544"}],"wp:attachment":[{"href":"https:\/\/laverteshop.fr\/it\/wp-json\/wp\/v2\/media?parent=19540"}],"wp:term":[{"taxonomy":"product_brand","embeddable":true,"href":"https:\/\/laverteshop.fr\/it\/wp-json\/wp\/v2\/product_brand?post=19540"},{"taxonomy":"product_cat","embeddable":true,"href":"https:\/\/laverteshop.fr\/it\/wp-json\/wp\/v2\/product_cat?post=19540"},{"taxonomy":"product_tag","embeddable":true,"href":"https:\/\/laverteshop.fr\/it\/wp-json\/wp\/v2\/product_tag?post=19540"}],"curies":[{"name":"wp","href":"https:\/\/api.w.org\/{rel}","templated":true}]}}