{"id":19427,"date":"2025-02-25T16:34:26","date_gmt":"2025-02-25T15:34:26","guid":{"rendered":"https:\/\/laverteshop.fr\/?post_type=product&#038;p=19427"},"modified":"2025-09-21T23:07:42","modified_gmt":"2025-09-21T21:07:42","slug":"re-hassan-cpm","status":"publish","type":"product","link":"https:\/\/laverteshop.fr\/it\/prodotto\/re-hassan-cpm\/","title":{"rendered":"Re Hassan CPM"},"content":{"rendered":"<p>Un nuovo prodotto molecolare! Re Hassan CPM<\/p>\n<p>Qu&rsquo;est ce que le CPM ? Le CPM est un n\u00e9o cannabino\u00efde tout r\u00e9cent, et trouv\u00e9 par des chimistes qui travaillent depuis plusieurs ann\u00e9es sur les mol\u00e9cules de cannabis et de chanvre. Apr\u00e8s le HHC, le THCP,le H4CBD, le HHCPO, et le 10-OH-HHC, tous interdits, le CPM est LA SEULE MOL\u00c9CULE l\u00e9gale du march\u00e9, et qui donne un effet euphorisant lors de la consommation.<\/p>\n<p>Cette mol\u00e9cule vous relaxera davantage que le CBD normal, et vous procurera des effets euphorisants rapides et courts. C&rsquo;est clairement la meilleure alternative au THC possible.<\/p>\n<p>Le King Hassan CPM est un hash que vous connaissez s\u00fbrement tr\u00e8s bien car nous l&rsquo;avons d\u00e9j\u00e0 en CBD. Une r\u00e9sine moelleuse, pas trop huileuse, et aux notes poivr\u00e9es bien reconnaissables. Il y a un ajout de 10% de distillat CPM lors de la pr\u00e9paration, et qui vous procurera une excellente relaxation et un \u00ab\u00a0high\u00a0\u00bb int\u00e9ressant.<\/p>\n<p>Ci\u00f2 che pi\u00f9 ci preme \u00e8 potervi fornire fiori e resine di eccellente valore, a prezzi accessibili e accettabili, e nel rispetto dei livelli autorizzati dalla CGUE (&lt;0,3% THC).<\/p>\n<p>Cosa si pu\u00f2 fare con questi prodotti? Infusi rilassanti per migliorare il sonno, pot-pourri per impregnare la casa di un profumo naturale, oppure, se lo desiderate, potete utilizzarli negli alimenti (insalate, salse, condimenti).<\/p>\n<p>Nous vous conseillons de consulter l\u2019avis votre m\u00e9decin, qui pourra vous conseiller le meilleur usage pour votre CBD. De plus, nous vous rappelons qu&rsquo;il est strictement interdit de consommer du CPM avant de conduire.<\/p>\n<p><strong>NOTA IMPORTANTE:<\/strong> Nos r\u00e9sines et hash sont pr\u00e9par\u00e9s dans des laboratoires certifi\u00e9s, avec des proc\u00e9d\u00e9s et techniques qui appartiennent seulement aux producteurs avec qui nous travaillons. La texture et l&rsquo;odeur des produits peuvent donc changer d&rsquo;une r\u00e9colte \u00e0 une autre, d\u00e9pendant aussi de la fleur utilis\u00e9e. Si vous avez un probl\u00e8me avec un produit, contactez nous \u00e0 <a href=\"mailto:contact@laverteshop.fr\">contact@laverteshop.fr<\/a> e troveremo una soluzione che vi soddisfi. Grazie per la vostra comprensione.<\/p>","protected":false},"excerpt":{"rendered":"<p>La mol\u00e9cule CPM est LA nouvelle mol\u00e9cule euphorisante et 100% l\u00e9gale ! Cr\u00e9e par des chimistes professionnels du chanvre et du cannabis, c&rsquo;est une mol\u00e9cule qui procure un \u00ab\u00a0high\u00a0\u00bb non n\u00e9gligeable.<\/p>\n<p>Questo King Hassan CPM \u00e8 un hashish pastoso e scuro, che abbiamo anche in CBD (<a href=\"https:\/\/laverteshop.fr\/it\/prodotto\/re-hassan\/\">Re Hassan CBD<\/a>). Moelleux, facile \u00e0 utiliser, et tr\u00e8s floral et poivr\u00e9 lors de la consommation, c&rsquo;est une r\u00e9sine qui vous ravira par ses saveurs d&rsquo;antan, et son effet int\u00e9ressant.<\/p>\n<ul>\n<li>Fonte: Polline dei fiori di appartamento<\/li>\n<li>Effetti: Potente ed euforico<\/li>\n<\/ul>\n<table style=\"border-collapse: collapse; width: 192px; height: 205px;\" border=\"1\">\n<tbody>\n<tr>\n<td style=\"width: 50%; text-align: center;\"><strong>THC<\/strong><\/td>\n<td style=\"width: 50%; text-align: center;\"><strong>0.28 %<\/strong><\/td>\n<\/tr>\n<tr>\n<td style=\"width: 50%; text-align: center;\"><strong>CBD<\/strong><\/td>\n<td style=\"width: 50%; text-align: center;\"><strong>25 %<\/strong><\/td>\n<\/tr>\n<tr>\n<td style=\"width: 50%; text-align: center;\"><b>CPM<\/b><\/td>\n<td style=\"width: 50%; text-align: center;\"><strong>10 %<\/strong><\/td>\n<\/tr>\n<tr>\n<td style=\"width: 50%; text-align: center;\"><b>La cultura<\/b><\/td>\n<td style=\"width: 50%; text-align: center;\"><strong>Interno<\/strong><\/td>\n<\/tr>\n<\/tbody>\n<\/table>\n<p>&nbsp;<\/p>","protected":false},"featured_media":19431,"comment_status":"open","ping_status":"closed","template":"","meta":{"inline_featured_image":false},"product_brand":[75],"product_cat":[304,59],"product_tag":[303,244,230],"class_list":{"0":"post-19427","1":"product","2":"type-product","3":"status-publish","4":"has-post-thumbnail","6":"product_brand-la-verte","7":"product_cat-produits-puissants","8":"product_cat-pollens","9":"product_tag-cpm","10":"product_tag-hash","11":"product_tag-resines","13":"first","14":"outofstock","15":"taxable","16":"shipping-taxable","17":"purchasable","18":"product-type-variable"},"jetpack_sharing_enabled":true,"_links":{"self":[{"href":"https:\/\/laverteshop.fr\/it\/wp-json\/wp\/v2\/product\/19427","targetHints":{"allow":["GET"]}}],"collection":[{"href":"https:\/\/laverteshop.fr\/it\/wp-json\/wp\/v2\/product"}],"about":[{"href":"https:\/\/laverteshop.fr\/it\/wp-json\/wp\/v2\/types\/product"}],"replies":[{"embeddable":true,"href":"https:\/\/laverteshop.fr\/it\/wp-json\/wp\/v2\/comments?post=19427"}],"wp:featuredmedia":[{"embeddable":true,"href":"https:\/\/laverteshop.fr\/it\/wp-json\/wp\/v2\/media\/19431"}],"wp:attachment":[{"href":"https:\/\/laverteshop.fr\/it\/wp-json\/wp\/v2\/media?parent=19427"}],"wp:term":[{"taxonomy":"product_brand","embeddable":true,"href":"https:\/\/laverteshop.fr\/it\/wp-json\/wp\/v2\/product_brand?post=19427"},{"taxonomy":"product_cat","embeddable":true,"href":"https:\/\/laverteshop.fr\/it\/wp-json\/wp\/v2\/product_cat?post=19427"},{"taxonomy":"product_tag","embeddable":true,"href":"https:\/\/laverteshop.fr\/it\/wp-json\/wp\/v2\/product_tag?post=19427"}],"curies":[{"name":"wp","href":"https:\/\/api.w.org\/{rel}","templated":true}]}}