{"id":18836,"date":"2024-09-27T16:59:14","date_gmt":"2024-09-27T14:59:14","guid":{"rendered":"https:\/\/laverteshop.fr\/?post_type=product&#038;p=18836"},"modified":"2025-11-11T11:08:55","modified_gmt":"2025-11-11T10:08:55","slug":"kannacheese-serra-t-p-14","status":"publish","type":"product","link":"https:\/\/laverteshop.fr\/it\/prodotto\/kannacheese-serra-t-p-14\/","title":{"rendered":"Crema di biscotti per interni"},"content":{"rendered":"<p>Alerte nouveaut\u00e9 ! Top indoor qui vient s&rsquo;ajouter \u00e0 notre catalogue<\/p>\n<p>Cette Cookie Cream indoor est une vari\u00e9t\u00e9 tr\u00e8s verte, aux odeurs plut\u00f4t naturelles et bois\u00e9es. De tr\u00e8s gros pompons, bien compacts, l\u00e9g\u00e8rement huileux, et absolument magnifiques. Vous apercevrez \u00e9galement des trichomes blanc, qui montre que c&rsquo;est une fleur bien pollinis\u00e9e.<\/p>\n<p>Quando viene consumata, i suoi 22% di CBD si fanno sentire, per un fiore rilassante e calmante.<\/p>\n<p>I nostri prodotti sono certificati di qualit\u00e0 CBD svizzera. Ci\u00f2 che pi\u00f9 conta per noi \u00e8 potervi fornire fiori e resine di eccellente valore, a prezzi accessibili e accettabili, e nel rispetto dei livelli autorizzati dal CJEU (&lt;0,3% THC).<\/p>\n<p>Cosa si pu\u00f2 fare con questi prodotti? Infusi rilassanti per migliorare il sonno, pot-pourri per impregnare la casa di un profumo naturale, oppure, se lo desiderate, potete utilizzarli negli alimenti (insalate, salse, condimenti).<\/p>\n<p>Vi consigliamo di consultare il vostro medico, che sapr\u00e0 consigliarvi l'uso migliore del CBD.<\/p>","protected":false},"excerpt":{"rendered":"<p>Alerte nouveaut\u00e9 top qualit\u00e9 ! La Cookie Cream indoor va vous ravir, si vous aimez les fleurs indoors de caract\u00e8re. Cultiv\u00e9e aux conditions parfaites, cette fleur est d&rsquo;un vert plut\u00f4t sombre.<\/p>\n<p>Elle est grosse, compacte, et des notes naturelles et bois\u00e9es ressortent lors de l&rsquo;ouverture du sachet.<\/p>\n<p>Tricomi bianchi sulla superficie, che derivano dalla sua coltivazione indoor. Durante la combustione, effetti significativi grazie ai suoi 22% di CBD.<\/p>\n<p>A l&rsquo;ouverture du sachet, vous serez surpris par la force de son odeur, et aurez rapidement envie de la consommer.<\/p>\n<p>E se vi sono piaciute le nostre ultime uscite, vedrete che la qualit\u00e0 \u00e8 sempre quella! Un prodotto da non perdere!<\/p>\n<table style=\"border-collapse: collapse; width: 192px; height: 205px;\" border=\"1\">\n<tbody>\n<tr>\n<td style=\"width: 50%; text-align: center;\"><strong>THC<\/strong><\/td>\n<td style=\"width: 50%; text-align: center;\"><strong>0.28 %<\/strong><\/td>\n<\/tr>\n<tr>\n<td style=\"width: 50%; text-align: center;\"><b>CBD<\/b><\/td>\n<td style=\"width: 50%; text-align: center;\"><strong>22 %<\/strong><\/td>\n<\/tr>\n<tr>\n<td style=\"width: 50%; text-align: center;\"><b>CBG<\/b><\/td>\n<td style=\"width: 50%; text-align: center;\"><strong>n.n<\/strong><\/td>\n<\/tr>\n<tr>\n<td style=\"width: 50%; text-align: center;\"><b>La cultura<\/b><\/td>\n<td style=\"width: 50%; text-align: center;\"><strong>Interno<\/strong><\/td>\n<\/tr>\n<\/tbody>\n<\/table>","protected":false},"featured_media":18840,"comment_status":"open","ping_status":"closed","template":"","meta":{"inline_featured_image":false},"product_brand":[75],"product_cat":[58,253],"product_tag":[220,299],"class_list":{"0":"post-18836","1":"product","2":"type-product","3":"status-publish","4":"has-post-thumbnail","6":"product_brand-la-verte","7":"product_cat-fleurs","8":"product_cat-indoor","9":"product_tag-fleurs-cbd","10":"product_tag-fleurs-indoor","12":"first","13":"instock","14":"taxable","15":"shipping-taxable","16":"purchasable","17":"product-type-variable"},"jetpack_sharing_enabled":true,"_links":{"self":[{"href":"https:\/\/laverteshop.fr\/it\/wp-json\/wp\/v2\/product\/18836","targetHints":{"allow":["GET"]}}],"collection":[{"href":"https:\/\/laverteshop.fr\/it\/wp-json\/wp\/v2\/product"}],"about":[{"href":"https:\/\/laverteshop.fr\/it\/wp-json\/wp\/v2\/types\/product"}],"replies":[{"embeddable":true,"href":"https:\/\/laverteshop.fr\/it\/wp-json\/wp\/v2\/comments?post=18836"}],"wp:featuredmedia":[{"embeddable":true,"href":"https:\/\/laverteshop.fr\/it\/wp-json\/wp\/v2\/media\/18840"}],"wp:attachment":[{"href":"https:\/\/laverteshop.fr\/it\/wp-json\/wp\/v2\/media?parent=18836"}],"wp:term":[{"taxonomy":"product_brand","embeddable":true,"href":"https:\/\/laverteshop.fr\/it\/wp-json\/wp\/v2\/product_brand?post=18836"},{"taxonomy":"product_cat","embeddable":true,"href":"https:\/\/laverteshop.fr\/it\/wp-json\/wp\/v2\/product_cat?post=18836"},{"taxonomy":"product_tag","embeddable":true,"href":"https:\/\/laverteshop.fr\/it\/wp-json\/wp\/v2\/product_tag?post=18836"}],"curies":[{"name":"wp","href":"https:\/\/api.w.org\/{rel}","templated":true}]}}