{"id":18066,"date":"2024-05-23T16:29:53","date_gmt":"2024-05-23T14:29:53","guid":{"rendered":"https:\/\/laverteshop.fr\/?post_type=product&#038;p=18066"},"modified":"2025-07-11T10:22:20","modified_gmt":"2025-07-11T08:22:20","slug":"ocb-king-size-slim-organico-canapa-2","status":"publish","type":"product","link":"https:\/\/laverteshop.fr\/it\/prodotto\/ocb-king-size-slim-organico-canapa-2\/","title":{"rendered":"OCB Bamboo King Size Slim Papers"},"content":{"rendered":"<div>OCB presenta una carta per sigarette prodotta con bamb\u00f9 100%.<\/div>\n<div><\/div>\n<div>Il bamb\u00f9 \u00e8 una delle materie prime rapidamente rinnovabili e la carta che se ne ricava \u00e8 caratterizzata da flessibilit\u00e0 e resistenza allo strappo.<\/div>\n<div>Ogni libretto contiene 32 carte di bamb\u00f9 molto fini, non sbiancate, che bruciano in modo uniforme.<\/div>\n<div>Questo prodotto \u00e8 vegano e realizzato in Francia.<\/div>\n<div><\/div>\n<div>Propriet\u00e0:<\/div>\n<div><\/div>\n<div>- Formato carta: 44 x 109 mm<\/div>\n<div>- Non sbiancato e senza coloranti<\/div>\n<div>- 32 articoli per libretto<\/div>\n<div>- 50 libretti per scatola (= 1 unit\u00e0)<\/div>\n<div>- 50 scatole per mastercase<\/div>\n<p>&nbsp;<\/p>","protected":false},"excerpt":{"rendered":"<h2>OCB Bamboo King Size Slim Papers<\/h2>\n<p>OCB presenta una carta per sigarette prodotta con bamb\u00f9 100%.<\/p>\n<p>Un prodotto vegano realizzato in Francia. Un must per tutti gli appassionati di foglie non sbiancate di qualit\u00e0.<\/p>\n<p>Sono prodotti con canapa biologica non sbiancata e non contengono sostanze chimiche (come il cloruro).<\/p>\n<ul>\n<li>Formato carta: 44 x 109 mm<\/li>\n<li>Non sbiancato e senza coloranti<\/li>\n<li>32 fogli per confezione<\/li>\n<\/ul>","protected":false},"featured_media":18068,"comment_status":"open","ping_status":"closed","template":"","meta":{"inline_featured_image":false},"product_brand":[224],"product_cat":[196,61],"product_tag":[217],"class_list":{"0":"post-18066","1":"product","2":"type-product","3":"status-publish","4":"has-post-thumbnail","6":"product_brand-ocb","7":"product_cat-feuilles-a-rouler","8":"product_cat-accessoires","9":"product_tag-feuilles","11":"first","12":"instock","13":"taxable","14":"shipping-taxable","15":"purchasable","16":"product-type-simple"},"jetpack_sharing_enabled":true,"_links":{"self":[{"href":"https:\/\/laverteshop.fr\/it\/wp-json\/wp\/v2\/product\/18066","targetHints":{"allow":["GET"]}}],"collection":[{"href":"https:\/\/laverteshop.fr\/it\/wp-json\/wp\/v2\/product"}],"about":[{"href":"https:\/\/laverteshop.fr\/it\/wp-json\/wp\/v2\/types\/product"}],"replies":[{"embeddable":true,"href":"https:\/\/laverteshop.fr\/it\/wp-json\/wp\/v2\/comments?post=18066"}],"wp:featuredmedia":[{"embeddable":true,"href":"https:\/\/laverteshop.fr\/it\/wp-json\/wp\/v2\/media\/18068"}],"wp:attachment":[{"href":"https:\/\/laverteshop.fr\/it\/wp-json\/wp\/v2\/media?parent=18066"}],"wp:term":[{"taxonomy":"product_brand","embeddable":true,"href":"https:\/\/laverteshop.fr\/it\/wp-json\/wp\/v2\/product_brand?post=18066"},{"taxonomy":"product_cat","embeddable":true,"href":"https:\/\/laverteshop.fr\/it\/wp-json\/wp\/v2\/product_cat?post=18066"},{"taxonomy":"product_tag","embeddable":true,"href":"https:\/\/laverteshop.fr\/it\/wp-json\/wp\/v2\/product_tag?post=18066"}],"curies":[{"name":"wp","href":"https:\/\/api.w.org\/{rel}","templated":true}]}}