{"id":16942,"date":"2023-12-07T16:00:53","date_gmt":"2023-12-07T15:00:53","guid":{"rendered":"https:\/\/laverteshop.fr\/?post_type=product&#038;p=16942"},"modified":"2026-04-07T19:55:19","modified_gmt":"2026-04-07T17:55:19","slug":"jack-frost-serra","status":"publish","type":"product","link":"https:\/\/laverteshop.fr\/it\/prodotto\/jack-frost-serra\/","title":{"rendered":"Serra Jack Frost"},"content":{"rendered":"<p>La fleur de CBD Jack Frost Greenhouse provient d&rsquo;une culture sous serre, serres qui se trouvent dans le canton de Fribourg, ou la temp\u00e9rature et la m\u00e9t\u00e9o sont propices \u00e0 la culture. Peu d&rsquo;humidit\u00e9, un soleil bien pr\u00e9sent et des temp\u00e9ratures temp\u00e9r\u00e9es.<\/p>\n<p>La vari\u00e9t\u00e9 Jack Frost Greenhouse correspond bien \u00e0 son nom. Une fleur d&rsquo;un vert plut\u00f4t clair, typique de cette vari\u00e9t\u00e9, avec de jolis pistils de pollen blanc. Elle ressemble \u00e0 une fleur hydro. et plaira \u00e0 tous nos clients qui aiment les fleurs de type cryo ou hydro. Vous trouverez de grosses fleurs, croustillantes et facile d&rsquo;utilisation. Un go\u00fbt naturel et bois\u00e9 se fera ressentir lors de la consommation. A ne pas rater !<\/p>\n<p>Ci\u00f2 che pi\u00f9 ci preme \u00e8 potervi fornire fiori e resine di eccellente valore, a prezzi accessibili e accettabili, e nel rispetto dei livelli autorizzati dalla CGUE (&lt;0,3% THC).<\/p>\n<p>Cosa si pu\u00f2 fare con questi prodotti? Infusi rilassanti per migliorare il sonno, pot-pourri per impregnare la casa di un profumo naturale, oppure, se lo desiderate, potete utilizzarli negli alimenti (insalate, salse, condimenti).<\/p>\n<p>Vi consigliamo di consultare il vostro medico, che sapr\u00e0 consigliarvi l'uso migliore del CBD.<\/p>\n<p>&nbsp;<\/p>\n<p>&nbsp;<\/p>\n<p>&nbsp;<\/p>\n<h6><\/h6>","protected":false},"excerpt":{"rendered":"<p>Cette Jack Frost Greenhouse provient d&rsquo;une culture sous serre, serres qui se trouvent dans le canton du Valais, ou la temp\u00e9rature et la m\u00e9t\u00e9o sont propices \u00e0 la culture.<\/p>\n<p>Un magnifico fiore verde chiaro e una manicure di alta qualit\u00e0 (fatta a mano da noi). La particolarit\u00e0 di questo Jack Frost Greenhouse \u00e8 la sua sensazione di idroelettricit\u00e0, che piace a tutti. Con un sapore legnoso e naturale che la distingue da tutte le altre, vi piacer\u00e0 sicuramente.<\/p>\n<table style=\"border-collapse: collapse; width: 192px; height: 205px;\" border=\"1\">\n<tbody>\n<tr>\n<td style=\"width: 50%; text-align: center;\"><strong>THC<\/strong><\/td>\n<td style=\"width: 50%; text-align: center;\"><strong>0.28 %<\/strong><\/td>\n<\/tr>\n<tr>\n<td style=\"width: 50%; text-align: center;\"><strong>CBD<\/strong><\/td>\n<td style=\"width: 50%; text-align: center;\"><strong>16 %<\/strong><\/td>\n<\/tr>\n<tr>\n<td style=\"width: 50%; text-align: center;\"><strong>CBG<\/strong><\/td>\n<td style=\"width: 50%; text-align: center;\"><strong>n.n<\/strong><\/td>\n<\/tr>\n<tr>\n<td style=\"width: 50%; text-align: center;\"><b>La cultura<\/b><\/td>\n<td style=\"width: 50%; text-align: center;\"><strong>serra<\/strong><\/td>\n<\/tr>\n<\/tbody>\n<\/table>","protected":false},"featured_media":19538,"comment_status":"open","ping_status":"closed","template":"","meta":{"inline_featured_image":false},"product_brand":[75],"product_cat":[58,255],"product_tag":[220,227],"class_list":{"0":"post-16942","1":"product","2":"type-product","3":"status-publish","4":"has-post-thumbnail","6":"product_brand-la-verte","7":"product_cat-fleurs","8":"product_cat-greenhouse","9":"product_tag-fleurs-cbd","10":"product_tag-greenhouse","12":"first","13":"instock","14":"taxable","15":"shipping-taxable","16":"purchasable","17":"product-type-variable"},"jetpack_sharing_enabled":true,"_links":{"self":[{"href":"https:\/\/laverteshop.fr\/it\/wp-json\/wp\/v2\/product\/16942","targetHints":{"allow":["GET"]}}],"collection":[{"href":"https:\/\/laverteshop.fr\/it\/wp-json\/wp\/v2\/product"}],"about":[{"href":"https:\/\/laverteshop.fr\/it\/wp-json\/wp\/v2\/types\/product"}],"replies":[{"embeddable":true,"href":"https:\/\/laverteshop.fr\/it\/wp-json\/wp\/v2\/comments?post=16942"}],"wp:featuredmedia":[{"embeddable":true,"href":"https:\/\/laverteshop.fr\/it\/wp-json\/wp\/v2\/media\/19538"}],"wp:attachment":[{"href":"https:\/\/laverteshop.fr\/it\/wp-json\/wp\/v2\/media?parent=16942"}],"wp:term":[{"taxonomy":"product_brand","embeddable":true,"href":"https:\/\/laverteshop.fr\/it\/wp-json\/wp\/v2\/product_brand?post=16942"},{"taxonomy":"product_cat","embeddable":true,"href":"https:\/\/laverteshop.fr\/it\/wp-json\/wp\/v2\/product_cat?post=16942"},{"taxonomy":"product_tag","embeddable":true,"href":"https:\/\/laverteshop.fr\/it\/wp-json\/wp\/v2\/product_tag?post=16942"}],"curies":[{"name":"wp","href":"https:\/\/api.w.org\/{rel}","templated":true}]}}