{"id":16612,"date":"2023-10-26T16:19:47","date_gmt":"2023-10-26T14:19:47","guid":{"rendered":"https:\/\/laverteshop.fr\/?post_type=product&#038;p=16612"},"modified":"2025-07-15T16:02:01","modified_gmt":"2025-07-15T14:02:01","slug":"serra-profonda","status":"publish","type":"product","link":"https:\/\/laverteshop.fr\/it\/prodotto\/serra-profonda\/","title":{"rendered":"Serra Deep Candy"},"content":{"rendered":"<p>La fleur de CBD Deep Candy Greenhouse provient d&rsquo;une culture sous serre, serres qui se trouvent dans le canton du Valais, ou la temp\u00e9rature et la m\u00e9t\u00e9o sont propices \u00e0 la culture. Peu d&rsquo;humidit\u00e9, un soleil bien pr\u00e9sent et des temp\u00e9ratures temp\u00e9r\u00e9es. Une particularit\u00e9 qui fait que cette fleur est d&rsquo;excellente qualit\u00e9, c&rsquo;est que c&rsquo;est une culture sous serre mais avec lampes, et donc une luminosit\u00e9 plus forte, qui permet de donner une fleur de top qualit\u00e9<\/p>\n<p>Une fleur plut\u00f4t verte fonc\u00e9, et une manucure travaill\u00e9e \u00e0 la perfection. Cette Deep Candy Greenhouse est une fleur humide, qui a de des aromes tr\u00e8s pr\u00e9sents lorsque vous l&rsquo;utilisez. De grosses fleurs bien compactes (entre 3 et 6 cm) qui raviront les amateurs de fleurs sous serre bien odorantes et puissantes.<\/p>\n<p>Ci\u00f2 che pi\u00f9 ci preme \u00e8 potervi fornire fiori e resine di eccellente valore, a prezzi accessibili e accettabili, e nel rispetto dei livelli autorizzati dalla CGUE (&lt;0,3% THC).<\/p>\n<p>Cosa si pu\u00f2 fare con questi prodotti? Infusi rilassanti per migliorare il sonno, pot-pourri per impregnare la casa di un profumo naturale, oppure, se lo desiderate, potete utilizzarli negli alimenti (insalate, salse, condimenti).<\/p>\n<p>Vi consigliamo di consultare il vostro medico, che sapr\u00e0 consigliarvi l'uso migliore del CBD.<\/p>\n<p>&nbsp;<\/p>\n<p>&nbsp;<\/p>\n<p>&nbsp;<\/p>\n<h6><\/h6>","protected":false},"excerpt":{"rendered":"<p>Cette Deep Candy Greenhouse provient d&rsquo;une culture sous serre, serres qui se trouvent dans le canton du Valais, ou la temp\u00e9rature et la m\u00e9t\u00e9o sont propices \u00e0 la culture. La particularit\u00e9 qui rend cette fleur d&rsquo;excellente qualit\u00e9 est que sous ces serres, il y a des lampes, et donc une luminosit\u00e9 meilleure lors de la culture.<\/p>\n<p>Un magnifico fiore verde intenso e una manicure di alta qualit\u00e0 (fatta a mano da noi). La particolarit\u00e0 di questo Deep Candy Greenhouse \u00e8 il suo profumo, un mix leggermente fruttato e legnoso che piacer\u00e0 agli appassionati di fiori di serra. A partire da soli 3 euro al grammo, diventer\u00e0 sicuramente il vostro nuovo fiore preferito!<\/p>\n<ul>\n<li>Coltivazione: sotto vetro<\/li>\n<\/ul>\n<table style=\"border-collapse: collapse; width: 192px; height: 205px;\" border=\"1\">\n<tbody>\n<tr>\n<td style=\"width: 50%; text-align: center;\"><strong>THC<\/strong><\/td>\n<td style=\"width: 50%; text-align: center;\"><strong>0.26 %<\/strong><\/td>\n<\/tr>\n<tr>\n<td style=\"width: 50%; text-align: center;\"><strong>CBD<\/strong><\/td>\n<td style=\"width: 50%; text-align: center;\"><strong>15 %<\/strong><\/td>\n<\/tr>\n<tr>\n<td style=\"width: 50%; text-align: center;\"><strong>CBG<\/strong><\/td>\n<td style=\"width: 50%; text-align: center;\"><strong>n.n<\/strong><\/td>\n<\/tr>\n<tr>\n<td style=\"width: 50%; text-align: center;\"><b>La cultura<\/b><\/td>\n<td style=\"width: 50%; text-align: center;\"><strong>serra<\/strong><\/td>\n<\/tr>\n<\/tbody>\n<\/table>","protected":false},"featured_media":16617,"comment_status":"open","ping_status":"closed","template":"","meta":{"inline_featured_image":false},"product_brand":[75],"product_cat":[58,255],"product_tag":[220,227],"class_list":{"0":"post-16612","1":"product","2":"type-product","3":"status-publish","4":"has-post-thumbnail","6":"product_brand-la-verte","7":"product_cat-fleurs","8":"product_cat-greenhouse","9":"product_tag-fleurs-cbd","10":"product_tag-greenhouse","12":"first","13":"instock","14":"taxable","15":"shipping-taxable","16":"purchasable","17":"product-type-variable"},"jetpack_sharing_enabled":true,"_links":{"self":[{"href":"https:\/\/laverteshop.fr\/it\/wp-json\/wp\/v2\/product\/16612","targetHints":{"allow":["GET"]}}],"collection":[{"href":"https:\/\/laverteshop.fr\/it\/wp-json\/wp\/v2\/product"}],"about":[{"href":"https:\/\/laverteshop.fr\/it\/wp-json\/wp\/v2\/types\/product"}],"replies":[{"embeddable":true,"href":"https:\/\/laverteshop.fr\/it\/wp-json\/wp\/v2\/comments?post=16612"}],"wp:featuredmedia":[{"embeddable":true,"href":"https:\/\/laverteshop.fr\/it\/wp-json\/wp\/v2\/media\/16617"}],"wp:attachment":[{"href":"https:\/\/laverteshop.fr\/it\/wp-json\/wp\/v2\/media?parent=16612"}],"wp:term":[{"taxonomy":"product_brand","embeddable":true,"href":"https:\/\/laverteshop.fr\/it\/wp-json\/wp\/v2\/product_brand?post=16612"},{"taxonomy":"product_cat","embeddable":true,"href":"https:\/\/laverteshop.fr\/it\/wp-json\/wp\/v2\/product_cat?post=16612"},{"taxonomy":"product_tag","embeddable":true,"href":"https:\/\/laverteshop.fr\/it\/wp-json\/wp\/v2\/product_tag?post=16612"}],"curies":[{"name":"wp","href":"https:\/\/api.w.org\/{rel}","templated":true}]}}