{"id":15797,"date":"2023-07-04T17:16:49","date_gmt":"2023-07-04T15:16:49","guid":{"rendered":"https:\/\/laverteshop.fr\/?post_type=product&#038;p=15797"},"modified":"2026-03-02T20:10:50","modified_gmt":"2026-03-02T19:10:50","slug":"charas-rouge","status":"publish","type":"product","link":"https:\/\/laverteshop.fr\/it\/prodotto\/charas-rouge\/","title":{"rendered":"Charas Rosso Biologico Esclusivo"},"content":{"rendered":"<p><span style=\"font-size: 14.4px;\">Charas Rouge BIO \u00e8 l'ultima novit\u00e0 del nostro catalogo di hashish. Una superba resina compatta, piuttosto umida, ma molto facile da consumare.<\/span><\/p>\n<p><span style=\"font-size: 14.4px;\">C&rsquo;est un hash tr\u00e8s aromatique, et extr\u00eamement mall\u00e9able. Il vous sera facile de le consommer, avec ou sans combustion lors de la pr\u00e9paration.<\/span><\/p>\n<p>Ce Charas Rouge a un taux de CBD de 25%. Ce qui n&rsquo;est pas n\u00e9gligeable et qui vous procurera une relaxation qui ne passera pas inaper\u00e7ue.<\/p>\n<p>I nostri prodotti sono certificati di qualit\u00e0 CBD svizzera. Ci\u00f2 che pi\u00f9 conta per noi \u00e8 potervi fornire fiori e resine di eccellente valore, a prezzi accessibili e accettabili, e nel rispetto dei livelli autorizzati dal CJEU (&lt;0,3% THC).<\/p>\n<p>Cosa si pu\u00f2 fare con questi prodotti? Infusi rilassanti per migliorare il sonno, pot-pourri per impregnare la casa di un profumo naturale, oppure, se lo desiderate, potete utilizzarli negli alimenti (insalate, salse, condimenti).<\/p>\n<p><strong>NOTA IMPORTANTE:<\/strong> Nos r\u00e9sines et hash sont pr\u00e9par\u00e9s dans des laboratoires certifi\u00e9s, avec des proc\u00e9d\u00e9s et techniques qui appartiennent seulement aux producteurs avec qui nous travaillons. La texture et l&rsquo;odeur des produits peuvent donc changer d&rsquo;une r\u00e9colte \u00e0 une autre, d\u00e9pendant aussi de la fleur utilis\u00e9e. Si vous avez un probl\u00e8me avec un produit, contactez nous \u00e0 <a href=\"mailto:contact@laverteshop.fr\">contact@laverteshop.fr<\/a> e troveremo una soluzione che vi soddisfi. Grazie per la vostra comprensione.<\/p>\n<p>Vi consigliamo di consultare il vostro medico, che sapr\u00e0 consigliarvi l'uso migliore del CBD.<\/p>","protected":false},"excerpt":{"rendered":"<p>Scoprite il nostro nuovissimo Charas Rouge BIO, una straordinaria aggiunta alla nostra gamma di hashish. Questa resina eccezionale, pastosa e intensamente aromatica, si spinge oltre i confini della perfezione. Realizzato con fiori biologici svizzeri di altissima qualit\u00e0 (Fragola, Mirtillo e CBG), questo hashish \u00e8 accuratamente coltivato al chiuso nel cantone di Berna.<\/p>\n<p>Immergetevi in un'esperienza di assoluto relax con questa resina dall'impareggiabile potere rilassante. Il suo gusto pronunciato la rende una scelta imperdibile per gli amanti del buon hashish. Non lasciatevi sfuggire questa opportunit\u00e0: il vostro palato vi ringrazier\u00e0.<\/p>\n<ul>\n<li>Origine : Svizzera<\/li>\n<li>Effetti: rilassante<\/li>\n<\/ul>\n<table style=\"border-collapse: collapse; width: 192px; height: 205px;\" border=\"1\">\n<tbody>\n<tr>\n<td style=\"width: 50%; text-align: center;\"><strong>THC<\/strong><\/td>\n<td style=\"width: 50%; text-align: center;\"><strong>0,3% &lt;<\/strong><\/td>\n<\/tr>\n<tr>\n<td style=\"width: 50%; text-align: center;\"><strong>CBD<\/strong><\/td>\n<td style=\"width: 50%; text-align: center;\"><strong>25 %<\/strong><\/td>\n<\/tr>\n<tr>\n<td style=\"width: 50%; text-align: center;\"><b>CBG<\/b><\/td>\n<td style=\"width: 50%; text-align: center;\"><strong>8%<\/strong><\/td>\n<\/tr>\n<tr>\n<td style=\"width: 50%; text-align: center;\"><b>La cultura<\/b><\/td>\n<td style=\"width: 50%; text-align: center;\"><strong>Interno<\/strong><\/td>\n<\/tr>\n<\/tbody>\n<\/table>\n<p>&nbsp;<\/p>","protected":false},"featured_media":17381,"comment_status":"open","ping_status":"closed","template":"","meta":{"inline_featured_image":false},"product_brand":[75],"product_cat":[59],"product_tag":[244,230],"class_list":{"0":"post-15797","1":"product","2":"type-product","3":"status-publish","4":"has-post-thumbnail","6":"product_brand-la-verte","7":"product_cat-pollens","8":"product_tag-hash","9":"product_tag-resines","11":"first","12":"instock","13":"taxable","14":"shipping-taxable","15":"purchasable","16":"product-type-variable"},"jetpack_sharing_enabled":true,"_links":{"self":[{"href":"https:\/\/laverteshop.fr\/it\/wp-json\/wp\/v2\/product\/15797","targetHints":{"allow":["GET"]}}],"collection":[{"href":"https:\/\/laverteshop.fr\/it\/wp-json\/wp\/v2\/product"}],"about":[{"href":"https:\/\/laverteshop.fr\/it\/wp-json\/wp\/v2\/types\/product"}],"replies":[{"embeddable":true,"href":"https:\/\/laverteshop.fr\/it\/wp-json\/wp\/v2\/comments?post=15797"}],"wp:featuredmedia":[{"embeddable":true,"href":"https:\/\/laverteshop.fr\/it\/wp-json\/wp\/v2\/media\/17381"}],"wp:attachment":[{"href":"https:\/\/laverteshop.fr\/it\/wp-json\/wp\/v2\/media?parent=15797"}],"wp:term":[{"taxonomy":"product_brand","embeddable":true,"href":"https:\/\/laverteshop.fr\/it\/wp-json\/wp\/v2\/product_brand?post=15797"},{"taxonomy":"product_cat","embeddable":true,"href":"https:\/\/laverteshop.fr\/it\/wp-json\/wp\/v2\/product_cat?post=15797"},{"taxonomy":"product_tag","embeddable":true,"href":"https:\/\/laverteshop.fr\/it\/wp-json\/wp\/v2\/product_tag?post=15797"}],"curies":[{"name":"wp","href":"https:\/\/api.w.org\/{rel}","templated":true}]}}