{"id":15278,"date":"2023-05-10T15:52:07","date_gmt":"2023-05-10T13:52:07","guid":{"rendered":"https:\/\/laverteshop.fr\/?post_type=product&#038;p=15278"},"modified":"2026-04-15T12:46:27","modified_gmt":"2026-04-15T10:46:27","slug":"arancia-bud-popcorn","status":"publish","type":"product","link":"https:\/\/laverteshop.fr\/it\/prodotto\/arancia-bud-popcorn\/","title":{"rendered":"Popcorn al germoglio d'arancia"},"content":{"rendered":"<p>La fleur de CBD Orange Bud Popcorn provient d&rsquo;une culture en int\u00e9rieur, donc aux meilleures conditions possibles (humidit\u00e9, temp\u00e9rature et lumi\u00e8re contr\u00f4l\u00e9es).<\/p>\n<p>Un assortiment de fleurs vertes fonc\u00e9es, et recouvertes de jolis pistils orang\u00e9s. Ces mini buds Orange Bud sont tr\u00e8s fruit\u00e9es, avec une odeur tr\u00e8s reconnaissable lors de l&rsquo;ouverture du sachet. Elle ravira tous nos amateurs de petites fleurs \u00e0 bon prix, et qui aiment les go\u00fbts plut\u00f4t sucr\u00e9s. Un ensemble de fleurs de petite et moyenne taille (de 1 \u00e0 3 cm).<\/p>\n<p>Ci\u00f2 che pi\u00f9 ci preme \u00e8 potervi fornire fiori e resine di CBD di eccellente valore, a prezzi accessibili e accettabili, e nel rispetto dei livelli autorizzati dal CJEU (&lt;0,3% THC).<\/p>\n<p>Cosa si pu\u00f2 fare con questi prodotti? Infusi rilassanti per migliorare il sonno, pot-pourri per impregnare la casa di un profumo naturale, oppure, se lo desiderate, potete utilizzarli negli alimenti (insalate, salse, condimenti).<\/p>\n<p>Vi consigliamo di consultare il vostro medico, che sapr\u00e0 consigliarvi l'uso migliore del CBD.<\/p>\n<p>&nbsp;<\/p>\n<p>&nbsp;<\/p>\n<p>&nbsp;<\/p>\n<h6><\/h6>","protected":false},"excerpt":{"rendered":"<p>NOUVELLE R\u00c9COLTE ! La fleur de CBD Orange Bud Popcorn provient d&rsquo;une culture en int\u00e9rieur, donc aux meilleures conditions possibles (humidit\u00e9, temp\u00e9rature et lumi\u00e8re contr\u00f4l\u00e9es).<\/p>\n<p>Un assortiment de fleurs vertes fonc\u00e9es, et recouvertes de jolis pistils orang\u00e9s. Ces mini buds Orange Bud sont tr\u00e8s fruit\u00e9es, avec une odeur tr\u00e8s reconnaissable lors de l&rsquo;ouverture du sachet. Elle ravira tous nos amateurs de petites fleurs \u00e0 bon prix, et qui aiment les go\u00fbts plut\u00f4t sucr\u00e9s.<\/p>\n<ul>\n<li>Cultura: Interno<\/li>\n<\/ul>\n<table style=\"border-collapse: collapse; width: 192px; height: 205px;\" border=\"1\">\n<tbody>\n<tr>\n<td style=\"width: 50%; text-align: center;\"><strong>THC<\/strong><\/td>\n<td style=\"width: 50%; text-align: center;\"><strong>0.26%<\/strong><\/td>\n<\/tr>\n<tr>\n<td style=\"width: 50%; text-align: center;\"><strong>CBD<\/strong><\/td>\n<td style=\"width: 50%; text-align: center;\"><strong>14-17 %<\/strong><\/td>\n<\/tr>\n<tr>\n<td style=\"width: 50%; text-align: center;\"><strong>CBG<\/strong><\/td>\n<td style=\"width: 50%; text-align: center;\"><strong>n.n<\/strong><\/td>\n<\/tr>\n<tr>\n<td style=\"width: 50%; text-align: center;\"><b>La cultura<\/b><\/td>\n<td style=\"width: 50%; text-align: center;\"><strong>interno<\/strong><\/td>\n<\/tr>\n<\/tbody>\n<\/table>","protected":false},"featured_media":19084,"comment_status":"open","ping_status":"closed","template":"","meta":{"inline_featured_image":false},"product_brand":[75],"product_cat":[58,253,258],"product_tag":[220,76,252],"class_list":{"0":"post-15278","1":"product","2":"type-product","3":"status-publish","4":"has-post-thumbnail","6":"product_brand-la-verte","7":"product_cat-fleurs","8":"product_cat-indoor","9":"product_cat-trim-minibuds-cbd","10":"product_tag-fleurs-cbd","11":"product_tag-indoor","12":"product_tag-mini-buds","14":"first","15":"instock","16":"taxable","17":"shipping-taxable","18":"purchasable","19":"product-type-variable"},"jetpack_sharing_enabled":true,"_links":{"self":[{"href":"https:\/\/laverteshop.fr\/it\/wp-json\/wp\/v2\/product\/15278","targetHints":{"allow":["GET"]}}],"collection":[{"href":"https:\/\/laverteshop.fr\/it\/wp-json\/wp\/v2\/product"}],"about":[{"href":"https:\/\/laverteshop.fr\/it\/wp-json\/wp\/v2\/types\/product"}],"replies":[{"embeddable":true,"href":"https:\/\/laverteshop.fr\/it\/wp-json\/wp\/v2\/comments?post=15278"}],"wp:featuredmedia":[{"embeddable":true,"href":"https:\/\/laverteshop.fr\/it\/wp-json\/wp\/v2\/media\/19084"}],"wp:attachment":[{"href":"https:\/\/laverteshop.fr\/it\/wp-json\/wp\/v2\/media?parent=15278"}],"wp:term":[{"taxonomy":"product_brand","embeddable":true,"href":"https:\/\/laverteshop.fr\/it\/wp-json\/wp\/v2\/product_brand?post=15278"},{"taxonomy":"product_cat","embeddable":true,"href":"https:\/\/laverteshop.fr\/it\/wp-json\/wp\/v2\/product_cat?post=15278"},{"taxonomy":"product_tag","embeddable":true,"href":"https:\/\/laverteshop.fr\/it\/wp-json\/wp\/v2\/product_tag?post=15278"}],"curies":[{"name":"wp","href":"https:\/\/api.w.org\/{rel}","templated":true}]}}