{"id":15174,"date":"2023-04-26T16:45:06","date_gmt":"2023-04-26T14:45:06","guid":{"rendered":"https:\/\/laverteshop.fr\/?post_type=product&#038;p=15174"},"modified":"2025-07-15T14:56:19","modified_gmt":"2025-07-15T12:56:19","slug":"briquet-bic-la-verte","status":"publish","type":"product","link":"https:\/\/laverteshop.fr\/it\/prodotto\/briquet-bic-la-verte\/","title":{"rendered":"Accendino BIC La Verte"},"content":{"rendered":"<p>Notre briquet BIC La Verte est enfin arriv\u00e9 ! Fin et \u00e9l\u00e9gant, confortable \u00e0 l\u2019utilisation. Il est de la marque BIC, les meilleurs briquets d&rsquo;Europe, et est made in France. Sa taille le rend tr\u00e8s pratique.<\/p>\n<p>Fiamma stabile grazie all'isobutano puro. Realizzato in resina Delrin ad alta resistenza.<\/p>\n<p>Dimensioni: 2,2 cm x 7,6 cm<\/p>\n<p>Lingua protettiva per la protezione dei bambini<\/p>","protected":false},"excerpt":{"rendered":"<p>Notre briquet La Verte est enfin arriv\u00e9 ! Fin et \u00e9l\u00e9gant, confortable \u00e0 l\u2019utilisation. Il est de la marque BIC, les meilleurs briquets d&rsquo;Europe, et est made in France.<\/p>\n<p>Fiamma stabile grazie all'isobutano puro. Realizzato in resina Delrin ad alta resistenza.<\/p>\n<p>Dimensioni: 2,2 cm x 7,6 cm<\/p>\n<p>Lingua protettiva<\/p>","protected":false},"featured_media":15175,"comment_status":"open","ping_status":"closed","template":"","meta":{"inline_featured_image":false},"product_brand":[75],"product_cat":[289,61],"product_tag":[288,287],"class_list":{"0":"post-15174","1":"product","2":"type-product","3":"status-publish","4":"has-post-thumbnail","6":"product_brand-la-verte","7":"product_cat-briquets","8":"product_cat-accessoires","9":"product_tag-accessoires","10":"product_tag-briquet","12":"first","13":"instock","14":"taxable","15":"shipping-taxable","16":"purchasable","17":"product-type-simple"},"jetpack_sharing_enabled":true,"_links":{"self":[{"href":"https:\/\/laverteshop.fr\/it\/wp-json\/wp\/v2\/product\/15174","targetHints":{"allow":["GET"]}}],"collection":[{"href":"https:\/\/laverteshop.fr\/it\/wp-json\/wp\/v2\/product"}],"about":[{"href":"https:\/\/laverteshop.fr\/it\/wp-json\/wp\/v2\/types\/product"}],"replies":[{"embeddable":true,"href":"https:\/\/laverteshop.fr\/it\/wp-json\/wp\/v2\/comments?post=15174"}],"wp:featuredmedia":[{"embeddable":true,"href":"https:\/\/laverteshop.fr\/it\/wp-json\/wp\/v2\/media\/15175"}],"wp:attachment":[{"href":"https:\/\/laverteshop.fr\/it\/wp-json\/wp\/v2\/media?parent=15174"}],"wp:term":[{"taxonomy":"product_brand","embeddable":true,"href":"https:\/\/laverteshop.fr\/it\/wp-json\/wp\/v2\/product_brand?post=15174"},{"taxonomy":"product_cat","embeddable":true,"href":"https:\/\/laverteshop.fr\/it\/wp-json\/wp\/v2\/product_cat?post=15174"},{"taxonomy":"product_tag","embeddable":true,"href":"https:\/\/laverteshop.fr\/it\/wp-json\/wp\/v2\/product_tag?post=15174"}],"curies":[{"name":"wp","href":"https:\/\/api.w.org\/{rel}","templated":true}]}}