{"id":14253,"date":"2023-01-10T16:32:24","date_gmt":"2023-01-10T15:32:24","guid":{"rendered":"https:\/\/laverteshop.fr\/?post_type=product&#038;p=14253"},"modified":"2025-07-15T14:56:25","modified_gmt":"2025-07-15T12:56:25","slug":"rullo-di-filtri-per-capolavori-grezzi","status":"publish","type":"product","link":"https:\/\/laverteshop.fr\/it\/prodotto\/rullo-di-filtri-per-capolavori-grezzi\/","title":{"rendered":"Rullino RAW Masterpiece + filtri"},"content":{"rendered":"<p>RAW Masterpiece roll + filtri fornisce 30 filtri pre-arrotolati e un rotolo di 3 metri di carta per sigarette RAW non raffinata di alta qualit\u00e0, pronta all'uso.<\/p>\n<p>La pratica scatola di cartone (dimensioni: circa 65 x 52 x 26 mm) \u00e8 ricaricabile, si chiude con una pratica chiusura magnetica e ha un bordo a strappo integrato.<br \/>\nBruciatura lenta e uniforme grazie al fuoco incrociato RAW brevettato.<\/p>\n<p>La scatola RAW Masterpiece roller + filtri vi seguir\u00e0 ovunque!<\/p>\n<p>Propriet\u00e0:<\/p>\n<p>- Larghezza 54 mm (King Size) Bordo<br \/>\n- 3 metri di lunghezza<br \/>\n- Filtri: circa 19 \u00d7 7 mm<br \/>\n- Senza cloro, senza legno, biogenetico, VEGANO<br \/>\n&#8211; Fabriqu\u00e9 avec de l&rsquo;\u00e9nergie \u00e9olienne \u00e9cologique<br \/>\n- 1x rotolo da 3 metri + 30 chiodi per confezione<\/p>","protected":false},"excerpt":{"rendered":"<p>Questa scatola RAW Masterpiece \u00e8 unica! 30 filtri pre-rollati e un rotolo di 3 metri di foglietto King Size.<\/p>\n<p>La boite se ferme avec un magnet, pour garder votre rouleau et vos filtres bien \u00e0 l&rsquo;abris.<\/p>\n<ul>\n<li>larghezza del rotolo: 54 mm (King Size)<\/li>\n<li>30 filtri inclusi, con tacca centrale per un efficace filtraggio dei fumi<\/li>\n<li>3 metri di carta da rotolo<\/li>\n<li>Scatola riutilizzabile e ricaricabile.<\/li>\n<li>Bordo a strappo per tagliare il foglio alla lunghezza desiderata<\/li>\n<\/ul>\n<p>Cette bo\u00eete RAW Masterpiece rouleau + filtres est donc l&rsquo;accessoire ultime.<\/p>","protected":false},"featured_media":14254,"comment_status":"open","ping_status":"closed","template":"","meta":{"inline_featured_image":false},"product_brand":[198],"product_cat":[61,196],"product_tag":[217,218],"class_list":{"0":"post-14253","1":"product","2":"type-product","3":"status-publish","4":"has-post-thumbnail","6":"product_brand-raw","7":"product_cat-accessoires","8":"product_cat-feuilles-a-rouler","9":"product_tag-feuilles","10":"product_tag-filtres","12":"first","13":"instock","14":"taxable","15":"shipping-taxable","16":"purchasable","17":"product-type-simple"},"jetpack_sharing_enabled":true,"_links":{"self":[{"href":"https:\/\/laverteshop.fr\/it\/wp-json\/wp\/v2\/product\/14253","targetHints":{"allow":["GET"]}}],"collection":[{"href":"https:\/\/laverteshop.fr\/it\/wp-json\/wp\/v2\/product"}],"about":[{"href":"https:\/\/laverteshop.fr\/it\/wp-json\/wp\/v2\/types\/product"}],"replies":[{"embeddable":true,"href":"https:\/\/laverteshop.fr\/it\/wp-json\/wp\/v2\/comments?post=14253"}],"wp:featuredmedia":[{"embeddable":true,"href":"https:\/\/laverteshop.fr\/it\/wp-json\/wp\/v2\/media\/14254"}],"wp:attachment":[{"href":"https:\/\/laverteshop.fr\/it\/wp-json\/wp\/v2\/media?parent=14253"}],"wp:term":[{"taxonomy":"product_brand","embeddable":true,"href":"https:\/\/laverteshop.fr\/it\/wp-json\/wp\/v2\/product_brand?post=14253"},{"taxonomy":"product_cat","embeddable":true,"href":"https:\/\/laverteshop.fr\/it\/wp-json\/wp\/v2\/product_cat?post=14253"},{"taxonomy":"product_tag","embeddable":true,"href":"https:\/\/laverteshop.fr\/it\/wp-json\/wp\/v2\/product_tag?post=14253"}],"curies":[{"name":"wp","href":"https:\/\/api.w.org\/{rel}","templated":true}]}}