{"id":12221,"date":"2022-06-14T15:54:43","date_gmt":"2022-06-14T13:54:43","guid":{"rendered":"https:\/\/laverteshop.fr\/?post_type=product&#038;p=12221"},"modified":"2026-03-08T14:43:00","modified_gmt":"2026-03-08T13:43:00","slug":"gomma-da-masticare-interno","status":"publish","type":"product","link":"https:\/\/laverteshop.fr\/it\/prodotto\/gomma-da-masticare-interno\/","title":{"rendered":"Bubble Gum indoor"},"content":{"rendered":"<p>La Bubble Gum indoor est une vari\u00e9t\u00e9 de fleur \u00e0 dominance Indica. Elle provient d&rsquo;une culture situ\u00e9e dans le canton du Valais en Suisse. Elle est issue d&rsquo;un m\u00e9lange entre 2 vari\u00e9t\u00e9s bien connues, la Super Skunk et la Big Bud.<\/p>\n<p>Viene coltivata al chiuso (cio\u00e8 con temperatura, luce e umidit\u00e0 controllate), il suo colore tende al verde chiaro ed \u00e8 piena di polline bianco intorno al fiore.<\/p>\n<p><span style=\"font-size: 16px;\">A l&rsquo;ouverture du sachet, vous serez ravis par ses odeurs fruit\u00e9es, et pourrez reconnaitre des notes sucr\u00e9es qui se d\u00e9gagent. Un m\u00e9lange de moyenne et grosses buds pour cette bubble gum indoor.<\/span><\/p>\n<p>I nostri prodotti sono certificati di qualit\u00e0 CBD svizzera. Ci\u00f2 che pi\u00f9 conta per noi \u00e8 potervi fornire fiori e resine di eccellente valore, a prezzi accessibili e accettabili. E naturalmente entro i livelli autorizzati dalla CGUE (&lt;0,2% THC).<\/p>\n<p>Cosa si pu\u00f2 fare con questi prodotti? Infusi rilassanti per migliorare il sonno, pot-pourri per impregnare la casa di un profumo naturale, oppure, se lo desiderate, potete utilizzarli negli alimenti (insalate, salse, condimenti).<\/p>\n<p>Vi consigliamo di consultare il vostro medico, che sapr\u00e0 consigliarvi l'uso migliore del CBD.<\/p>","protected":false},"excerpt":{"rendered":"<p>La Bubble Gum indoor \u00e8 una variet\u00e0 floreale a dominanza Indica.<\/p>\n<p>Elle provient d&rsquo;une culture situ\u00e9e dans le canton du Valais en Suisse. Elle est issue d&rsquo;un m\u00e9lange entre 2 vari\u00e9t\u00e9s bien connues, la Super Skunk et la Big Bud.<\/p>\n<p>Il suo colore tende al verde chiaro ed \u00e8 pieno di polline bianco intorno al fiore.<\/p>\n<p>Una delle nostre migliori variet\u00e0, che far\u00e0 la gioia di tutti i nostri fan e degli intenditori di fiori da interno di qualit\u00e0.<\/p>\n<ul>\n<li>Coltivazione : indoor<\/li>\n<li>Origine : Svizzera<\/li>\n<\/ul>\n<table style=\"border-collapse: collapse; width: 192px; height: 205px;\" border=\"1\">\n<tbody>\n<tr>\n<td style=\"width: 50%; text-align: center;\"><strong>THC<\/strong><\/td>\n<td style=\"width: 50%; text-align: center;\"><strong>&lt;0,2%<\/strong><\/td>\n<\/tr>\n<tr>\n<td style=\"width: 50%; text-align: center;\"><strong>CBD<\/strong><\/td>\n<td style=\"width: 50%; text-align: center;\"><strong>16 %<\/strong><\/td>\n<\/tr>\n<tr>\n<td style=\"width: 50%; text-align: center;\"><strong>CBG<\/strong><\/td>\n<td style=\"width: 50%; text-align: center;\"><strong>n.n<\/strong><\/td>\n<\/tr>\n<tr>\n<td style=\"width: 50%; text-align: center;\"><b>La cultura<\/b><\/td>\n<td style=\"width: 50%; text-align: center;\"><strong>interno<\/strong><\/td>\n<\/tr>\n<\/tbody>\n<\/table>","protected":false},"featured_media":18700,"comment_status":"open","ping_status":"closed","template":"","meta":{"inline_featured_image":false},"product_brand":[75],"product_cat":[58,253],"product_tag":[220,76],"class_list":{"0":"post-12221","1":"product","2":"type-product","3":"status-publish","4":"has-post-thumbnail","6":"product_brand-la-verte","7":"product_cat-fleurs","8":"product_cat-indoor","9":"product_tag-fleurs-cbd","10":"product_tag-indoor","12":"first","13":"instock","14":"taxable","15":"shipping-taxable","16":"purchasable","17":"product-type-variable"},"jetpack_sharing_enabled":true,"_links":{"self":[{"href":"https:\/\/laverteshop.fr\/it\/wp-json\/wp\/v2\/product\/12221","targetHints":{"allow":["GET"]}}],"collection":[{"href":"https:\/\/laverteshop.fr\/it\/wp-json\/wp\/v2\/product"}],"about":[{"href":"https:\/\/laverteshop.fr\/it\/wp-json\/wp\/v2\/types\/product"}],"replies":[{"embeddable":true,"href":"https:\/\/laverteshop.fr\/it\/wp-json\/wp\/v2\/comments?post=12221"}],"wp:featuredmedia":[{"embeddable":true,"href":"https:\/\/laverteshop.fr\/it\/wp-json\/wp\/v2\/media\/18700"}],"wp:attachment":[{"href":"https:\/\/laverteshop.fr\/it\/wp-json\/wp\/v2\/media?parent=12221"}],"wp:term":[{"taxonomy":"product_brand","embeddable":true,"href":"https:\/\/laverteshop.fr\/it\/wp-json\/wp\/v2\/product_brand?post=12221"},{"taxonomy":"product_cat","embeddable":true,"href":"https:\/\/laverteshop.fr\/it\/wp-json\/wp\/v2\/product_cat?post=12221"},{"taxonomy":"product_tag","embeddable":true,"href":"https:\/\/laverteshop.fr\/it\/wp-json\/wp\/v2\/product_tag?post=12221"}],"curies":[{"name":"wp","href":"https:\/\/api.w.org\/{rel}","templated":true}]}}