{"id":12213,"date":"2022-06-14T14:43:04","date_gmt":"2022-06-14T12:43:04","guid":{"rendered":"https:\/\/laverteshop.fr\/?post_type=product&#038;p=12213"},"modified":"2026-03-05T12:35:05","modified_gmt":"2026-03-05T11:35:05","slug":"bacche-vino-interno","status":"publish","type":"product","link":"https:\/\/laverteshop.fr\/it\/prodotto\/bacche-vino-interno\/","title":{"rendered":"Vino ai frutti di bosco per interni"},"content":{"rendered":"<p>Berry Wine Indoor \u00e8 una variet\u00e0 floreale a dominanza sativa. \u00c8 stata creata combinando Harlequin e Blueberry. Viene coltivata in Svizzera, nel cantone del Vallese.<\/p>\n<p>Magnifique fleur de culture indoor (donc \u00e0 temp\u00e9rature et humidit\u00e9 contr\u00f4l\u00e9es), elle est verte claire, et plein de pollen blanc qui l&rsquo;entoure.<\/p>\n<p><span style=\"font-size: 16px;\">Quando si apre il sacchetto, si riconosce il suo profumo fruttato, con note di frutti rossi. Un mix di cime medie e grandi. Berry Wine Indoor \u00e8 un fiore superbo, con un contenuto di CBD piuttosto elevato.<\/span><\/p>\n<p>I nostri prodotti sono certificati di qualit\u00e0 CBD svizzera. Ci\u00f2 che pi\u00f9 conta per noi \u00e8 potervi fornire fiori e resine di eccellente valore, a prezzi accessibili e accettabili. E naturalmente entro i livelli autorizzati dalla CGUE (&lt;0,2% THC).<\/p>\n<p>Cosa si pu\u00f2 fare con questi prodotti? Infusi rilassanti per migliorare il sonno, pot-pourri per impregnare la casa di un profumo naturale, oppure, se lo desiderate, potete utilizzarli negli alimenti (insalate, salse, condimenti).<\/p>\n<p>Vi consigliamo di consultare il vostro medico, che sapr\u00e0 consigliarvi l'uso migliore del CBD.<\/p>","protected":false},"excerpt":{"rendered":"<p>La nostra Berry Wine Indoor \u00e8 una variet\u00e0 prevalentemente Sativa coltivata nel Canton Vallese, in Svizzera.<\/p>\n<p>C&rsquo;est une magnifique fleur de culture indoor (donc \u00e0 temp\u00e9rature et humidit\u00e9 contr\u00f4l\u00e9es). Elle est verte claire, et pleine de pollen blanc qui l&rsquo;entoure. Un joli nez fruit\u00e9 lors de l&rsquo;ouverture du sachet<\/p>\n<ul>\n<li>Coltivazione : indoor<\/li>\n<li>Origine : Svizzera<\/li>\n<\/ul>\n<table style=\"border-collapse: collapse; width: 192px; height: 205px;\" border=\"1\">\n<tbody>\n<tr>\n<td style=\"width: 50%; text-align: center;\"><strong>THC<\/strong><\/td>\n<td style=\"width: 50%; text-align: center;\"><strong>0,2 %&lt;<\/strong><\/td>\n<\/tr>\n<tr>\n<td style=\"width: 50%; text-align: center;\"><strong>CBD<\/strong><\/td>\n<td style=\"width: 50%; text-align: center;\"><strong>17 %<\/strong><\/td>\n<\/tr>\n<tr>\n<td style=\"width: 50%; text-align: center;\"><strong>CBG<\/strong><\/td>\n<td style=\"width: 50%; text-align: center;\"><strong>n.n<\/strong><\/td>\n<\/tr>\n<tr>\n<td style=\"width: 50%; text-align: center;\"><b>La cultura<\/b><\/td>\n<td style=\"width: 50%; text-align: center;\"><strong>interno<\/strong><\/td>\n<\/tr>\n<\/tbody>\n<\/table>","protected":false},"featured_media":12521,"comment_status":"open","ping_status":"closed","template":"","meta":{"inline_featured_image":false},"product_brand":[75],"product_cat":[58,253],"product_tag":[220,76],"class_list":{"0":"post-12213","1":"product","2":"type-product","3":"status-publish","4":"has-post-thumbnail","6":"product_brand-la-verte","7":"product_cat-fleurs","8":"product_cat-indoor","9":"product_tag-fleurs-cbd","10":"product_tag-indoor","12":"first","13":"instock","14":"taxable","15":"shipping-taxable","16":"purchasable","17":"product-type-variable"},"jetpack_sharing_enabled":true,"_links":{"self":[{"href":"https:\/\/laverteshop.fr\/it\/wp-json\/wp\/v2\/product\/12213","targetHints":{"allow":["GET"]}}],"collection":[{"href":"https:\/\/laverteshop.fr\/it\/wp-json\/wp\/v2\/product"}],"about":[{"href":"https:\/\/laverteshop.fr\/it\/wp-json\/wp\/v2\/types\/product"}],"replies":[{"embeddable":true,"href":"https:\/\/laverteshop.fr\/it\/wp-json\/wp\/v2\/comments?post=12213"}],"wp:featuredmedia":[{"embeddable":true,"href":"https:\/\/laverteshop.fr\/it\/wp-json\/wp\/v2\/media\/12521"}],"wp:attachment":[{"href":"https:\/\/laverteshop.fr\/it\/wp-json\/wp\/v2\/media?parent=12213"}],"wp:term":[{"taxonomy":"product_brand","embeddable":true,"href":"https:\/\/laverteshop.fr\/it\/wp-json\/wp\/v2\/product_brand?post=12213"},{"taxonomy":"product_cat","embeddable":true,"href":"https:\/\/laverteshop.fr\/it\/wp-json\/wp\/v2\/product_cat?post=12213"},{"taxonomy":"product_tag","embeddable":true,"href":"https:\/\/laverteshop.fr\/it\/wp-json\/wp\/v2\/product_tag?post=12213"}],"curies":[{"name":"wp","href":"https:\/\/api.w.org\/{rel}","templated":true}]}}