{"id":11871,"date":"2022-05-19T10:52:28","date_gmt":"2022-05-19T08:52:28","guid":{"rendered":"https:\/\/laverteshop.fr\/product\/plenty-storz-und-bickel\/"},"modified":"2025-07-15T15:03:55","modified_gmt":"2025-07-15T13:03:55","slug":"abbondanza-storz-und-bickel","status":"publish","type":"product","link":"https:\/\/laverteshop.fr\/it\/prodotto\/abbondanza-storz-und-bickel\/","title":{"rendered":"Abbondanza - Storz und Bickel"},"content":{"rendered":"<p><strong>Ambito di consegna :\u00a0<\/strong><br \/>\n1x caffettiera<br \/>\n1x Unit\u00e0 di spruzzo<br \/>\n1x Sezione tubi, lunga<br \/>\n1x Sezione del tubo, corta<br \/>\n3x Setaccio normale (\u00f8 circa 59 mm)<br \/>\n1 smerigliatrice<br \/>\n1x Spazzola di pulizia<br \/>\n1x Istruzioni per l'uso<\/p>","protected":false},"excerpt":{"rendered":"<p><strong>Storz und Bickel Molto<\/strong><\/p>\n<p>Con Plenty di Storz e Bickel, c'\u00e8 molto da scoprire:<\/p>\n<p>Le bloc d&rsquo;alimentation dot\u00e9 d&rsquo;une double h\u00e9lice permet d&rsquo;obtenir une luminosit\u00e9 optimale et, par cons\u00e9quent, un effet de serre intense.<\/p>\n<p>Le temperature variano da 130\u00baC a 202\u00baC, a seconda delle esigenze.<\/p>\n<p>Il gusto piacevole di Plenty \u00e8 ottenuto grazie alla spirale di raffreddamento altamente efficiente - provate voi stessi questo gustoso prodotto con un'abbondante svapata!<\/p>","protected":false},"featured_media":11869,"comment_status":"open","ping_status":"closed","template":"","meta":{"inline_featured_image":false},"product_brand":[249],"product_cat":[61,248],"product_tag":[],"class_list":{"0":"post-11871","1":"product","2":"type-product","3":"status-publish","4":"has-post-thumbnail","6":"product_brand-storz-und-bickel","7":"product_cat-accessoires","8":"product_cat-vaporisateurs","10":"first","11":"instock","12":"taxable","13":"shipping-taxable","14":"purchasable","15":"product-type-simple"},"jetpack_sharing_enabled":true,"_links":{"self":[{"href":"https:\/\/laverteshop.fr\/it\/wp-json\/wp\/v2\/product\/11871","targetHints":{"allow":["GET"]}}],"collection":[{"href":"https:\/\/laverteshop.fr\/it\/wp-json\/wp\/v2\/product"}],"about":[{"href":"https:\/\/laverteshop.fr\/it\/wp-json\/wp\/v2\/types\/product"}],"replies":[{"embeddable":true,"href":"https:\/\/laverteshop.fr\/it\/wp-json\/wp\/v2\/comments?post=11871"}],"wp:featuredmedia":[{"embeddable":true,"href":"https:\/\/laverteshop.fr\/it\/wp-json\/wp\/v2\/media\/11869"}],"wp:attachment":[{"href":"https:\/\/laverteshop.fr\/it\/wp-json\/wp\/v2\/media?parent=11871"}],"wp:term":[{"taxonomy":"product_brand","embeddable":true,"href":"https:\/\/laverteshop.fr\/it\/wp-json\/wp\/v2\/product_brand?post=11871"},{"taxonomy":"product_cat","embeddable":true,"href":"https:\/\/laverteshop.fr\/it\/wp-json\/wp\/v2\/product_cat?post=11871"},{"taxonomy":"product_tag","embeddable":true,"href":"https:\/\/laverteshop.fr\/it\/wp-json\/wp\/v2\/product_tag?post=11871"}],"curies":[{"name":"wp","href":"https:\/\/api.w.org\/{rel}","templated":true}]}}