{"id":11865,"date":"2022-05-19T10:52:25","date_gmt":"2022-05-19T08:52:25","guid":{"rendered":"https:\/\/laverteshop.fr\/product\/volcano-classic-onyx-incl-easy-valve-storz-und-bickel\/"},"modified":"2025-07-15T15:03:57","modified_gmt":"2025-07-15T13:03:57","slug":"vulcano-classic-onyx-incl-easy-valve-storz-und-bickel","status":"publish","type":"product","link":"https:\/\/laverteshop.fr\/it\/prodotto\/vulcano-classic-onyx-incl-easy-valve-storz-und-bickel\/","title":{"rendered":"Volcano Classic ONYX incl. valvola Easy - Storz und Bickel"},"content":{"rendered":"<p><strong>Ambito di consegna<\/strong><br \/>\n1x Volcano Classic ONYX<br \/>\n4x Pallone Easy Valve con boccaglio<br \/>\n1x pallone Easy Valve con adattatore<br \/>\n1x Camera di riempimento<br \/>\n3x Clip per la camera di riempimento<br \/>\n1x Anello di chiusura<br \/>\n1x Set di filtri standard (\u00f8 30 mm circa)<br \/>\n1x Set di filtri dell'aria<br \/>\n1x Mulino per erbe (\u00f8 circa 59 mm)<br \/>\n1x Spazzola di pulizia,<br \/>\n1x Istruzioni per l'uso<\/p>","protected":false},"excerpt":{"rendered":"<p><strong>Edizione Volcano Classic ONYX\u00a0<\/strong><strong>incl. valvola Easy<\/strong><\/p>\n<p>Volcano \u00e8 il vaporizzatore della prima ora e seduce per la sua qualit\u00e0 ed efficienza. \u00c8 ora disponibile in edizione ONYX: assicuratevi di avere la vostra copia!<\/p>\n<p>La couleur onyx rappelle la pierre de lave, c&rsquo;est pourquoi elle s&rsquo;accorde parfaitement avec la forme iconique du Volcano \ud83d\ude42 un accroche-regard absolu pour tout amateur de Volcano.<\/p>\n<p>Grazie alla verniciatura a polvere di alta qualit\u00e0, il cono \u00e8 ora pi\u00f9 resistente ai graffi. La comprovata longevit\u00e0 dei prodotti Storz and Bickel continua in questa edizione speciale.<\/p>","protected":false},"featured_media":11863,"comment_status":"open","ping_status":"closed","template":"","meta":{"inline_featured_image":false},"product_brand":[249],"product_cat":[248],"product_tag":[],"class_list":{"0":"post-11865","1":"product","2":"type-product","3":"status-publish","4":"has-post-thumbnail","6":"product_brand-storz-und-bickel","7":"product_cat-vaporisateurs","9":"first","10":"instock","11":"taxable","12":"shipping-taxable","13":"purchasable","14":"product-type-simple"},"jetpack_sharing_enabled":true,"_links":{"self":[{"href":"https:\/\/laverteshop.fr\/it\/wp-json\/wp\/v2\/product\/11865","targetHints":{"allow":["GET"]}}],"collection":[{"href":"https:\/\/laverteshop.fr\/it\/wp-json\/wp\/v2\/product"}],"about":[{"href":"https:\/\/laverteshop.fr\/it\/wp-json\/wp\/v2\/types\/product"}],"replies":[{"embeddable":true,"href":"https:\/\/laverteshop.fr\/it\/wp-json\/wp\/v2\/comments?post=11865"}],"wp:featuredmedia":[{"embeddable":true,"href":"https:\/\/laverteshop.fr\/it\/wp-json\/wp\/v2\/media\/11863"}],"wp:attachment":[{"href":"https:\/\/laverteshop.fr\/it\/wp-json\/wp\/v2\/media?parent=11865"}],"wp:term":[{"taxonomy":"product_brand","embeddable":true,"href":"https:\/\/laverteshop.fr\/it\/wp-json\/wp\/v2\/product_brand?post=11865"},{"taxonomy":"product_cat","embeddable":true,"href":"https:\/\/laverteshop.fr\/it\/wp-json\/wp\/v2\/product_cat?post=11865"},{"taxonomy":"product_tag","embeddable":true,"href":"https:\/\/laverteshop.fr\/it\/wp-json\/wp\/v2\/product_tag?post=11865"}],"curies":[{"name":"wp","href":"https:\/\/api.w.org\/{rel}","templated":true}]}}