{"id":11862,"date":"2022-05-19T10:52:23","date_gmt":"2022-05-19T08:52:23","guid":{"rendered":"https:\/\/laverteshop.fr\/product\/crafty-plus-storz-bickel\/"},"modified":"2025-07-15T15:03:58","modified_gmt":"2025-07-15T13:03:58","slug":"artigianato-plus-storz-bickel","status":"publish","type":"product","link":"https:\/\/laverteshop.fr\/it\/prodotto\/artigianato-plus-storz-bickel\/","title":{"rendered":"Crafty Plus - Storz &amp; Bickel"},"content":{"rendered":"<p><strong>Ambito di consegna<\/strong><\/p>\n<p>1 flacone spray CRAFTY Plus<br \/>\n1 x Alimentazione con cavo USB<br \/>\n1 x tampone liquido,<br \/>\n3 x Setacci di ricambio,<br \/>\n1 x Spazzola di pulizia,<br \/>\n1 x Mulino per erbe,<br \/>\n1 x Accessorio di riempimento,<br \/>\n1 x Set di guarnizioni di ricambio,<br \/>\n1 x Mode d&rsquo;Emploi<\/p>\n<p><strong>Osservazioni<\/strong><\/p>\n<p>En cas de probl\u00e8me avec l&rsquo;appareil ou de recours \u00e0 la garantie, adresse-toi directement \u00e0 Storz &amp; Bickel : www.storz-bickel.com et suis leurs instructions.<\/p>\n<p>L&rsquo;application Storz &amp; Bickel n&rsquo;est actuellement pas disponible dans l&rsquo;App Store d&rsquo;Apple. Les param\u00e8tres du Crafty Plus peuvent toutefois \u00eatre adapt\u00e9s via l&rsquo;application web Storz &amp; Bickel.<\/p>\n<p>D&rsquo;un point de vue technique, le Crafty Plus peut \u00e9galement \u00eatre charg\u00e9 avec un c\u00e2ble de chargement USB-C vers USB-C.<\/p>\n<p>Les vitesses de charge les plus rapides sont obtenues avec un adaptateur secteur qui fournit les vitesses de charge support\u00e9es par le Crafty Plus (jusqu&rsquo;\u00e0 +5V 2.4A).<\/p>\n<p><strong>Attenzione<\/strong><\/p>\n<p>Il Crafty Plus pu\u00f2 essere caricato con adattatori a muro fino a 1 ampere!<\/p>\n<p>Osservare le avvertenze riportate sulla confezione!<\/p>\n<p>(La maggior parte degli adattatori di alimentazione per smartphone funzionano con pi\u00f9 di 1 ampere e non sono adatti).<\/p>\n<div><\/div>","protected":false},"excerpt":{"rendered":"<p>Crafty Plus - Storz &amp; Bickel<\/p>\n<p>L'ultima versione del Crafty di Storz &amp; Bickel: il Crafty Plus con le seguenti caratteristiche innovative:<\/p>\n<p>&#8211; 30% d&rsquo;autonomie en plus<\/p>\n<p>- 25 minuti di tempo di ricarica pi\u00f9 veloce<\/p>\n<p>- Presa di ricarica USB-C<\/p>\n<p>- Camera di riempimento da 1,4 m\u00b3 con rivestimento in ceramica<\/p>\n<p>Le Crafty Plus est le plus petit vaporisateur de Storz &amp; Bickel, mais il utilise une combinaison de chauffage par convection et par conduction. Cette technologie se caract\u00e9rise surtout par un chauffage uniforme et efficace des herbes et permet un flux d&rsquo;air exceptionnel ainsi qu&rsquo;une inhalation sans effort. Le Crafty Plus atteint la temp\u00e9rature souhait\u00e9e en moins de 60 secondes &#8211; plus vite, mieux, plus savoureux !<\/p>\n<p>Il design compatto del Crafty Plus, con la sua singola batteria agli ioni di litio, si estende al pratico comando one-touch. Inoltre, il nuovo design e il materiale migliorato dell'alloggiamento assicurano una presa ottimizzata. Non vorrete pi\u00f9 lasciarvi sfuggire il vostro Crafty Plus \ud83d\ude42<\/p>\n<p>Mentre la temperatura di base \u00e8 di 180\u00baC, facendo doppio clic sul pulsante di accensione\/spegnimento si imposta la temperatura booster a 195\u00baC e facendo triplo clic si imposta la temperatura super boost a 210\u00baC (massima).<\/p>\n<p>Un autre avantage int\u00e9ressant du Crafty Plus: avec l&rsquo;application gratuite Remote Control, tu as la possibilit\u00e9 de programmer la temp\u00e9rature de base et la temp\u00e9rature booster selon tes pr\u00e9f\u00e9rences personnelles.<\/p>\n<p><strong>Specifiche tecniche<\/strong><\/p>\n<p>Dimensioni: 11 x 5,7 x 3,3 cm<\/p>\n<p>Peso: 135 g<\/p>","protected":false},"featured_media":11859,"comment_status":"open","ping_status":"closed","template":"","meta":{"inline_featured_image":false},"product_brand":[249],"product_cat":[248],"product_tag":[],"class_list":{"0":"post-11862","1":"product","2":"type-product","3":"status-publish","4":"has-post-thumbnail","6":"product_brand-storz-und-bickel","7":"product_cat-vaporisateurs","9":"first","10":"instock","11":"taxable","12":"shipping-taxable","13":"purchasable","14":"product-type-simple"},"jetpack_sharing_enabled":true,"_links":{"self":[{"href":"https:\/\/laverteshop.fr\/it\/wp-json\/wp\/v2\/product\/11862","targetHints":{"allow":["GET"]}}],"collection":[{"href":"https:\/\/laverteshop.fr\/it\/wp-json\/wp\/v2\/product"}],"about":[{"href":"https:\/\/laverteshop.fr\/it\/wp-json\/wp\/v2\/types\/product"}],"replies":[{"embeddable":true,"href":"https:\/\/laverteshop.fr\/it\/wp-json\/wp\/v2\/comments?post=11862"}],"wp:featuredmedia":[{"embeddable":true,"href":"https:\/\/laverteshop.fr\/it\/wp-json\/wp\/v2\/media\/11859"}],"wp:attachment":[{"href":"https:\/\/laverteshop.fr\/it\/wp-json\/wp\/v2\/media?parent=11862"}],"wp:term":[{"taxonomy":"product_brand","embeddable":true,"href":"https:\/\/laverteshop.fr\/it\/wp-json\/wp\/v2\/product_brand?post=11862"},{"taxonomy":"product_cat","embeddable":true,"href":"https:\/\/laverteshop.fr\/it\/wp-json\/wp\/v2\/product_cat?post=11862"},{"taxonomy":"product_tag","embeddable":true,"href":"https:\/\/laverteshop.fr\/it\/wp-json\/wp\/v2\/product_tag?post=11862"}],"curies":[{"name":"wp","href":"https:\/\/api.w.org\/{rel}","templated":true}]}}