{"id":10063,"date":"2021-11-27T19:58:22","date_gmt":"2021-11-27T18:58:22","guid":{"rendered":"https:\/\/laverteshop.fr\/?post_type=product&#038;p=10063"},"modified":"2025-09-09T11:11:35","modified_gmt":"2025-09-09T09:11:35","slug":"re-hassan","status":"publish","type":"product","link":"https:\/\/laverteshop.fr\/it\/prodotto\/re-hassan\/","title":{"rendered":"Re Hassan"},"content":{"rendered":"<p>Notre King Hassan est un excellent produit. Plut\u00f4t noir fonc\u00e9 et compact de l&rsquo;exterieur, il est marron clair \u00e0 l&rsquo;int\u00e9rieur, et relativement moelleux et mall\u00e9able. Il est assez collant lors de sa combustion, mais son taux de CBD assez \u00e9lev\u00e9 en fait un produit incontournable. Vous retrouverez des petites notes poivr\u00e9es lors de la consommation. Il rappelle les r\u00e9sines de votre jeunesse !<\/p>\n<p>I nostri prodotti sono certificati di qualit\u00e0 CBD svizzera. Ci\u00f2 che pi\u00f9 conta per noi \u00e8 potervi fornire fiori e polline di eccellente valore, a prezzi accessibili e accettabili, e nel rispetto dei livelli autorizzati dal CJEU (&lt;0,2% THC).<\/p>\n<p>Cosa si pu\u00f2 fare con questi prodotti? Infusi rilassanti per migliorare il sonno, pot-pourri per impregnare la casa di un profumo naturale, oppure, se lo desiderate, potete utilizzarli negli alimenti (insalate, salse, condimenti).<\/p>\n<p><strong>NOTA IMPORTANTE:<\/strong> Nos r\u00e9sines et hash sont pr\u00e9par\u00e9s dans des laboratoires certifi\u00e9s, avec des proc\u00e9d\u00e9s et techniques qui appartiennent seulement aux producteurs avec qui nous travaillons. La texture et l&rsquo;odeur des produits peuvent donc changer d&rsquo;une r\u00e9colte \u00e0 une autre, d\u00e9pendant aussi de la fleur utilis\u00e9e. Si vous avez un probl\u00e8me avec un produit, contactez nous \u00e0 <a href=\"mailto:contact@laverteshop.fr\">contact@laverteshop.fr<\/a> e troveremo una soluzione che vi soddisfi. Grazie per la vostra comprensione.<\/p>\n<p>Vi consigliamo di consultare il vostro medico, che sapr\u00e0 consigliarvi l'uso migliore del CBD.<\/p>\n<p><em>Ti potrebbe interessare anche:<\/em><br \/>\n<a href=\"https:\/\/laverteshop.fr\/it\/prodotto\/libanaise\/\">Hash libanese<\/a><br \/>\n<a href=\"https:\/\/laverteshop.fr\/it\/prodotto\/polline-di-limone\/\">Polline di Lemon Haze<\/a><br \/>\n<a href=\"https:\/\/laverteshop.fr\/it\/cbg-vs-cbd\/\">CBG E CBD<\/a><\/p>","protected":false},"excerpt":{"rendered":"<p>Le King Hassan est plut\u00f4t noir fonc\u00e9 et compact de l&rsquo;exterieur, il est marron clair \u00e0 l&rsquo;int\u00e9rieur, et relativement moelleux et mall\u00e9able. Il est assez collant lors de sa combustion, mais son taux de CBD assez \u00e9lev\u00e9 en fait un produit incontournable. Il a une odeur forte, son go\u00fbt est poivr\u00e9 et terreux<\/p>\n<ul>\n<li>Prodotto nel cantone di Vaud, in Svizzera.<\/li>\n<li>alti livelli di CBD<\/li>\n<\/ul>\n<table style=\"border-collapse: collapse; width: 192px; height: 205px;\" border=\"1\">\n<tbody>\n<tr>\n<td style=\"width: 50%; text-align: center;\"><strong>THC<\/strong><\/td>\n<td style=\"width: 50%; text-align: center;\"><strong>0.19%<\/strong><\/td>\n<\/tr>\n<tr>\n<td style=\"width: 50%; text-align: center;\"><strong>CBD<\/strong><\/td>\n<td style=\"width: 50%; text-align: center;\"><strong>24%<\/strong><\/td>\n<\/tr>\n<tr>\n<td style=\"width: 50%; text-align: center;\"><strong>CBG<\/strong><\/td>\n<td style=\"width: 50%; text-align: center;\"><strong>n.n<\/strong><\/td>\n<\/tr>\n<tr>\n<td style=\"width: 50%; text-align: center;\"><b>La cultura<\/b><\/td>\n<td style=\"width: 50%; text-align: center;\"><strong>interno<\/strong><\/td>\n<\/tr>\n<\/tbody>\n<\/table>","protected":false},"featured_media":10070,"comment_status":"open","ping_status":"closed","template":"","meta":{"inline_featured_image":false},"product_brand":[75],"product_cat":[59],"product_tag":[76,229,230],"class_list":{"0":"post-10063","1":"product","2":"type-product","3":"status-publish","4":"has-post-thumbnail","6":"product_brand-la-verte","7":"product_cat-pollens","8":"product_tag-indoor","9":"product_tag-pollens","10":"product_tag-resines","12":"first","13":"instock","14":"taxable","15":"shipping-taxable","16":"purchasable","17":"product-type-variable","18":"has-default-attributes"},"jetpack_sharing_enabled":true,"_links":{"self":[{"href":"https:\/\/laverteshop.fr\/it\/wp-json\/wp\/v2\/product\/10063","targetHints":{"allow":["GET"]}}],"collection":[{"href":"https:\/\/laverteshop.fr\/it\/wp-json\/wp\/v2\/product"}],"about":[{"href":"https:\/\/laverteshop.fr\/it\/wp-json\/wp\/v2\/types\/product"}],"replies":[{"embeddable":true,"href":"https:\/\/laverteshop.fr\/it\/wp-json\/wp\/v2\/comments?post=10063"}],"wp:featuredmedia":[{"embeddable":true,"href":"https:\/\/laverteshop.fr\/it\/wp-json\/wp\/v2\/media\/10070"}],"wp:attachment":[{"href":"https:\/\/laverteshop.fr\/it\/wp-json\/wp\/v2\/media?parent=10063"}],"wp:term":[{"taxonomy":"product_brand","embeddable":true,"href":"https:\/\/laverteshop.fr\/it\/wp-json\/wp\/v2\/product_brand?post=10063"},{"taxonomy":"product_cat","embeddable":true,"href":"https:\/\/laverteshop.fr\/it\/wp-json\/wp\/v2\/product_cat?post=10063"},{"taxonomy":"product_tag","embeddable":true,"href":"https:\/\/laverteshop.fr\/it\/wp-json\/wp\/v2\/product_tag?post=10063"}],"curies":[{"name":"wp","href":"https:\/\/api.w.org\/{rel}","templated":true}]}}