{"id":9752,"date":"2021-11-12T09:28:56","date_gmt":"2021-11-12T08:28:56","guid":{"rendered":"https:\/\/laverteshop.fr\/?post_type=product&#038;p=9752"},"modified":"2025-07-15T15:04:12","modified_gmt":"2025-07-15T13:04:12","slug":"gizeh-extra-fine-king-size-slim","status":"publish","type":"product","link":"https:\/\/laverteshop.fr\/fi\/tuote\/gizeh-extra-fine-king-size-slim\/","title":{"rendered":"Gizeh extra fine King size slim"},"content":{"rendered":"<p>GIZEH extra fine king size slim lakanat, magneettisuljin.<\/p>\n<p>N\u00e4m\u00e4 Gizeh-arkit erottuvat ainutlaatuisen hienosta paperista ja hitaasta palamisesta.<\/p>\n<p>Ne on valmistettu selluloosasta, ja niiss\u00e4 on suuri tahmea pinta. Magneettisuljenta tarjoaa optimaalisen suojan lakanoillesi!<\/p>","protected":false},"excerpt":{"rendered":"<p>GIZEH extra fine king size slim lakanat, magneettisuljin.<\/p>\n<p>N\u00e4iss\u00e4 Gizeh-arkkeissa on ainutlaatuinen hieno paperi ja hidas palaminen. Ne on valmistettu selluloosasta ja niiss\u00e4 on suuri tahmea pinta. Magneettisuljenta tarjoaa optimaalisen suojan arkeillesi!<\/p>\n<ul>\n<li>Koko: 107*44 mm<\/li>\n<li>Paino: 14g\/qm2<\/li>\n<li>33 arkkia pakkauksessa<\/li>\n<\/ul>","protected":false},"featured_media":9771,"comment_status":"open","ping_status":"closed","template":"","meta":{"inline_featured_image":false},"product_brand":[212],"product_cat":[196],"product_tag":[217],"class_list":{"0":"post-9752","1":"product","2":"type-product","3":"status-publish","4":"has-post-thumbnail","6":"product_brand-gizeh","7":"product_cat-feuilles-a-rouler","8":"product_tag-feuilles","10":"first","11":"instock","12":"taxable","13":"shipping-taxable","14":"purchasable","15":"product-type-simple"},"jetpack_sharing_enabled":true,"_links":{"self":[{"href":"https:\/\/laverteshop.fr\/fi\/wp-json\/wp\/v2\/product\/9752","targetHints":{"allow":["GET"]}}],"collection":[{"href":"https:\/\/laverteshop.fr\/fi\/wp-json\/wp\/v2\/product"}],"about":[{"href":"https:\/\/laverteshop.fr\/fi\/wp-json\/wp\/v2\/types\/product"}],"replies":[{"embeddable":true,"href":"https:\/\/laverteshop.fr\/fi\/wp-json\/wp\/v2\/comments?post=9752"}],"wp:featuredmedia":[{"embeddable":true,"href":"https:\/\/laverteshop.fr\/fi\/wp-json\/wp\/v2\/media\/9771"}],"wp:attachment":[{"href":"https:\/\/laverteshop.fr\/fi\/wp-json\/wp\/v2\/media?parent=9752"}],"wp:term":[{"taxonomy":"product_brand","embeddable":true,"href":"https:\/\/laverteshop.fr\/fi\/wp-json\/wp\/v2\/product_brand?post=9752"},{"taxonomy":"product_cat","embeddable":true,"href":"https:\/\/laverteshop.fr\/fi\/wp-json\/wp\/v2\/product_cat?post=9752"},{"taxonomy":"product_tag","embeddable":true,"href":"https:\/\/laverteshop.fr\/fi\/wp-json\/wp\/v2\/product_tag?post=9752"}],"curies":[{"name":"wp","href":"https:\/\/api.w.org\/{rel}","templated":true}]}}