{"id":9743,"date":"2021-11-11T16:00:33","date_gmt":"2021-11-11T15:00:33","guid":{"rendered":"https:\/\/laverteshop.fr\/?post_type=product&#038;p=9743"},"modified":"2025-07-15T15:04:14","modified_gmt":"2025-07-15T13:04:14","slug":"greengo-2-in-1-suodatinkalvot","status":"publish","type":"product","link":"https:\/\/laverteshop.fr\/fi\/tuote\/greengo-2-in-1-suodatinkalvot\/","title":{"rendered":"Greengo 2 in 1 lakanat + suodattimet"},"content":{"rendered":"<p>Greengo 2 in 1. Lehdet ja suodattimet samanaikaisesti Greengo-pakkauksessa.<\/p>\n<p>Greengo-paperi on valmistettu FSC-sertifioidusta puumassasta. Greengo-k\u00e4\u00e4r\u00f6papereiden ihanteellinen paksuus on 14 g\/m2.<\/p>\n<p>Suodattimet on valmistettu 140 gramman kierr\u00e4tyspaperista. Jopa Greengon rullauspaperipakkaus on valmistettu kokonaan kierr\u00e4tyspaperista.<\/p>\n<p>&nbsp;<\/p>","protected":false},"excerpt":{"rendered":"<p>Greengo 2 in 1. Lehdet ja suodattimet samanaikaisesti Greengo-pakkauksessa.<\/p>\n<p>Greengo-paperi on valmistettu FSC-sertifioidusta puumassasta. Greengo-k\u00e4\u00e4r\u00f6papereiden ihanteellinen paksuus on 14 g\/m2.<\/p>\n<p>Suodattimet on valmistettu 140 gramman kierr\u00e4tyspaperista. Jopa Greengon rullauspaperipakkaus on valmistettu kokonaan kierr\u00e4tyspaperista.<\/p>","protected":false},"featured_media":9747,"comment_status":"open","ping_status":"closed","template":"","meta":{"inline_featured_image":false},"product_brand":[201],"product_cat":[196],"product_tag":[217],"class_list":{"0":"post-9743","1":"product","2":"type-product","3":"status-publish","4":"has-post-thumbnail","6":"product_brand-greengo","7":"product_cat-feuilles-a-rouler","8":"product_tag-feuilles","10":"first","11":"instock","12":"taxable","13":"shipping-taxable","14":"purchasable","15":"product-type-simple"},"jetpack_sharing_enabled":true,"_links":{"self":[{"href":"https:\/\/laverteshop.fr\/fi\/wp-json\/wp\/v2\/product\/9743","targetHints":{"allow":["GET"]}}],"collection":[{"href":"https:\/\/laverteshop.fr\/fi\/wp-json\/wp\/v2\/product"}],"about":[{"href":"https:\/\/laverteshop.fr\/fi\/wp-json\/wp\/v2\/types\/product"}],"replies":[{"embeddable":true,"href":"https:\/\/laverteshop.fr\/fi\/wp-json\/wp\/v2\/comments?post=9743"}],"wp:featuredmedia":[{"embeddable":true,"href":"https:\/\/laverteshop.fr\/fi\/wp-json\/wp\/v2\/media\/9747"}],"wp:attachment":[{"href":"https:\/\/laverteshop.fr\/fi\/wp-json\/wp\/v2\/media?parent=9743"}],"wp:term":[{"taxonomy":"product_brand","embeddable":true,"href":"https:\/\/laverteshop.fr\/fi\/wp-json\/wp\/v2\/product_brand?post=9743"},{"taxonomy":"product_cat","embeddable":true,"href":"https:\/\/laverteshop.fr\/fi\/wp-json\/wp\/v2\/product_cat?post=9743"},{"taxonomy":"product_tag","embeddable":true,"href":"https:\/\/laverteshop.fr\/fi\/wp-json\/wp\/v2\/product_tag?post=9743"}],"curies":[{"name":"wp","href":"https:\/\/api.w.org\/{rel}","templated":true}]}}