{"id":9391,"date":"2021-10-08T15:35:14","date_gmt":"2021-10-08T13:35:14","guid":{"rendered":"https:\/\/laverteshop.fr\/?post_type=product&#038;p=9391"},"modified":"2025-11-27T05:48:27","modified_gmt":"2025-11-27T04:48:27","slug":"mini-buds-amnesia-haze","status":"publish","type":"product","link":"https:\/\/laverteshop.fr\/fi\/tuote\/mini-buds-amnesia-haze\/","title":{"rendered":"Mini Buds Amnesia Haze"},"content":{"rendered":"<p>Voici la nouvelle r\u00e9colte de Mini Buds Amnesia Haze ! Elle provient d&rsquo;un nouveau producteur, et est bien meilleure qu&rsquo;avant ! Un gout terreux et poivr\u00e9 bien pr\u00e9sent, typique des fleurs Amnesia Haze. Elle sont de culture indoor, donc aux conditions optimales.<\/p>\n<p>Ces mini buds indoor ont un puissant nez \u00e0 l&rsquo;ouverture du paquet, qui vous rappellera le c\u00f4t\u00e9 un peu relev\u00e9 de la Amnesia Haze. Leur couleur vert clair, ainsi que leur texture plut\u00f4t mi s\u00e8che &#8211; mi humide vous ravirons. Un effet de relaxation, et un l\u00e9ger go\u00fbt poivr\u00e9 en bouche.<\/p>\n<p>Hinta on selv\u00e4sti ly\u00f6m\u00e4t\u00f6n t\u00e4lle sis\u00e4tiloissa tarjoillulle pieniss\u00e4 kukissa. \u00c4l\u00e4 ep\u00e4r\u00f6i tilata!<\/p>\n<p>Tuotteemme ovat sertifioitua sveitsil\u00e4ist\u00e4 CBD-laatua. Meille on t\u00e4rkeint\u00e4, ett\u00e4 voimme tarjota sinulle kukkia ja siitep\u00f6ly\u00e4, joiden arvo on erinomainen, kohtuulliseen ja hyv\u00e4ksytt\u00e4v\u00e4\u00e4n hintaan ja jotka ovat EU:n hyv\u00e4ksymien tasojen mukaisia (&lt;0,2% THC).<\/p>\n<p>Mit\u00e4 voit tehd\u00e4 n\u00e4ill\u00e4 tuotteilla? Rentouttavia infuusioita unen parantamiseksi, potpourria, jolla voit kyll\u00e4st\u00e4\u00e4 kotisi luonnollisella tuoksulla, tai voit k\u00e4ytt\u00e4\u00e4 niit\u00e4 halutessasi ruoassa (salaatissa, kastikkeissa, mausteissa).<\/p>\n<p>Suosittelemme, ett\u00e4 otat yhteytt\u00e4 l\u00e4\u00e4k\u00e4riisi, joka osaa neuvoa sinua CBD:n parhaasta k\u00e4ytt\u00f6tavasta.<\/p>","protected":false},"excerpt":{"rendered":"<p>Voici la nouvelle r\u00e9colte de Mini Buds Amnesia Haze ! Elle provient d&rsquo;un nouveau producteur, et est bien meilleure qu&rsquo;avant ! Un gout terreux et poivr\u00e9 bien pr\u00e9sent, typique des fleurs Amnesia Haze. Elle sont de culture indoor, donc aux conditions optimales.<\/p>\n<p>Ces mini buds indoor ont un puissant nez \u00e0 l&rsquo;ouverture du paquet, qui vous rappellera le c\u00f4t\u00e9 un peu relev\u00e9 de la Amnesia Haze. Leur couleur vert clair, ainsi que leur texture plut\u00f4t mi s\u00e8che &#8211; mi humide vous ravirons. Un effet de relaxation, et un l\u00e9ger go\u00fbt poivr\u00e9 en bouche. Parfait pour nous amateurs de mini buds de qualit\u00e9.<\/p>\n<table style=\"border-collapse: collapse; width: 244px; height: 216px;\" border=\"1\">\n<tbody>\n<tr>\n<td style=\"width: 50%; text-align: center;\"><strong>THC<\/strong><\/td>\n<td style=\"width: 50%; text-align: center;\"><strong>0.25%<\/strong><\/td>\n<\/tr>\n<tr>\n<td style=\"width: 50%; text-align: center;\"><strong>CBD<\/strong><\/td>\n<td style=\"width: 50%; text-align: center;\"><strong>14%<\/strong><\/td>\n<\/tr>\n<tr>\n<td style=\"width: 50%; text-align: center;\"><strong>CBG<\/strong><\/td>\n<td style=\"width: 50%; text-align: center;\"><strong>0.10%<\/strong><\/td>\n<\/tr>\n<tr>\n<td style=\"width: 50%; text-align: center;\"><b>Kulttuuri<\/b><\/td>\n<td style=\"width: 50%; text-align: center;\"><strong>SIS\u00c4TILOISSA<\/strong><\/td>\n<\/tr>\n<\/tbody>\n<\/table>","protected":false},"featured_media":15880,"comment_status":"open","ping_status":"closed","template":"","meta":{"inline_featured_image":false},"product_brand":[75],"product_cat":[258,58,253],"product_tag":[220,76,252],"class_list":{"0":"post-9391","1":"product","2":"type-product","3":"status-publish","4":"has-post-thumbnail","6":"product_brand-la-verte","7":"product_cat-trim-minibuds-cbd","8":"product_cat-fleurs","9":"product_cat-indoor","10":"product_tag-fleurs-cbd","11":"product_tag-indoor","12":"product_tag-mini-buds","14":"first","15":"outofstock","16":"taxable","17":"shipping-taxable","18":"purchasable","19":"product-type-variable"},"jetpack_sharing_enabled":true,"_links":{"self":[{"href":"https:\/\/laverteshop.fr\/fi\/wp-json\/wp\/v2\/product\/9391","targetHints":{"allow":["GET"]}}],"collection":[{"href":"https:\/\/laverteshop.fr\/fi\/wp-json\/wp\/v2\/product"}],"about":[{"href":"https:\/\/laverteshop.fr\/fi\/wp-json\/wp\/v2\/types\/product"}],"replies":[{"embeddable":true,"href":"https:\/\/laverteshop.fr\/fi\/wp-json\/wp\/v2\/comments?post=9391"}],"wp:featuredmedia":[{"embeddable":true,"href":"https:\/\/laverteshop.fr\/fi\/wp-json\/wp\/v2\/media\/15880"}],"wp:attachment":[{"href":"https:\/\/laverteshop.fr\/fi\/wp-json\/wp\/v2\/media?parent=9391"}],"wp:term":[{"taxonomy":"product_brand","embeddable":true,"href":"https:\/\/laverteshop.fr\/fi\/wp-json\/wp\/v2\/product_brand?post=9391"},{"taxonomy":"product_cat","embeddable":true,"href":"https:\/\/laverteshop.fr\/fi\/wp-json\/wp\/v2\/product_cat?post=9391"},{"taxonomy":"product_tag","embeddable":true,"href":"https:\/\/laverteshop.fr\/fi\/wp-json\/wp\/v2\/product_tag?post=9391"}],"curies":[{"name":"wp","href":"https:\/\/api.w.org\/{rel}","templated":true}]}}