{"id":9235,"date":"2021-09-24T08:41:14","date_gmt":"2021-09-24T06:41:14","guid":{"rendered":"https:\/\/laverteshop.fr\/?post_type=product&#038;p=9235"},"modified":"2026-03-09T07:16:26","modified_gmt":"2026-03-09T06:16:26","slug":"orgaaninen-vihrea-20-cbd-oljy","status":"publish","type":"product","link":"https:\/\/laverteshop.fr\/fi\/tuote\/orgaaninen-vihrea-20-cbd-oljy\/","title":{"rendered":"Orgaaninen CBD-\u00f6ljy - La Verte - 20% CBD"},"content":{"rendered":"<p>T\u00e4m\u00e4 orgaaninen CBD-\u00f6ljy - La Verte - 20% CBD on t\u00e4ydellinen, jos sinulla on kroonista kipua tai uniongelmia.<\/p>\n<p>CBD-\u00f6ljymme on sertifioitua sveitsil\u00e4ist\u00e4 CBD-laatua. Meille on t\u00e4rkeint\u00e4, ett\u00e4 voimme tarjota sinulle edulliseen ja hyv\u00e4ksytt\u00e4v\u00e4\u00e4n hintaan erinomaisia \u00f6ljyj\u00e4, jotka ovat EU:n hyv\u00e4ksymien tasojen mukaisia (0% THC).<\/p>\n<p>Suosittelemme, ett\u00e4 otat yhteytt\u00e4 l\u00e4\u00e4k\u00e4riisi, joka osaa neuvoa sinua CBD:n parhaasta k\u00e4ytt\u00f6tavasta.<\/p>","protected":false},"excerpt":{"rendered":"<p>Orgaaninen CBD-\u00f6ljymme - La Verte - 20% CBD on kehitetty Sveitsiss\u00e4 tiedemiesten ja tutkijoiden toimesta, jotka haluavat tuottaa parasta \u00f6ljy\u00e4 hyvinvointiisi.<\/p>\n<p>T\u00e4m\u00e4 20% CBD-\u00f6ljy sopii erinomaisesti uneen ja jos sinulla on toistuvia kipuja ja s\u00e4rkyj\u00e4.<\/p>\n<p>Ses 20% de CBD agiront rapidement sur votre corps pour vous procurer le bien \u00eatre cherch\u00e9. C&rsquo;est une huile MCT, ce qui signifie qu&rsquo;elle est faite \u00e0 base d&rsquo;huile de coco, ce qui la rend plus l\u00e9g\u00e8re et donc parfait pour son utilisation.<\/p>","protected":false},"featured_media":9229,"comment_status":"open","ping_status":"closed","template":"","meta":{"inline_featured_image":false},"product_brand":[75],"product_cat":[60,243],"product_tag":[215,216],"class_list":{"0":"post-9235","1":"product","2":"type-product","3":"status-publish","4":"has-post-thumbnail","6":"product_brand-la-verte","7":"product_cat-bien-etre","8":"product_cat-huiles-cbd","9":"product_tag-bio","10":"product_tag-huile-cbd","12":"first","13":"outofstock","14":"taxable","15":"shipping-taxable","16":"purchasable","17":"product-type-simple"},"jetpack_sharing_enabled":true,"_links":{"self":[{"href":"https:\/\/laverteshop.fr\/fi\/wp-json\/wp\/v2\/product\/9235","targetHints":{"allow":["GET"]}}],"collection":[{"href":"https:\/\/laverteshop.fr\/fi\/wp-json\/wp\/v2\/product"}],"about":[{"href":"https:\/\/laverteshop.fr\/fi\/wp-json\/wp\/v2\/types\/product"}],"replies":[{"embeddable":true,"href":"https:\/\/laverteshop.fr\/fi\/wp-json\/wp\/v2\/comments?post=9235"}],"wp:featuredmedia":[{"embeddable":true,"href":"https:\/\/laverteshop.fr\/fi\/wp-json\/wp\/v2\/media\/9229"}],"wp:attachment":[{"href":"https:\/\/laverteshop.fr\/fi\/wp-json\/wp\/v2\/media?parent=9235"}],"wp:term":[{"taxonomy":"product_brand","embeddable":true,"href":"https:\/\/laverteshop.fr\/fi\/wp-json\/wp\/v2\/product_brand?post=9235"},{"taxonomy":"product_cat","embeddable":true,"href":"https:\/\/laverteshop.fr\/fi\/wp-json\/wp\/v2\/product_cat?post=9235"},{"taxonomy":"product_tag","embeddable":true,"href":"https:\/\/laverteshop.fr\/fi\/wp-json\/wp\/v2\/product_tag?post=9235"}],"curies":[{"name":"wp","href":"https:\/\/api.w.org\/{rel}","templated":true}]}}