{"id":8847,"date":"2021-08-31T09:16:13","date_gmt":"2021-08-31T07:16:13","guid":{"rendered":"https:\/\/laverteshop.fr\/?post_type=product&#038;p=8847"},"modified":"2025-07-15T15:10:42","modified_gmt":"2025-07-15T13:10:42","slug":"suodattimet-a-hiili-aktiivinen-aktiiviputki-extra-slim-6mm","status":"publish","type":"product","link":"https:\/\/laverteshop.fr\/fi\/tuote\/suodattimet-a-hiili-aktiivinen-aktiiviputki-extra-slim-6mm\/","title":{"rendered":"Actitube| Extra Slim 6mm aktiivihiilisuodattimet"},"content":{"rendered":"<p>- Suodattimen mitat: 6 x 27 mm<br \/>\n- Keraamiset korkit molemmin puolin<br \/>\n- 50 suodatinta pakkauksessa<\/p>\n<p><strong>Talviset vinkit :<\/strong><\/p>\n<p>Alle 5 \u00b0C:n l\u00e4mp\u00f6tiloissa suodatin voi tukkeutua. T\u00e4m\u00e4 johtuu savun tiivistymisest\u00e4 suodattimen sis\u00e4lle.<\/p>\n<p>Siksi on suositeltavaa polttaa sis\u00e4tiloissa kylm\u00e4n\u00e4 vuodenaikana tai pit\u00e4\u00e4 savu poissa talosta.\u00a0<a href=\"https:\/\/laverteshop.fr\/fi\/tuoteryhma\/tarvikkeet\/suodattimet\/\">suodatin<\/a>\u00a0kunnes kytket sen p\u00e4\u00e4lle.<\/p>\n<p>Varmistaaksemme, ett\u00e4 saat parhaan mahdollisen makuel\u00e4myksen, myymme vain korkealaatuisia tuotteita. Niiden valmistuksessa k\u00e4ytet\u00e4\u00e4n ensiluokkaisia materiaaleja, ja ne ovat tunnustettuja kaikkialla maailmassa.<\/p>\n<p>Hinnat ovat my\u00f6s eritt\u00e4in houkuttelevat t\u00e4m\u00e4ntyyppisille tuotteille, joten \u00e4l\u00e4 ep\u00e4r\u00f6i lis\u00e4t\u00e4 niit\u00e4 tilaukseesi!<\/p>","protected":false},"excerpt":{"rendered":"<p>The\u00a0<strong>suodattimet\u00a0<\/strong><a href=\"https:\/\/laverteshop.fr\/fi\/tuote\/filtres-a-charbon-active-actitube-slim-compact-travel-size\/\"><strong>ActiTube<\/strong><\/a> <strong>Extra<\/strong> <strong>Slim<\/strong>\u00a0on suunniteltu suodattamaan suuri osa haitallisista aineista aktiivihiilen avulla.<\/p>\n<p>N\u00e4iden suodattimien osalta actiTube on v\u00e4hent\u00e4nyt t\u00e4ytt\u00f6astetta. T\u00e4m\u00e4n seurauksena hengitysteiden suojaus on heikentynyt, mutta saat silti T\u00c4YDELLISEN MAKUISEN savustuksen rullakoita polttaessasi.<\/p>\n<p>Sen erityispiirteen\u00e4 on, ett\u00e4 se pid\u00e4tt\u00e4\u00e4 tiettyj\u00e4 aineita, kuten nikotiinia ja tervaa, joita muodostuu savukkeita poltettaessa, sek\u00e4 muita haitallisia aineita.<\/p>\n<p>Kun savu kulkee aktiivihiilisuodattimen l\u00e4pi, suuri osa savun sis\u00e4lt\u00e4m\u00e4st\u00e4 haitallisesta tervasta tarttuu aktiivihiileen.<\/p>\n<p>La fum\u00e9e est moins n\u00e9faste, elle est refroidie par un embout en c\u00e9ramique, ce qui l&rsquo;a rend plus douce, le go\u00fbt du tabac est att\u00e9nu\u00e9 mais pas celui de l\u2019herbe et l\u2019effet du \u00ab hit \u00bb n\u2019est pas alt\u00e9r\u00e9.<\/p>","protected":false},"featured_media":9974,"comment_status":"open","ping_status":"closed","template":"","meta":{"inline_featured_image":false},"product_brand":[211],"product_cat":[197,61],"product_tag":[217,218],"class_list":{"0":"post-8847","1":"product","2":"type-product","3":"status-publish","4":"has-post-thumbnail","6":"product_brand-actitube","7":"product_cat-filtres","8":"product_cat-accessoires","9":"product_tag-feuilles","10":"product_tag-filtres","12":"first","13":"instock","14":"taxable","15":"shipping-taxable","16":"purchasable","17":"product-type-simple"},"jetpack_sharing_enabled":true,"_links":{"self":[{"href":"https:\/\/laverteshop.fr\/fi\/wp-json\/wp\/v2\/product\/8847","targetHints":{"allow":["GET"]}}],"collection":[{"href":"https:\/\/laverteshop.fr\/fi\/wp-json\/wp\/v2\/product"}],"about":[{"href":"https:\/\/laverteshop.fr\/fi\/wp-json\/wp\/v2\/types\/product"}],"replies":[{"embeddable":true,"href":"https:\/\/laverteshop.fr\/fi\/wp-json\/wp\/v2\/comments?post=8847"}],"wp:featuredmedia":[{"embeddable":true,"href":"https:\/\/laverteshop.fr\/fi\/wp-json\/wp\/v2\/media\/9974"}],"wp:attachment":[{"href":"https:\/\/laverteshop.fr\/fi\/wp-json\/wp\/v2\/media?parent=8847"}],"wp:term":[{"taxonomy":"product_brand","embeddable":true,"href":"https:\/\/laverteshop.fr\/fi\/wp-json\/wp\/v2\/product_brand?post=8847"},{"taxonomy":"product_cat","embeddable":true,"href":"https:\/\/laverteshop.fr\/fi\/wp-json\/wp\/v2\/product_cat?post=8847"},{"taxonomy":"product_tag","embeddable":true,"href":"https:\/\/laverteshop.fr\/fi\/wp-json\/wp\/v2\/product_tag?post=8847"}],"curies":[{"name":"wp","href":"https:\/\/api.w.org\/{rel}","templated":true}]}}