{"id":8844,"date":"2021-08-31T09:16:07","date_gmt":"2021-08-31T07:16:07","guid":{"rendered":"https:\/\/laverteshop.fr\/?post_type=product&#038;p=8844"},"modified":"2025-07-15T15:10:43","modified_gmt":"2025-07-15T13:10:43","slug":"suodattimet-a-hiili-aktiivinen-aktiiviputki-ohut-kompakti-matkakoko","status":"publish","type":"product","link":"https:\/\/laverteshop.fr\/fi\/tuote\/suodattimet-a-hiili-aktiivinen-aktiiviputki-ohut-kompakti-matkakoko\/","title":{"rendered":"GIZEH Bio Hamppu ohut hiilisuodattimet koko 6 mm"},"content":{"rendered":"<div>Aktiivihiilisuodatin ja k\u00e4yt\u00e4nn\u00f6llinen pakkaus on valmistettu luonnollisesta hamppusuodatinpaperista.<\/div>\n<div>T\u00e4m\u00e4 tekee niist\u00e4 erityisen kest\u00e4vi\u00e4 ja ymp\u00e4rist\u00f6yst\u00e4v\u00e4llisi\u00e4, sill\u00e4 niiden k\u00e4sittelyyn tarvitaan paljon v\u00e4hemm\u00e4n energiaa ja vett\u00e4.<\/div>\n<div>T\u00e4m\u00e4n luonnontuotteen tuntuma, v\u00e4ri ja pintak\u00e4sittely ovat sen vuoksi erityiset.<\/div>\n<div><\/div>\n<div>Ominaisuudet:<\/div>\n<div><\/div>\n<div>- halkaisija 6 mm<\/div>\n<div>- 27 mm pitk\u00e4<\/div>\n<div>- Keraamiset korkit molemmin puolin<\/div>\n<div>- 10 suodatinta pakkauksessa<\/div>\n<div>- Valmistettu Saksassa<\/div>","protected":false},"excerpt":{"rendered":"<p>GIZEH Bio Hemp -aktiiviset suodattimet on kehitetty erityisesti king-size-iloa varten.<\/p>\n<p>Le charbon actif nettoy\u00e9 \u00e0 l&rsquo;int\u00e9rieur des filtres est fabriqu\u00e9 \u00e0 partir de coques de noix de coco et garantit une exp\u00e9rience gustative \u00e9quilibr\u00e9e tout en r\u00e9duisant la charge polluante sur les voies respiratoires.<\/p>\n<p>Pienikokoiset GIZEH BIO HEMP -hiilisuodattimet ilahduttavat sinua ja parantavat savun laatua.<\/p>","protected":false},"featured_media":18071,"comment_status":"open","ping_status":"closed","template":"","meta":{"inline_featured_image":false},"product_brand":[211],"product_cat":[197],"product_tag":[217,218],"class_list":{"0":"post-8844","1":"product","2":"type-product","3":"status-publish","4":"has-post-thumbnail","6":"product_brand-actitube","7":"product_cat-filtres","8":"product_tag-feuilles","9":"product_tag-filtres","11":"first","12":"instock","13":"taxable","14":"shipping-taxable","15":"purchasable","16":"product-type-simple"},"jetpack_sharing_enabled":true,"_links":{"self":[{"href":"https:\/\/laverteshop.fr\/fi\/wp-json\/wp\/v2\/product\/8844","targetHints":{"allow":["GET"]}}],"collection":[{"href":"https:\/\/laverteshop.fr\/fi\/wp-json\/wp\/v2\/product"}],"about":[{"href":"https:\/\/laverteshop.fr\/fi\/wp-json\/wp\/v2\/types\/product"}],"replies":[{"embeddable":true,"href":"https:\/\/laverteshop.fr\/fi\/wp-json\/wp\/v2\/comments?post=8844"}],"wp:featuredmedia":[{"embeddable":true,"href":"https:\/\/laverteshop.fr\/fi\/wp-json\/wp\/v2\/media\/18071"}],"wp:attachment":[{"href":"https:\/\/laverteshop.fr\/fi\/wp-json\/wp\/v2\/media?parent=8844"}],"wp:term":[{"taxonomy":"product_brand","embeddable":true,"href":"https:\/\/laverteshop.fr\/fi\/wp-json\/wp\/v2\/product_brand?post=8844"},{"taxonomy":"product_cat","embeddable":true,"href":"https:\/\/laverteshop.fr\/fi\/wp-json\/wp\/v2\/product_cat?post=8844"},{"taxonomy":"product_tag","embeddable":true,"href":"https:\/\/laverteshop.fr\/fi\/wp-json\/wp\/v2\/product_tag?post=8844"}],"curies":[{"name":"wp","href":"https:\/\/api.w.org\/{rel}","templated":true}]}}