{"id":8780,"date":"2021-08-30T13:13:23","date_gmt":"2021-08-30T11:13:23","guid":{"rendered":"https:\/\/laverteshop.fr\/?post_type=product&#038;p=8780"},"modified":"2025-07-15T15:10:51","modified_gmt":"2025-07-15T13:10:51","slug":"blunt-wrap-double-platina-vihrea-omenamartini","status":"publish","type":"product","link":"https:\/\/laverteshop.fr\/fi\/tuote\/blunt-wrap-double-platina-vihrea-omenamartini\/","title":{"rendered":"Blunt Wrap Double Platinum vihre\u00e4 | Apple Martini"},"content":{"rendered":"<p>Blunt on\u00a0<b>savukepaperin tyyppi<\/b>\u00a0ja termi, jota k\u00e4ytet\u00e4\u00e4n kuvaamaan<i>\u00a0suuret nivelet.\u00a0<\/i>Tylpp\u00e4 lehti on\u00a0<b><a href=\"https:\/\/laverteshop.fr\/fi\/tuoteryhma\/tarvikkeet\/valssauslevyt\/\">luonnollinen tupakanlehti<\/a>,\u00a0<\/b>jotka voidaan maustaa, jotta ruokaan saadaan lis\u00e4\u00e4 makua. <a href=\"https:\/\/laverteshop.fr\/fi\/7808-2\/\">kannabis<\/a>.<\/p>\n<p>Amerikkalaiset r\u00e4pp\u00e4rit ja hiphop-laulajat k\u00e4yttiv\u00e4t t\u00e4t\u00e4 termi\u00e4 ensimm\u00e4isen\u00e4.<b>\u00a0rullauspaperia liitosten tekemiseksi.<\/b>\u00a0Se oli hyv\u00e4 keino j\u00e4\u00e4d\u00e4 huomaamatta, koska se oli<i>\u00a0n\u00e4ytti enemm\u00e4n Kuubassa tuotetuilta cohiba-sikareilta...<\/i>.<\/p>","protected":false},"excerpt":{"rendered":"<p><strong>2 tupakkaa per pakkaus<\/strong><br \/>\n<strong>Saveur \u00ab\u00a0Pomme\u00a0\u00bb &#8211; Apple Martini<\/strong><br \/>\nNauti muista mauista <a href=\"https:\/\/laverteshop.fr\/fi\/tuote\/blunt-wrap-double-platinum-blue-blueberry-burst\/\">Tylpp\u00e4 k\u00e4\u00e4re<\/a>.<br \/>\nHedelm\u00e4inen, eksoottinen, makea - jokaiselle l\u00f6ytyy jotakin!<br \/>\nAito karibialainen savustusherkku, joka on valmistettu Dominikaanisessa tasavallassa.<\/p>","protected":false},"featured_media":8786,"comment_status":"open","ping_status":"closed","template":"","meta":{"inline_featured_image":false},"product_brand":[210],"product_cat":[206],"product_tag":[217,218],"class_list":{"0":"post-8780","1":"product","2":"type-product","3":"status-publish","4":"has-post-thumbnail","6":"product_brand-blunt-wrap-double-platinum","7":"product_cat-blunt","8":"product_tag-feuilles","9":"product_tag-filtres","11":"first","12":"outofstock","13":"taxable","14":"shipping-taxable","15":"purchasable","16":"product-type-variable"},"jetpack_sharing_enabled":true,"_links":{"self":[{"href":"https:\/\/laverteshop.fr\/fi\/wp-json\/wp\/v2\/product\/8780","targetHints":{"allow":["GET"]}}],"collection":[{"href":"https:\/\/laverteshop.fr\/fi\/wp-json\/wp\/v2\/product"}],"about":[{"href":"https:\/\/laverteshop.fr\/fi\/wp-json\/wp\/v2\/types\/product"}],"replies":[{"embeddable":true,"href":"https:\/\/laverteshop.fr\/fi\/wp-json\/wp\/v2\/comments?post=8780"}],"wp:featuredmedia":[{"embeddable":true,"href":"https:\/\/laverteshop.fr\/fi\/wp-json\/wp\/v2\/media\/8786"}],"wp:attachment":[{"href":"https:\/\/laverteshop.fr\/fi\/wp-json\/wp\/v2\/media?parent=8780"}],"wp:term":[{"taxonomy":"product_brand","embeddable":true,"href":"https:\/\/laverteshop.fr\/fi\/wp-json\/wp\/v2\/product_brand?post=8780"},{"taxonomy":"product_cat","embeddable":true,"href":"https:\/\/laverteshop.fr\/fi\/wp-json\/wp\/v2\/product_cat?post=8780"},{"taxonomy":"product_tag","embeddable":true,"href":"https:\/\/laverteshop.fr\/fi\/wp-json\/wp\/v2\/product_tag?post=8780"}],"curies":[{"name":"wp","href":"https:\/\/api.w.org\/{rel}","templated":true}]}}