{"id":8467,"date":"2021-08-10T16:56:22","date_gmt":"2021-08-10T14:56:22","guid":{"rendered":"https:\/\/laverteshop.fr\/?post_type=product&#038;p=8467"},"modified":"2025-11-13T11:11:05","modified_gmt":"2025-11-13T10:11:05","slug":"leaves-a-roll-filters-mascot-slim-size-organic-combi-pack","status":"publish","type":"product","link":"https:\/\/laverteshop.fr\/fi\/tuote\/leaves-a-roll-filters-mascot-slim-size-organic-combi-pack\/","title":{"rendered":"K\u00e4\u00e4rint\u00e4liinat + suodattimet | Mascotte Slim Size Organic Combi Pack -kokopakkaus"},"content":{"rendered":"<p>Les feuilles \u00e0 rouler Mascotte sont connus mondialement, car elle nous viennent tout droit d&rsquo;Amsterdam.<br \/>\nVarmistaaksemme, ett\u00e4 saat parhaan mahdollisen makuel\u00e4myksen, myymme vain korkealaatuisia tuotteita. Ne ovat maailmankuuluja rakenteeltaan, ja ennen kaikkea ne on valmistettu ensiluokkaisista materiaaleista ja raaka-aineista.<br \/>\nHinnat ovat my\u00f6s eritt\u00e4in houkuttelevat t\u00e4m\u00e4ntyyppisille tuotteille, joten \u00e4l\u00e4 ep\u00e4r\u00f6i lis\u00e4t\u00e4 niit\u00e4 tilaukseesi!<\/p>\n<p><em>Saatat my\u00f6s pit\u00e4\u00e4:<\/em><\/p>\n<ul>\n<li><a href=\"https:\/\/laverteshop.fr\/fi\/tuote\/8384\/\">Raaka alkuper\u00e4inen kuningas<\/a><\/li>\n<li><a href=\"https:\/\/laverteshop.fr\/fi\/tuote\/pack-decouverte-5-varietes\/\">Discovery-paketti<\/a><\/li>\n<\/ul>","protected":false},"excerpt":{"rendered":"<p>Ainoa ja ainoa 100% orgaaninen hamppupaperi, nyt k\u00e4rjill\u00e4 k\u00e4tev\u00e4ss\u00e4 yhdistelm\u00e4pakkauksessa. Paperit ovat puhtaasti luonnollisia ja ruskea v\u00e4ri vaihtelee sadosta riippuen. K\u00e4rjet ovat eritt\u00e4in sileit\u00e4 ja valkaisemattomia. FSC-sertifioitu pakkaus on luonnollisesti uudelleensuljettava.<br \/>\n<strong>Maskotti<\/strong>\u00a0on ehk\u00e4 Alankomaiden tunnetuin rullauspaperimerkki.<\/p>\n<p>34 arkkia + 34 suodatinta pakkauksessa<\/p>","protected":false},"featured_media":8469,"comment_status":"open","ping_status":"closed","template":"","meta":{"inline_featured_image":false},"product_brand":[205],"product_cat":[196,61],"product_tag":[217,218],"class_list":{"0":"post-8467","1":"product","2":"type-product","3":"status-publish","4":"has-post-thumbnail","6":"product_brand-mascotte","7":"product_cat-feuilles-a-rouler","8":"product_cat-accessoires","9":"product_tag-feuilles","10":"product_tag-filtres","12":"first","13":"instock","14":"taxable","15":"shipping-taxable","16":"purchasable","17":"product-type-simple"},"jetpack_sharing_enabled":true,"_links":{"self":[{"href":"https:\/\/laverteshop.fr\/fi\/wp-json\/wp\/v2\/product\/8467","targetHints":{"allow":["GET"]}}],"collection":[{"href":"https:\/\/laverteshop.fr\/fi\/wp-json\/wp\/v2\/product"}],"about":[{"href":"https:\/\/laverteshop.fr\/fi\/wp-json\/wp\/v2\/types\/product"}],"replies":[{"embeddable":true,"href":"https:\/\/laverteshop.fr\/fi\/wp-json\/wp\/v2\/comments?post=8467"}],"wp:featuredmedia":[{"embeddable":true,"href":"https:\/\/laverteshop.fr\/fi\/wp-json\/wp\/v2\/media\/8469"}],"wp:attachment":[{"href":"https:\/\/laverteshop.fr\/fi\/wp-json\/wp\/v2\/media?parent=8467"}],"wp:term":[{"taxonomy":"product_brand","embeddable":true,"href":"https:\/\/laverteshop.fr\/fi\/wp-json\/wp\/v2\/product_brand?post=8467"},{"taxonomy":"product_cat","embeddable":true,"href":"https:\/\/laverteshop.fr\/fi\/wp-json\/wp\/v2\/product_cat?post=8467"},{"taxonomy":"product_tag","embeddable":true,"href":"https:\/\/laverteshop.fr\/fi\/wp-json\/wp\/v2\/product_tag?post=8467"}],"curies":[{"name":"wp","href":"https:\/\/api.w.org\/{rel}","templated":true}]}}