{"id":8465,"date":"2021-08-10T16:46:31","date_gmt":"2021-08-10T14:46:31","guid":{"rendered":"https:\/\/laverteshop.fr\/?post_type=product&#038;p=8465"},"modified":"2025-07-15T15:10:52","modified_gmt":"2025-07-15T13:10:52","slug":"arkkirullat-liekkipinkkikinkku-ohut","status":"publish","type":"product","link":"https:\/\/laverteshop.fr\/fi\/tuote\/arkkirullat-liekkipinkkikinkku-ohut\/","title":{"rendered":"Rullauspaperit | Flamez Pink King Slim Flamez Pink King Slim"},"content":{"rendered":"<p>Erotu joukosta n\u00e4ill\u00e4 upeilla vaaleanpunaisilla papereilla, jotka on valmistettu hamppukuidusta (90%) ja puukuidusta (10%) lis\u00e4lujuuden vuoksi.<br \/>\nOsta Flamez Pink Edition paperit<br \/>\nRevitalisez votre \u00ab\u00a0fum\u00e9e\u00a0\u00bb avec ces papiers Pink Edition de Flamez. Commandez en toute s\u00e9curit\u00e9 sur notre boutique en ligne et soyez s\u00fbr de recevoir votre paquet \u00e0 votre porte.<br \/>\nVannotko Pinky!<\/p>\n<p>Varmistaaksemme, ett\u00e4 saat parhaan mahdollisen makuel\u00e4myksen, myymme vain korkealaatuisia tuotteita. Ne ovat maailmankuuluja rakenteeltaan, ja ennen kaikkea ne on valmistettu ensiluokkaisista materiaaleista ja raaka-aineista.<\/p>\n<p>Hinnat ovat my\u00f6s eritt\u00e4in houkuttelevat t\u00e4m\u00e4ntyyppisille tuotteille, joten \u00e4l\u00e4 ep\u00e4r\u00f6i lis\u00e4t\u00e4 niit\u00e4 tilaukseesi!<\/p>","protected":false},"excerpt":{"rendered":"<p>Flamez Pink Edition!<br \/>\nLes vraies \u00ab\u00a0reines\u00a0\u00bb utilisent les papiers Flamez Pink (Queen) Size Slim !<br \/>\nErotu joukosta n\u00e4ill\u00e4 upeilla vaaleanpunaisilla papereilla, jotka on valmistettu hamppukuidusta (90%) ja puukuidusta (10%) lis\u00e4lujuuden vuoksi.<\/p>\n<p>33 arkkia pakkauksessa<br \/>\nPituus: King Size (110 mm)<br \/>\nLeveys: Ohut (44 mm)<br \/>\nV\u00e4ri: vaaleanpunainen<br \/>\nTyyppi: hampun (90%) ja puun (10%) sekoitus.<\/p>","protected":false},"featured_media":8466,"comment_status":"open","ping_status":"closed","template":"","meta":{"inline_featured_image":false},"product_brand":[204],"product_cat":[196,61],"product_tag":[217,218],"class_list":{"0":"post-8465","1":"product","2":"type-product","3":"status-publish","4":"has-post-thumbnail","6":"product_brand-flamez","7":"product_cat-feuilles-a-rouler","8":"product_cat-accessoires","9":"product_tag-feuilles","10":"product_tag-filtres","12":"first","13":"outofstock","14":"taxable","15":"shipping-taxable","16":"purchasable","17":"product-type-simple"},"jetpack_sharing_enabled":true,"_links":{"self":[{"href":"https:\/\/laverteshop.fr\/fi\/wp-json\/wp\/v2\/product\/8465","targetHints":{"allow":["GET"]}}],"collection":[{"href":"https:\/\/laverteshop.fr\/fi\/wp-json\/wp\/v2\/product"}],"about":[{"href":"https:\/\/laverteshop.fr\/fi\/wp-json\/wp\/v2\/types\/product"}],"replies":[{"embeddable":true,"href":"https:\/\/laverteshop.fr\/fi\/wp-json\/wp\/v2\/comments?post=8465"}],"wp:featuredmedia":[{"embeddable":true,"href":"https:\/\/laverteshop.fr\/fi\/wp-json\/wp\/v2\/media\/8466"}],"wp:attachment":[{"href":"https:\/\/laverteshop.fr\/fi\/wp-json\/wp\/v2\/media?parent=8465"}],"wp:term":[{"taxonomy":"product_brand","embeddable":true,"href":"https:\/\/laverteshop.fr\/fi\/wp-json\/wp\/v2\/product_brand?post=8465"},{"taxonomy":"product_cat","embeddable":true,"href":"https:\/\/laverteshop.fr\/fi\/wp-json\/wp\/v2\/product_cat?post=8465"},{"taxonomy":"product_tag","embeddable":true,"href":"https:\/\/laverteshop.fr\/fi\/wp-json\/wp\/v2\/product_tag?post=8465"}],"curies":[{"name":"wp","href":"https:\/\/api.w.org\/{rel}","templated":true}]}}