{"id":8460,"date":"2021-08-10T16:37:33","date_gmt":"2021-08-10T14:37:33","guid":{"rendered":"https:\/\/laverteshop.fr\/?post_type=product&#038;p=8460"},"modified":"2025-10-13T08:32:56","modified_gmt":"2025-10-13T06:32:56","slug":"suodattimet-raw-levea-hemp-puuvilla-25mm","status":"publish","type":"product","link":"https:\/\/laverteshop.fr\/fi\/tuote\/suodattimet-raw-levea-hemp-puuvilla-25mm\/","title":{"rendered":"Raaka leve\u00e4 hamppu puuvilla 25mm suodattimet"},"content":{"rendered":"<p>Raw a toujours fabriqu\u00e9 d&rsquo;excellents papiers sans produits chimiques ni agents de blanchiment. Aujourd&rsquo;hui, ils ont ajout\u00e9 des perforations \u00e0 cette merveilleuse capacit\u00e9 !<br \/>\nLes Raw Perforated Tips signifient que vous n&rsquo;avez plus d&rsquo;excuse pour rouler une cigarette de mauvaise qualit\u00e9. Les perforations peuvent \u00eatre repli\u00e9es pour cr\u00e9er une forme en \u00ab\u00a0z\u00a0\u00bb dans le cafetier. Cela ajoute au refroidissement de votre fum\u00e9e.<br \/>\nK\u00e4rjet ovat tavallista leve\u00e4mm\u00e4t, mik\u00e4 lis\u00e4\u00e4 j\u00e4\u00e4hdytyst\u00e4 entisest\u00e4\u00e4n ja tekee niist\u00e4 ihanteelliset eritt\u00e4in suurille savukkeille.<br \/>\nValmistettu luonnollisista hamppu- ja puuvillakuiduista.<\/p>\n<p>Varmistaaksemme, ett\u00e4 saat parhaan mahdollisen makuel\u00e4myksen, myymme vain korkealaatuisia tuotteita. Ne ovat maailmankuuluja rakenteeltaan, ja ennen kaikkea ne on valmistettu ensiluokkaisista materiaaleista ja raaka-aineista.<\/p>\n<p>Hinnat ovat my\u00f6s eritt\u00e4in houkuttelevat t\u00e4m\u00e4ntyyppisille tuotteille, joten \u00e4l\u00e4 ep\u00e4r\u00f6i lis\u00e4t\u00e4 niit\u00e4 tilaukseesi!<\/p>","protected":false},"excerpt":{"rendered":"<p>Eritt\u00e4in suuret raa'at nibsit<br \/>\nRei'itetty helppoa rullausta varten<br \/>\nKoko: 55x25mm<br \/>\n50 sulkakyn\u00e4\u00e4 per vihkonen<\/p>\n<p>Z-kertainen entist\u00e4kin parempi savun suodatus<\/p>","protected":false},"featured_media":8461,"comment_status":"open","ping_status":"closed","template":"","meta":{"inline_featured_image":false},"product_brand":[198],"product_cat":[197,61],"product_tag":[217,218],"class_list":{"0":"post-8460","1":"product","2":"type-product","3":"status-publish","4":"has-post-thumbnail","6":"product_brand-raw","7":"product_cat-filtres","8":"product_cat-accessoires","9":"product_tag-feuilles","10":"product_tag-filtres","12":"first","13":"instock","14":"taxable","15":"shipping-taxable","16":"purchasable","17":"product-type-simple"},"jetpack_sharing_enabled":true,"_links":{"self":[{"href":"https:\/\/laverteshop.fr\/fi\/wp-json\/wp\/v2\/product\/8460","targetHints":{"allow":["GET"]}}],"collection":[{"href":"https:\/\/laverteshop.fr\/fi\/wp-json\/wp\/v2\/product"}],"about":[{"href":"https:\/\/laverteshop.fr\/fi\/wp-json\/wp\/v2\/types\/product"}],"replies":[{"embeddable":true,"href":"https:\/\/laverteshop.fr\/fi\/wp-json\/wp\/v2\/comments?post=8460"}],"wp:featuredmedia":[{"embeddable":true,"href":"https:\/\/laverteshop.fr\/fi\/wp-json\/wp\/v2\/media\/8461"}],"wp:attachment":[{"href":"https:\/\/laverteshop.fr\/fi\/wp-json\/wp\/v2\/media?parent=8460"}],"wp:term":[{"taxonomy":"product_brand","embeddable":true,"href":"https:\/\/laverteshop.fr\/fi\/wp-json\/wp\/v2\/product_brand?post=8460"},{"taxonomy":"product_cat","embeddable":true,"href":"https:\/\/laverteshop.fr\/fi\/wp-json\/wp\/v2\/product_cat?post=8460"},{"taxonomy":"product_tag","embeddable":true,"href":"https:\/\/laverteshop.fr\/fi\/wp-json\/wp\/v2\/product_tag?post=8460"}],"curies":[{"name":"wp","href":"https:\/\/api.w.org\/{rel}","templated":true}]}}