{"id":8455,"date":"2021-08-10T16:21:44","date_gmt":"2021-08-10T14:21:44","guid":{"rendered":"https:\/\/laverteshop.fr\/?post_type=product&#038;p=8455"},"modified":"2026-03-02T20:10:48","modified_gmt":"2026-03-02T19:10:48","slug":"leaves-a-roll-greengo-unbleached-slim-rolls","status":"publish","type":"product","link":"https:\/\/laverteshop.fr\/fi\/tuote\/leaves-a-roll-greengo-unbleached-slim-rolls\/","title":{"rendered":"Greengo valkaisemattomat Slim-s\u00e4mpyl\u00e4t"},"content":{"rendered":"<p>Greengo Slim -rullat ovat valkaisemattomia, kloorittomia ja selluloosasta valmistettuja.<br \/>\nJokainen rulla sis\u00e4lt\u00e4\u00e4 4 metri\u00e4 jatkuvaa paperia, joka voidaan repi\u00e4 haluttuun pituuteen.<br \/>\nLeveys: 44 mm.<br \/>\nPituus: 4m<br \/>\nFabriqu\u00e9 dans l&rsquo;UE.<\/p>\n<p>Varmistaaksemme, ett\u00e4 saat parhaan mahdollisen makuel\u00e4myksen, myymme vain korkealaatuisia tuotteita. Ne ovat maailmankuuluja hienosta rakenteestaan, ja ennen kaikkea ne on valmistettu ensiluokkaisista materiaaleista ja raaka-aineista.<\/p>\n<p>Hinnat ovat my\u00f6s eritt\u00e4in houkuttelevat t\u00e4m\u00e4ntyyppisille tuotteille, joten \u00e4l\u00e4 ep\u00e4r\u00f6i lis\u00e4t\u00e4 niit\u00e4 tilaukseesi!<\/p>","protected":false},"excerpt":{"rendered":"<p>Greengo Slim -rullat ovat valkaisemattomia, kloorittomia ja selluloosasta valmistettuja.<br \/>\nJokainen rulla sis\u00e4lt\u00e4\u00e4 4 metri\u00e4 jatkuvaa paperia, joka voidaan repi\u00e4 haluttuun pituuteen.<br \/>\nLeveys: 44 mm.<br \/>\nPituus: 4m<br \/>\nFabriqu\u00e9 dans l&rsquo;UE.<\/p>","protected":false},"featured_media":8456,"comment_status":"open","ping_status":"closed","template":"","meta":{"inline_featured_image":false},"product_brand":[201],"product_cat":[61,196],"product_tag":[217,218],"class_list":{"0":"post-8455","1":"product","2":"type-product","3":"status-publish","4":"has-post-thumbnail","6":"product_brand-greengo","7":"product_cat-accessoires","8":"product_cat-feuilles-a-rouler","9":"product_tag-feuilles","10":"product_tag-filtres","12":"first","13":"instock","14":"taxable","15":"shipping-taxable","16":"purchasable","17":"product-type-simple"},"jetpack_sharing_enabled":true,"_links":{"self":[{"href":"https:\/\/laverteshop.fr\/fi\/wp-json\/wp\/v2\/product\/8455","targetHints":{"allow":["GET"]}}],"collection":[{"href":"https:\/\/laverteshop.fr\/fi\/wp-json\/wp\/v2\/product"}],"about":[{"href":"https:\/\/laverteshop.fr\/fi\/wp-json\/wp\/v2\/types\/product"}],"replies":[{"embeddable":true,"href":"https:\/\/laverteshop.fr\/fi\/wp-json\/wp\/v2\/comments?post=8455"}],"wp:featuredmedia":[{"embeddable":true,"href":"https:\/\/laverteshop.fr\/fi\/wp-json\/wp\/v2\/media\/8456"}],"wp:attachment":[{"href":"https:\/\/laverteshop.fr\/fi\/wp-json\/wp\/v2\/media?parent=8455"}],"wp:term":[{"taxonomy":"product_brand","embeddable":true,"href":"https:\/\/laverteshop.fr\/fi\/wp-json\/wp\/v2\/product_brand?post=8455"},{"taxonomy":"product_cat","embeddable":true,"href":"https:\/\/laverteshop.fr\/fi\/wp-json\/wp\/v2\/product_cat?post=8455"},{"taxonomy":"product_tag","embeddable":true,"href":"https:\/\/laverteshop.fr\/fi\/wp-json\/wp\/v2\/product_tag?post=8455"}],"curies":[{"name":"wp","href":"https:\/\/api.w.org\/{rel}","templated":true}]}}