{"id":8393,"date":"2021-08-10T14:33:25","date_gmt":"2021-08-10T12:33:25","guid":{"rendered":"https:\/\/laverteshop.fr\/?post_type=product&#038;p=8393"},"modified":"2025-07-15T15:10:56","modified_gmt":"2025-07-15T13:10:56","slug":"tupakointi-ohuimmat-ohuimman-kokoiset-ohuet-suodattimet","status":"publish","type":"product","link":"https:\/\/laverteshop.fr\/fi\/tuote\/tupakointi-ohuimmat-ohuimman-kokoiset-ohuet-suodattimet\/","title":{"rendered":"Tupakointi Ohuin King Size Slim + suodattimet"},"content":{"rendered":"<p>King Size Slim Smoking -lakanat tyydytt\u00e4v\u00e4t sinua. Ohuempi paperi kuin alkuper\u00e4inen versio ja hieman l\u00e4pin\u00e4kym\u00e4t\u00f6n.<\/p>\n<p>Varmistaaksemme, ett\u00e4 saat parhaan mahdollisen makuel\u00e4myksen, myymme vain erinomaisen laadukkaita tuotteita, jotka ovat maailmanlaajuisesti tunnettuja hienosta rakenteestaan ja jotka on ennen kaikkea valmistettu ensiluokkaisista materiaaleista ja raaka-aineista.<\/p>\n<p>Hinnat ovat my\u00f6s eritt\u00e4in houkuttelevat t\u00e4m\u00e4ntyyppisille tuotteille, joten \u00e4l\u00e4 ep\u00e4r\u00f6i lis\u00e4t\u00e4 niit\u00e4 tilaukseesi!<\/p>","protected":false},"excerpt":{"rendered":"<p>Smoking's Thinnest -sarja tarjoaa 20 %-arkkia, jotka ovat ohuempia kuin Smoking Deluxe -paperit. Niiden illalliskuoren vesileima takaa, ett\u00e4 k\u00e4sin k\u00e4\u00e4rim\u00e4si paperit palavat hyvin, tasaisesti ja hitaasti.<br \/>\nT\u00e4ss\u00e4 versiossa on jopa neuvoja, joten sinulla on aina kaikki tarvitsemasi k\u00e4sill\u00e4si.<\/p>\n<p>- Mitat: 108 x 44 mm<br \/>\n- 33 arkkia + suodattimet pakkauksessa<br \/>\n- FSC-sertifioitu paperi<br \/>\n- Puhdas kasvikumi<\/p>","protected":false},"featured_media":8394,"comment_status":"open","ping_status":"closed","template":"","meta":{"inline_featured_image":false},"product_brand":[200],"product_cat":[196,61],"product_tag":[217,218],"class_list":{"0":"post-8393","1":"product","2":"type-product","3":"status-publish","4":"has-post-thumbnail","6":"product_brand-smoking","7":"product_cat-feuilles-a-rouler","8":"product_cat-accessoires","9":"product_tag-feuilles","10":"product_tag-filtres","12":"first","13":"instock","14":"taxable","15":"shipping-taxable","16":"purchasable","17":"product-type-simple"},"jetpack_sharing_enabled":true,"_links":{"self":[{"href":"https:\/\/laverteshop.fr\/fi\/wp-json\/wp\/v2\/product\/8393","targetHints":{"allow":["GET"]}}],"collection":[{"href":"https:\/\/laverteshop.fr\/fi\/wp-json\/wp\/v2\/product"}],"about":[{"href":"https:\/\/laverteshop.fr\/fi\/wp-json\/wp\/v2\/types\/product"}],"replies":[{"embeddable":true,"href":"https:\/\/laverteshop.fr\/fi\/wp-json\/wp\/v2\/comments?post=8393"}],"wp:featuredmedia":[{"embeddable":true,"href":"https:\/\/laverteshop.fr\/fi\/wp-json\/wp\/v2\/media\/8394"}],"wp:attachment":[{"href":"https:\/\/laverteshop.fr\/fi\/wp-json\/wp\/v2\/media?parent=8393"}],"wp:term":[{"taxonomy":"product_brand","embeddable":true,"href":"https:\/\/laverteshop.fr\/fi\/wp-json\/wp\/v2\/product_brand?post=8393"},{"taxonomy":"product_cat","embeddable":true,"href":"https:\/\/laverteshop.fr\/fi\/wp-json\/wp\/v2\/product_cat?post=8393"},{"taxonomy":"product_tag","embeddable":true,"href":"https:\/\/laverteshop.fr\/fi\/wp-json\/wp\/v2\/product_tag?post=8393"}],"curies":[{"name":"wp","href":"https:\/\/api.w.org\/{rel}","templated":true}]}}