{"id":8388,"date":"2021-08-10T14:11:27","date_gmt":"2021-08-10T12:11:27","guid":{"rendered":"https:\/\/laverteshop.fr\/?post_type=product&#038;p=8388"},"modified":"2025-07-15T15:10:58","modified_gmt":"2025-07-15T13:10:58","slug":"leaves-a-roll-rips-organic-rolls-4m","status":"publish","type":"product","link":"https:\/\/laverteshop.fr\/fi\/tuote\/leaves-a-roll-rips-organic-rolls-4m\/","title":{"rendered":"Rips Organic Rolls 5m"},"content":{"rendered":"<p>N\u00e4m\u00e4 orgaaniset rullat RIPS on valmistettu 100%-luomumateriaaleista.<\/p>\n<p>Varmistaaksemme, ett\u00e4 saat parhaan mahdollisen makuel\u00e4myksen, myymme vain korkealaatuisia tuotteita. Maailmanlaajuisesti tunnustettuja hienosta rakenteestaan ja ennen kaikkea ensiluokkaisista materiaaleista ja raaka-aineista valmistettuja.<\/p>\n<p>Hinnat ovat my\u00f6s eritt\u00e4in houkuttelevat t\u00e4m\u00e4ntyyppisille tuotteille, joten \u00e4l\u00e4 ep\u00e4r\u00f6i lis\u00e4t\u00e4 niit\u00e4 tilaukseesi!<\/p>","protected":false},"excerpt":{"rendered":"<p>N\u00e4m\u00e4 rullat ovat korkealaatuisia ja kohtuuhintaisia. T\u00e4ydellinen tuote nauttijoille.<\/p>\n<p>Maku ja maku: luonnollinen<\/p>\n<p>Leveys: 44mm<\/p>\n<p>Pituus: 5m<\/p>","protected":false},"featured_media":8390,"comment_status":"open","ping_status":"closed","template":"","meta":{"inline_featured_image":false},"product_brand":[199],"product_cat":[196,61],"product_tag":[217,218],"class_list":{"0":"post-8388","1":"product","2":"type-product","3":"status-publish","4":"has-post-thumbnail","6":"product_brand-rips","7":"product_cat-feuilles-a-rouler","8":"product_cat-accessoires","9":"product_tag-feuilles","10":"product_tag-filtres","12":"first","13":"outofstock","14":"taxable","15":"shipping-taxable","16":"purchasable","17":"product-type-simple"},"jetpack_sharing_enabled":true,"_links":{"self":[{"href":"https:\/\/laverteshop.fr\/fi\/wp-json\/wp\/v2\/product\/8388","targetHints":{"allow":["GET"]}}],"collection":[{"href":"https:\/\/laverteshop.fr\/fi\/wp-json\/wp\/v2\/product"}],"about":[{"href":"https:\/\/laverteshop.fr\/fi\/wp-json\/wp\/v2\/types\/product"}],"replies":[{"embeddable":true,"href":"https:\/\/laverteshop.fr\/fi\/wp-json\/wp\/v2\/comments?post=8388"}],"wp:featuredmedia":[{"embeddable":true,"href":"https:\/\/laverteshop.fr\/fi\/wp-json\/wp\/v2\/media\/8390"}],"wp:attachment":[{"href":"https:\/\/laverteshop.fr\/fi\/wp-json\/wp\/v2\/media?parent=8388"}],"wp:term":[{"taxonomy":"product_brand","embeddable":true,"href":"https:\/\/laverteshop.fr\/fi\/wp-json\/wp\/v2\/product_brand?post=8388"},{"taxonomy":"product_cat","embeddable":true,"href":"https:\/\/laverteshop.fr\/fi\/wp-json\/wp\/v2\/product_cat?post=8388"},{"taxonomy":"product_tag","embeddable":true,"href":"https:\/\/laverteshop.fr\/fi\/wp-json\/wp\/v2\/product_tag?post=8388"}],"curies":[{"name":"wp","href":"https:\/\/api.w.org\/{rel}","templated":true}]}}