{"id":8386,"date":"2021-08-10T13:55:54","date_gmt":"2021-08-10T11:55:54","guid":{"rendered":"https:\/\/laverteshop.fr\/?post_type=product&#038;p=8386"},"modified":"2025-07-15T15:10:59","modified_gmt":"2025-07-15T13:10:59","slug":"vetopaperirullat-3m","status":"publish","type":"product","link":"https:\/\/laverteshop.fr\/fi\/tuote\/vetopaperirullat-3m\/","title":{"rendered":"Raakapaperirullat 3m"},"content":{"rendered":"<p>Raw Rolls -k\u00e4\u00e4rint\u00e4paperi X 1 Raw Rolls -k\u00e4\u00e4rint\u00e4paperilla voit valita savukkeesi koon! Eritt\u00e4in lyhyt tai eritt\u00e4in pitk\u00e4, k\u00e4\u00e4ri syd\u00e4mesi kyllyydest\u00e4.<\/p>\n<ul>\n<li>\u00a0Valkaisematon, hieman puhdistettu luomupaperi<\/li>\n<li>\u00a0Eritt\u00e4in ohut ja l\u00e4pikuultava<\/li>\n<li>\u00a0Sokeripohjainen liima<\/li>\n<li>\u00a0Ei lis\u00e4aineita, puhtaat orgaaniset kuidut<\/li>\n<li>\u00a0Arkin pituus: 3 metri\u00e4<\/li>\n<li>\u00a0Arkin leveys: 5,3 cm<\/li>\n<\/ul>\n<p>Varmistaaksemme, ett\u00e4 saat parhaan mahdollisen makuel\u00e4myksen, myymme vain erinomaisen laadukkaita tuotteita, jotka ovat maailmanlaajuisesti tunnettuja hienosta rakenteestaan ja jotka on ennen kaikkea valmistettu ensiluokkaisista materiaaleista ja raaka-aineista.<\/p>\n<p>Hinnat ovat my\u00f6s eritt\u00e4in houkuttelevat t\u00e4m\u00e4ntyyppisille tuotteille, joten \u00e4l\u00e4 ep\u00e4r\u00f6i lis\u00e4t\u00e4 niit\u00e4 tilaukseesi!<\/p>","protected":false},"excerpt":{"rendered":"<p>Raw Rolls -k\u00e4\u00e4rint\u00e4paperi X 1 Raw Rolls -k\u00e4\u00e4rint\u00e4paperilla voit valita savukkeesi koon! Eritt\u00e4in lyhyt tai eritt\u00e4in pitk\u00e4, k\u00e4\u00e4ri syd\u00e4mesi kyllyydest\u00e4.<\/p>\n<ul>\n<li>\u00a0Valkaisematon, hieman puhdistettu luomupaperi<\/li>\n<li>\u00a0Eritt\u00e4in ohut ja l\u00e4pikuultava<\/li>\n<li>\u00a0Sokeripohjainen liima<\/li>\n<li>\u00a0Ei lis\u00e4aineita, puhtaat orgaaniset kuidut<\/li>\n<li>\u00a0Arkin pituus: 3 metri\u00e4<\/li>\n<li>\u00a0Arkin leveys: 5,3 cm<\/li>\n<\/ul>\n<p>&nbsp;<\/p>","protected":false},"featured_media":8387,"comment_status":"open","ping_status":"closed","template":"","meta":{"inline_featured_image":false},"product_brand":[198],"product_cat":[61,196],"product_tag":[217,218],"class_list":{"0":"post-8386","1":"product","2":"type-product","3":"status-publish","4":"has-post-thumbnail","6":"product_brand-raw","7":"product_cat-accessoires","8":"product_cat-feuilles-a-rouler","9":"product_tag-feuilles","10":"product_tag-filtres","12":"first","13":"outofstock","14":"taxable","15":"shipping-taxable","16":"purchasable","17":"product-type-simple"},"jetpack_sharing_enabled":true,"_links":{"self":[{"href":"https:\/\/laverteshop.fr\/fi\/wp-json\/wp\/v2\/product\/8386","targetHints":{"allow":["GET"]}}],"collection":[{"href":"https:\/\/laverteshop.fr\/fi\/wp-json\/wp\/v2\/product"}],"about":[{"href":"https:\/\/laverteshop.fr\/fi\/wp-json\/wp\/v2\/types\/product"}],"replies":[{"embeddable":true,"href":"https:\/\/laverteshop.fr\/fi\/wp-json\/wp\/v2\/comments?post=8386"}],"wp:featuredmedia":[{"embeddable":true,"href":"https:\/\/laverteshop.fr\/fi\/wp-json\/wp\/v2\/media\/8387"}],"wp:attachment":[{"href":"https:\/\/laverteshop.fr\/fi\/wp-json\/wp\/v2\/media?parent=8386"}],"wp:term":[{"taxonomy":"product_brand","embeddable":true,"href":"https:\/\/laverteshop.fr\/fi\/wp-json\/wp\/v2\/product_brand?post=8386"},{"taxonomy":"product_cat","embeddable":true,"href":"https:\/\/laverteshop.fr\/fi\/wp-json\/wp\/v2\/product_cat?post=8386"},{"taxonomy":"product_tag","embeddable":true,"href":"https:\/\/laverteshop.fr\/fi\/wp-json\/wp\/v2\/product_tag?post=8386"}],"curies":[{"name":"wp","href":"https:\/\/api.w.org\/{rel}","templated":true}]}}