{"id":8384,"date":"2021-08-10T13:45:14","date_gmt":"2021-08-10T11:45:14","guid":{"rendered":"https:\/\/laverteshop.fr\/?post_type=product&#038;p=8384"},"modified":"2025-07-15T15:10:59","modified_gmt":"2025-07-15T13:10:59","slug":"8384","status":"publish","type":"product","link":"https:\/\/laverteshop.fr\/fi\/tuote\/8384\/","title":{"rendered":"Raw Organic King Size Slim ( 32 arkkia \/ pakkaus )"},"content":{"rendered":"<p>Les papiers RAW Organic sont fabriqu\u00e9s \u00e0 partir de chanvre naturel non blanchi. Cultiv\u00e9 et r\u00e9colt\u00e9 selon des m\u00e9thodes durables. Chaque papier est marqu\u00e9 d&rsquo;un filigrane en forme de croix. Ce filigrane sp\u00e9cial permet d&rsquo;\u00e9viter les coulures et de maintenir la combustion la plus douce possible !<\/p>\n<p>Ensiluokkaiset lehdet t\u00e4ydellisen maun takaamiseksi!<\/p>\n<p>Varmistaaksemme, ett\u00e4 saat parasta mahdollista vastinetta rahoillesi, myymme vain korkealaatuisia tuotteita, jotka ovat maailmanlaajuisesti tunnettuja hienosta rakenteestaan ja jotka on ennen kaikkea valmistettu ensiluokkaisista materiaaleista ja raaka-aineista.<\/p>\n<p>Hinnat ovat my\u00f6s eritt\u00e4in houkuttelevat t\u00e4m\u00e4ntyyppisille tuotteille, joten \u00e4l\u00e4 ep\u00e4r\u00f6i lis\u00e4t\u00e4 niit\u00e4 tilaukseesi!<\/p>","protected":false},"excerpt":{"rendered":"<p><strong>32 arkkia pakkauksessa<\/strong><\/p>\n<p>Les papiers RAW Organic sont fabriqu\u00e9s \u00e0 partir de chanvre naturel non blanchi, cultiv\u00e9 et r\u00e9colt\u00e9 selon des m\u00e9thodes durables. Chaque papier est marqu\u00e9 d&rsquo;un filigrane en forme de croix: ce filigrane sp\u00e9cial permet d&rsquo;\u00e9viter les coulures et de maintenir la combustion la plus douce possible !<\/p>\n<p>Ensiluokkaiset lehdet t\u00e4ydellisen maun takaamiseksi!<\/p>","protected":false},"featured_media":8385,"comment_status":"open","ping_status":"closed","template":"","meta":{"inline_featured_image":false},"product_brand":[198],"product_cat":[196,61],"product_tag":[217,218],"class_list":{"0":"post-8384","1":"product","2":"type-product","3":"status-publish","4":"has-post-thumbnail","6":"product_brand-raw","7":"product_cat-feuilles-a-rouler","8":"product_cat-accessoires","9":"product_tag-feuilles","10":"product_tag-filtres","12":"first","13":"instock","14":"taxable","15":"shipping-taxable","16":"purchasable","17":"product-type-simple"},"jetpack_sharing_enabled":true,"_links":{"self":[{"href":"https:\/\/laverteshop.fr\/fi\/wp-json\/wp\/v2\/product\/8384","targetHints":{"allow":["GET"]}}],"collection":[{"href":"https:\/\/laverteshop.fr\/fi\/wp-json\/wp\/v2\/product"}],"about":[{"href":"https:\/\/laverteshop.fr\/fi\/wp-json\/wp\/v2\/types\/product"}],"replies":[{"embeddable":true,"href":"https:\/\/laverteshop.fr\/fi\/wp-json\/wp\/v2\/comments?post=8384"}],"wp:featuredmedia":[{"embeddable":true,"href":"https:\/\/laverteshop.fr\/fi\/wp-json\/wp\/v2\/media\/8385"}],"wp:attachment":[{"href":"https:\/\/laverteshop.fr\/fi\/wp-json\/wp\/v2\/media?parent=8384"}],"wp:term":[{"taxonomy":"product_brand","embeddable":true,"href":"https:\/\/laverteshop.fr\/fi\/wp-json\/wp\/v2\/product_brand?post=8384"},{"taxonomy":"product_cat","embeddable":true,"href":"https:\/\/laverteshop.fr\/fi\/wp-json\/wp\/v2\/product_cat?post=8384"},{"taxonomy":"product_tag","embeddable":true,"href":"https:\/\/laverteshop.fr\/fi\/wp-json\/wp\/v2\/product_tag?post=8384"}],"curies":[{"name":"wp","href":"https:\/\/api.w.org\/{rel}","templated":true}]}}