{"id":8371,"date":"2021-08-10T11:43:53","date_gmt":"2021-08-10T09:43:53","guid":{"rendered":"https:\/\/laverteshop.fr\/?post_type=product&#038;p=8371"},"modified":"2025-08-31T20:36:54","modified_gmt":"2025-08-31T18:36:54","slug":"raw-connoisseur-king-size-slim-suodattimet","status":"publish","type":"product","link":"https:\/\/laverteshop.fr\/fi\/tuote\/raw-connoisseur-king-size-slim-suodattimet\/","title":{"rendered":"Raw Connoisseur King Size Slim + suodattimet"},"content":{"rendered":"<p>Les RAW King Size Slim + Filtres. 2 \u00e9l\u00e9ments indispensables combin\u00e9s en un seul paquet pour faciliter votre consommation. Les feuilles contiennent un m\u00e9lange hybride de fibres non blanchies (pas blanchies au chlore). Le papier est d&rsquo;une couleur naturelle translucide brun clair. Le RAW est si fin que vous pouvez voir \u00e0 travers. Chaque papier est muni du filigrane brevet\u00e9 CrissCross.<\/p>\n<p>Varmistaaksemme, ett\u00e4 saat parhaan mahdollisen makuel\u00e4myksen, myymme vain erinomaisen laadukkaita tuotteita, jotka ovat maailmanlaajuisesti tunnettuja hienosta rakenteestaan ja jotka on ennen kaikkea valmistettu ensiluokkaisista materiaaleista ja raaka-aineista.<\/p>\n<p>Hinnat ovat my\u00f6s eritt\u00e4in houkuttelevat t\u00e4m\u00e4ntyyppisille tuotteille, joten \u00e4l\u00e4 ep\u00e4r\u00f6i lis\u00e4t\u00e4 niit\u00e4 tilaukseesi!<\/p>","protected":false},"excerpt":{"rendered":"<p><strong>32 arkkia ja 32 suodatinta pakkauksessa<\/strong><\/p>\n<p>Lakanat ja suodattimet yhdess\u00e4 pakkauksessa. RAW connoisseur yhdist\u00e4\u00e4 kaksi olennaista elementti\u00e4 kulutukseesi samaan malliin.<br \/>\nLes papiers RAW contiennent un m\u00e9lange hybride de fibres non blanchies (pas blanchies au chlore), le papier est d&rsquo;une couleur naturelle translucide brun clair. Le RAW est si fin que vous pouvez voir \u00e0 travers. Chaque papier est muni du filigrane brevet\u00e9 CrissCross. Ce filigrane sp\u00e9cial permet d&rsquo;\u00e9viter les coulures et de conserver les caract\u00e9ristiques de combustion r\u00e9guli\u00e8re qui ont fait notre r\u00e9putation.<br \/>\nRAW-suodattimet on valmistettu 100%-kloorittomasta paperista.<\/p>","protected":false},"featured_media":8372,"comment_status":"open","ping_status":"closed","template":"","meta":{"inline_featured_image":false},"product_brand":[198],"product_cat":[196,61],"product_tag":[217,218],"class_list":{"0":"post-8371","1":"product","2":"type-product","3":"status-publish","4":"has-post-thumbnail","6":"product_brand-raw","7":"product_cat-feuilles-a-rouler","8":"product_cat-accessoires","9":"product_tag-feuilles","10":"product_tag-filtres","12":"first","13":"outofstock","14":"taxable","15":"shipping-taxable","16":"purchasable","17":"product-type-simple"},"jetpack_sharing_enabled":true,"_links":{"self":[{"href":"https:\/\/laverteshop.fr\/fi\/wp-json\/wp\/v2\/product\/8371","targetHints":{"allow":["GET"]}}],"collection":[{"href":"https:\/\/laverteshop.fr\/fi\/wp-json\/wp\/v2\/product"}],"about":[{"href":"https:\/\/laverteshop.fr\/fi\/wp-json\/wp\/v2\/types\/product"}],"replies":[{"embeddable":true,"href":"https:\/\/laverteshop.fr\/fi\/wp-json\/wp\/v2\/comments?post=8371"}],"wp:featuredmedia":[{"embeddable":true,"href":"https:\/\/laverteshop.fr\/fi\/wp-json\/wp\/v2\/media\/8372"}],"wp:attachment":[{"href":"https:\/\/laverteshop.fr\/fi\/wp-json\/wp\/v2\/media?parent=8371"}],"wp:term":[{"taxonomy":"product_brand","embeddable":true,"href":"https:\/\/laverteshop.fr\/fi\/wp-json\/wp\/v2\/product_brand?post=8371"},{"taxonomy":"product_cat","embeddable":true,"href":"https:\/\/laverteshop.fr\/fi\/wp-json\/wp\/v2\/product_cat?post=8371"},{"taxonomy":"product_tag","embeddable":true,"href":"https:\/\/laverteshop.fr\/fi\/wp-json\/wp\/v2\/product_tag?post=8371"}],"curies":[{"name":"wp","href":"https:\/\/api.w.org\/{rel}","templated":true}]}}