{"id":7690,"date":"2021-06-13T11:48:51","date_gmt":"2021-06-13T09:48:51","guid":{"rendered":"https:\/\/laverteshop.fr\/?post_type=product&#038;p=7690"},"modified":"2025-07-15T15:11:04","modified_gmt":"2025-07-15T13:11:04","slug":"sour-tsunami-greenhouse","status":"publish","type":"product","link":"https:\/\/laverteshop.fr\/fi\/tuote\/sour-tsunami-greenhouse\/","title":{"rendered":"Hapan tsunami kasvihuone"},"content":{"rendered":"<p>T\u00e4ss\u00e4 on Greenhouse Tsunami Sour. Toisin kuin alkuper\u00e4isess\u00e4 Tsunamissa, siin\u00e4 on hieman hapan maku. Kauniit keskikokoiset silmut ja ihanan tummanvihre\u00e4 v\u00e4ri. Suhteellisen maanl\u00e4heinen tuoksu muistuttaa sinua sen maanl\u00e4heisest\u00e4 puolesta. Erinomainen vastine rahalle.<\/p>\n<p>Sour Tsunami Greenhouse on loistava tuote, joka on t\u00e4ll\u00e4 hetkell\u00e4 erikoistarjouksessa.<\/p>\n<p>Tuotteemme ovat sertifioitua sveitsil\u00e4ist\u00e4 CBD-laatua. Meille on t\u00e4rkeint\u00e4, ett\u00e4 voimme tarjota sinulle kukkia ja siitep\u00f6ly\u00e4, joiden arvo on erinomainen, kohtuulliseen ja hyv\u00e4ksytt\u00e4v\u00e4\u00e4n hintaan ja jotka ovat EU:n hyv\u00e4ksymien tasojen mukaisia (&lt;0,2% THC).<\/p>\n<p>Mit\u00e4 voit tehd\u00e4 n\u00e4ill\u00e4 tuotteilla? Rentouttavia infuusioita unen parantamiseksi, potpourria, jolla voit kyll\u00e4st\u00e4\u00e4 kotisi luonnollisella tuoksulla, tai voit k\u00e4ytt\u00e4\u00e4 niit\u00e4 halutessasi ruoassa (salaatissa, kastikkeissa, mausteissa).<\/p>\n<p>Suosittelemme, ett\u00e4 otat yhteytt\u00e4 l\u00e4\u00e4k\u00e4riisi, joka osaa neuvoa sinua CBD:n parhaasta k\u00e4ytt\u00f6tavasta.<\/p>\n<p><em>Saatat my\u00f6s pit\u00e4\u00e4:<\/em><\/p>\n<ul>\n<li data-wpmeteor-mouseover=\"true\"><a href=\"https:\/\/laverteshop.fr\/fi\/tuote\/kush\/\">Mets\u00e4inen Kush<\/a><\/li>\n<li data-wpmeteor-mouseover=\"true\"><a href=\"https:\/\/laverteshop.fr\/fi\/top-5-most-popular-cbd-variants-of-2021\/\">Top 5 CBD-lajiketta<\/a><\/li>\n<li data-wpmeteor-mouseover=\"true\"><a href=\"https:\/\/laverteshop.fr\/fi\/tuote\/white-cbg\/\">Valkoinen CBG<\/a><\/li>\n<li data-wpmeteor-mouseover=\"true\"><a href=\"https:\/\/laverteshop.fr\/fi\/laakekannabista-jota-kasvatetaan-saksassa-on-saatavilla-ensimmaista-kertaa\/\">Saksassa kasvatettu kannabis...<\/a><\/li>\n<\/ul>","protected":false},"excerpt":{"rendered":"<p>Notre Sour Tsunami Greenhouse est une vari\u00e9t\u00e9 qui est devenue c\u00e9l\u00e8bre parce qu&rsquo;elle est l&rsquo;une des premi\u00e8res \u00e0 avoir \u00e9t\u00e9 s\u00e9lectionn\u00e9e pour sa forte <a href=\"https:\/\/laverteshop.fr\/fi\/the-cbd-and-sex\/\">CBD-pitoisuus<\/a> plut\u00f4t qu&rsquo;en THC.<\/p>\n<p>Le r\u00e9sultat est une vari\u00e9t\u00e9 efficace pour traiter la douleur et l&rsquo;inflammation<a href=\"https:\/\/laverteshop.fr\/fi\/why-take-cbd-work\/\"> sans produire un \u00ab\u00a0high\u00a0\u00bb<\/a> liittyy korkeaan THC-pitoisuuteen.<\/p>\n<p>T\u00e4m\u00e4 kukka on luotu risteytt\u00e4m\u00e4ll\u00e4 Sour Diesel -kasveja NYC Dieselin kanssa. T\u00e4m\u00e4 <a href=\"https:\/\/laverteshop.fr\/fi\/tuote\/hawaiian-haze\/\">hybridi<\/a> T\u00e4m\u00e4 sativa-dominantti kasvi kukkii 9 viikossa ja tuottaa tiheit\u00e4, tummanvihreit\u00e4 silmuja, joiden lehdet ovat tummanvihre\u00e4t, violetin s\u00e4vyiset. Nupuissa on tuttu myskinen dieselin tuoksu, jossa on h\u00e4iv\u00e4hdys makeutta.<\/p>\n<table style=\"border-collapse: collapse; width: 305px; height: 211px;\" border=\"1\">\n<tbody>\n<tr>\n<td style=\"width: 50%; text-align: center;\"><strong>THC<\/strong><\/td>\n<td style=\"width: 50%; text-align: center;\"><strong>0.18%<\/strong><\/td>\n<\/tr>\n<tr>\n<td style=\"width: 50%; text-align: center;\"><strong>CBD<\/strong><\/td>\n<td style=\"width: 50%; text-align: center;\"><strong>7.8%<\/strong><\/td>\n<\/tr>\n<tr>\n<td style=\"width: 50%; text-align: center;\"><strong>CBG<\/strong><\/td>\n<td style=\"width: 50%; text-align: center;\"><strong>0.18%<\/strong><\/td>\n<\/tr>\n<tr>\n<td style=\"width: 50%; text-align: center;\"><strong>Kulttuuri<\/strong><\/td>\n<td style=\"width: 50%; text-align: center;\"><strong>Hybridi<\/strong><\/td>\n<\/tr>\n<\/tbody>\n<\/table>","protected":false},"featured_media":8303,"comment_status":"open","ping_status":"closed","template":"","meta":{"inline_featured_image":false},"product_brand":[75],"product_cat":[58],"product_tag":[74],"class_list":{"0":"post-7690","1":"product","2":"type-product","3":"status-publish","4":"has-post-thumbnail","6":"product_brand-la-verte","7":"product_cat-fleurs","8":"product_tag-sous-serre","10":"first","11":"outofstock","12":"sale","13":"taxable","14":"shipping-taxable","15":"purchasable","16":"product-type-variable","17":"has-default-attributes"},"jetpack_sharing_enabled":true,"_links":{"self":[{"href":"https:\/\/laverteshop.fr\/fi\/wp-json\/wp\/v2\/product\/7690","targetHints":{"allow":["GET"]}}],"collection":[{"href":"https:\/\/laverteshop.fr\/fi\/wp-json\/wp\/v2\/product"}],"about":[{"href":"https:\/\/laverteshop.fr\/fi\/wp-json\/wp\/v2\/types\/product"}],"replies":[{"embeddable":true,"href":"https:\/\/laverteshop.fr\/fi\/wp-json\/wp\/v2\/comments?post=7690"}],"wp:featuredmedia":[{"embeddable":true,"href":"https:\/\/laverteshop.fr\/fi\/wp-json\/wp\/v2\/media\/8303"}],"wp:attachment":[{"href":"https:\/\/laverteshop.fr\/fi\/wp-json\/wp\/v2\/media?parent=7690"}],"wp:term":[{"taxonomy":"product_brand","embeddable":true,"href":"https:\/\/laverteshop.fr\/fi\/wp-json\/wp\/v2\/product_brand?post=7690"},{"taxonomy":"product_cat","embeddable":true,"href":"https:\/\/laverteshop.fr\/fi\/wp-json\/wp\/v2\/product_cat?post=7690"},{"taxonomy":"product_tag","embeddable":true,"href":"https:\/\/laverteshop.fr\/fi\/wp-json\/wp\/v2\/product_tag?post=7690"}],"curies":[{"name":"wp","href":"https:\/\/api.w.org\/{rel}","templated":true}]}}