{"id":7685,"date":"2021-06-13T11:46:21","date_gmt":"2021-06-13T09:46:21","guid":{"rendered":"https:\/\/laverteshop.fr\/?post_type=product&#038;p=7685"},"modified":"2025-07-15T15:11:05","modified_gmt":"2025-07-15T13:11:05","slug":"valkoinen-cbg-vihreakasvihuone","status":"publish","type":"product","link":"https:\/\/laverteshop.fr\/fi\/tuote\/valkoinen-cbg-vihreakasvihuone\/","title":{"rendered":"Valkoinen CBG kasvihuone"},"content":{"rendered":"<p>Voici un de nos produit int\u00e9ressant. Cette White CBG Greenhouse vous procurera la d\u00e9tente d\u00e9sir\u00e9e, encore davantage que nos fleurs de CBD normales. la CBG a de fortes vertus th\u00e9rapeutique, et donc cette White CBG peut \u00eatre recommand\u00e9e si vous avez des douleurs chroniques. C&rsquo;est la diff\u00e9rence principale entre la CBD et la CBG. Son odeur rappelle un cot\u00e9 assez terreux et bois\u00e9, donc une vari\u00e9t\u00e9 plut\u00f4t assez terpenis\u00e9e.<\/p>\n<p>Valkoinen CBG Greenhouse on loistava tuote.<\/p>\n<p>Tuotteemme ovat sertifioitua sveitsil\u00e4ist\u00e4 CBD-laatua. Meille on t\u00e4rkeint\u00e4, ett\u00e4 voimme tarjota sinulle kukkia ja siitep\u00f6ly\u00e4, joiden arvo on erinomainen, kohtuulliseen ja hyv\u00e4ksytt\u00e4v\u00e4\u00e4n hintaan ja jotka ovat EU:n hyv\u00e4ksymien tasojen mukaisia (&lt;0,2% THC).<\/p>\n<p>Mit\u00e4 voit tehd\u00e4 n\u00e4ill\u00e4 tuotteilla? Rentouttavia infuusioita unen parantamiseksi, potpourria, jolla voit kyll\u00e4st\u00e4\u00e4 kotisi luonnollisella tuoksulla, tai voit k\u00e4ytt\u00e4\u00e4 niit\u00e4 halutessasi ruoassa (salaatissa, kastikkeissa, mausteissa).<\/p>\n<p>Suosittelemme, ett\u00e4 otat yhteytt\u00e4 l\u00e4\u00e4k\u00e4riisi, joka osaa neuvoa sinua CBD:n parhaasta k\u00e4ytt\u00f6tavasta.<\/p>\n<p><em>Saatat my\u00f6s pit\u00e4\u00e4:<\/em><\/p>\n<p><a href=\"https:\/\/laverteshop.fr\/fi\/cbg-vs-cbd\/\">CBG vs CBD<\/a><br \/>\n<a href=\"https:\/\/laverteshop.fr\/fi\/tuote\/lemon-tonic\/\">Sitruuna Tonic<\/a><br \/>\n<a href=\"https:\/\/laverteshop.fr\/fi\/cbda-ja-cbd-varo-anarkisteja\/\">CBDa &amp; CBD<\/a><\/p>","protected":false},"excerpt":{"rendered":"<p>White CBG Greenhouse ilahduttaa sinua korkealla CBG-pitoisuudellaan.<\/p>\n<p>Le CBG s&rsquo;est beaucoup d\u00e9velopp\u00e9 dans les pays qui ont l\u00e9galis\u00e9 le THC, et donc cette fleur aura des effets apaisants un peu plus cons\u00e9quents que certaines de nos vari\u00e9t\u00e9s CBD.<\/p>\n<p>Melkoinen nen\u00e4 <a href=\"https:\/\/laverteshop.fr\/fi\/tuote\/nepal-hash\/\">terpeenitetyt<\/a> puumainen, luonnollisen tuntuinen, kauniit, hyvin hoidetut silmut, valkeahko v\u00e4ri ja ennen kaikkea suuri m\u00e4\u00e4r\u00e4 <a href=\"https:\/\/laverteshop.fr\/fi\/tuote\/banana-kush\/\">oranssit trikomit<\/a>T\u00e4m\u00e4 lajike on l\u00f6yt\u00f6, jota ilman et voi el\u00e4\u00e4!<\/p>\n<table style=\"border-collapse: collapse; width: 305px; height: 211px;\" border=\"1\">\n<tbody>\n<tr>\n<td style=\"width: 50%; text-align: center;\"><strong>THC<\/strong><\/td>\n<td style=\"width: 50%; text-align: center;\"><strong>0.10%<\/strong><\/td>\n<\/tr>\n<tr>\n<td style=\"width: 50%; text-align: center;\"><strong>CBD<\/strong><\/td>\n<td style=\"width: 50%; text-align: center;\"><strong>6.5%<\/strong><\/td>\n<\/tr>\n<tr>\n<td style=\"width: 50%; text-align: center;\"><strong>CBG<\/strong><\/td>\n<td style=\"width: 50%; text-align: center;\"><strong>18%<\/strong><\/td>\n<\/tr>\n<tr>\n<td style=\"width: 50%; text-align: center;\"><strong>Kulttuuri<\/strong><\/td>\n<td style=\"width: 50%; text-align: center;\"><strong>Sous Serre<\/strong><\/td>\n<\/tr>\n<\/tbody>\n<\/table>","protected":false},"featured_media":8302,"comment_status":"open","ping_status":"closed","template":"","meta":{"inline_featured_image":false},"product_brand":[75],"product_cat":[58],"product_tag":[74],"class_list":{"0":"post-7685","1":"product","2":"type-product","3":"status-publish","4":"has-post-thumbnail","6":"product_brand-la-verte","7":"product_cat-fleurs","8":"product_tag-sous-serre","10":"first","11":"outofstock","12":"taxable","13":"shipping-taxable","14":"purchasable","15":"product-type-variable","16":"has-default-attributes"},"jetpack_sharing_enabled":true,"_links":{"self":[{"href":"https:\/\/laverteshop.fr\/fi\/wp-json\/wp\/v2\/product\/7685","targetHints":{"allow":["GET"]}}],"collection":[{"href":"https:\/\/laverteshop.fr\/fi\/wp-json\/wp\/v2\/product"}],"about":[{"href":"https:\/\/laverteshop.fr\/fi\/wp-json\/wp\/v2\/types\/product"}],"replies":[{"embeddable":true,"href":"https:\/\/laverteshop.fr\/fi\/wp-json\/wp\/v2\/comments?post=7685"}],"wp:featuredmedia":[{"embeddable":true,"href":"https:\/\/laverteshop.fr\/fi\/wp-json\/wp\/v2\/media\/8302"}],"wp:attachment":[{"href":"https:\/\/laverteshop.fr\/fi\/wp-json\/wp\/v2\/media?parent=7685"}],"wp:term":[{"taxonomy":"product_brand","embeddable":true,"href":"https:\/\/laverteshop.fr\/fi\/wp-json\/wp\/v2\/product_brand?post=7685"},{"taxonomy":"product_cat","embeddable":true,"href":"https:\/\/laverteshop.fr\/fi\/wp-json\/wp\/v2\/product_cat?post=7685"},{"taxonomy":"product_tag","embeddable":true,"href":"https:\/\/laverteshop.fr\/fi\/wp-json\/wp\/v2\/product_tag?post=7685"}],"curies":[{"name":"wp","href":"https:\/\/api.w.org\/{rel}","templated":true}]}}