{"id":7457,"date":"2021-05-31T10:46:03","date_gmt":"2021-05-31T08:46:03","guid":{"rendered":"https:\/\/laverteshop.fr\/?post_type=product&#038;p=7457"},"modified":"2025-10-15T19:04:26","modified_gmt":"2025-10-15T17:04:26","slug":"sitruuna-haze-siitepoly","status":"publish","type":"product","link":"https:\/\/laverteshop.fr\/fi\/tuote\/sitruuna-haze-siitepoly\/","title":{"rendered":"Lemon Haze siitep\u00f6ly"},"content":{"rendered":"<p>Tuotteemme ovat sertifioitua sveitsil\u00e4ist\u00e4 CBD-laatua. Meille on t\u00e4rkeint\u00e4, ett\u00e4 voimme tarjota sinulle kukkia ja siitep\u00f6ly\u00e4, joiden arvo on erinomainen, kohtuulliseen ja hyv\u00e4ksytt\u00e4v\u00e4\u00e4n hintaan ja jotka ovat EU:n hyv\u00e4ksymien tasojen mukaisia (&lt;0,2% THC).<\/p>\n<p>Mit\u00e4 voit tehd\u00e4 n\u00e4ill\u00e4 tuotteilla? Rentouttavia infuusioita unen parantamiseksi, potpourria, jolla voit kyll\u00e4st\u00e4\u00e4 kotisi luonnollisella tuoksulla, tai voit k\u00e4ytt\u00e4\u00e4 niit\u00e4 halutessasi ruoassa (salaatissa, kastikkeissa, mausteissa).<\/p>\n<p><strong>T\u00c4RKE\u00c4 HUOMAUTUS:<\/strong> Nos r\u00e9sines et hash sont pr\u00e9par\u00e9s dans des laboratoires certifi\u00e9s, avec des proc\u00e9d\u00e9s et techniques qui appartiennent seulement aux producteurs avec qui nous travaillons. La texture et l&rsquo;odeur des produits peuvent donc changer d&rsquo;une r\u00e9colte \u00e0 une autre, d\u00e9pendant aussi de la fleur utilis\u00e9e. Si vous avez un probl\u00e8me avec un produit, contactez nous \u00e0 <a href=\"mailto:contact@laverteshop.fr\">contact@laverteshop.fr<\/a> ja me l\u00f6yd\u00e4mme ratkaisun, joka tyydytt\u00e4\u00e4 sinua. Kiitos ymm\u00e4rryksest\u00e4nne.<\/p>\n<p>Neuvomme sinua k\u00e4\u00e4ntym\u00e4\u00e4n l\u00e4\u00e4k\u00e4risi puoleen, joka voi auttaa sinua <a href=\"https:\/\/laverteshop.fr\/fi\/contact-us\/\">neuvoo sinua<\/a> CBD:n paras k\u00e4ytt\u00f6tapa.<\/p>\n<p><em>Saatat my\u00f6s pit\u00e4\u00e4:<\/em><br \/>\n<a href=\"https:\/\/laverteshop.fr\/fi\/tuote\/swiss-cheese\/\">Sveitsil\u00e4inen juusto<\/a><\/p>","protected":false},"excerpt":{"rendered":"<p>Lemon Haze - siitep\u00f6lymme on valmistettu korkealaatuisista kylm\u00e4puristetuista CBD-trikomeista, jotka ovat per\u00e4isin Sveitsiss\u00e4 luonnonmukaisesti kasvatetuista CBD-kannoista.<\/p>\n<p>T\u00e4ss\u00e4 Hashissa on hyvin mieto maku <a href=\"https:\/\/laverteshop.fr\/fi\/tuote\/lemon-tonic\/\">sitruuna<\/a> vert et est parfait tout au long de la journ\u00e9e. Vous pouvez facilement le saupoudrer et l&rsquo;utiliser pour toute sorte de recette sp\u00e9ciale ou le m\u00e9langer avec l&rsquo;une de nos fleurs CBD.<\/p>\n<table style=\"border-collapse: collapse; width: 192px; height: 205px;\" border=\"1\">\n<tbody>\n<tr>\n<td style=\"width: 50%; text-align: center;\"><strong>THC<\/strong><\/td>\n<td style=\"width: 50%; text-align: center;\"><strong>0.15%<\/strong><\/td>\n<\/tr>\n<tr>\n<td style=\"width: 50%; text-align: center;\"><strong>CBD<\/strong><\/td>\n<td style=\"width: 50%; text-align: center;\"><strong>22%<\/strong><\/td>\n<\/tr>\n<tr>\n<td style=\"width: 50%; text-align: center;\"><strong>CBG<\/strong><\/td>\n<td style=\"width: 50%; text-align: center;\"><strong>0.13%<\/strong><\/td>\n<\/tr>\n<tr>\n<td style=\"width: 50%; text-align: center;\"><b>Kulttuuri<\/b><\/td>\n<td style=\"width: 50%; text-align: center;\"><strong>sis\u00e4tiloissa<\/strong><\/td>\n<\/tr>\n<\/tbody>\n<\/table>","protected":false},"featured_media":14892,"comment_status":"open","ping_status":"closed","template":"","meta":{"inline_featured_image":false},"product_brand":[75],"product_cat":[59],"product_tag":[76],"class_list":{"0":"post-7457","1":"product","2":"type-product","3":"status-publish","4":"has-post-thumbnail","6":"product_brand-la-verte","7":"product_cat-pollens","8":"product_tag-indoor","10":"first","11":"instock","12":"sale","13":"taxable","14":"shipping-taxable","15":"purchasable","16":"product-type-variable","17":"has-default-attributes"},"jetpack_sharing_enabled":true,"_links":{"self":[{"href":"https:\/\/laverteshop.fr\/fi\/wp-json\/wp\/v2\/product\/7457","targetHints":{"allow":["GET"]}}],"collection":[{"href":"https:\/\/laverteshop.fr\/fi\/wp-json\/wp\/v2\/product"}],"about":[{"href":"https:\/\/laverteshop.fr\/fi\/wp-json\/wp\/v2\/types\/product"}],"replies":[{"embeddable":true,"href":"https:\/\/laverteshop.fr\/fi\/wp-json\/wp\/v2\/comments?post=7457"}],"wp:featuredmedia":[{"embeddable":true,"href":"https:\/\/laverteshop.fr\/fi\/wp-json\/wp\/v2\/media\/14892"}],"wp:attachment":[{"href":"https:\/\/laverteshop.fr\/fi\/wp-json\/wp\/v2\/media?parent=7457"}],"wp:term":[{"taxonomy":"product_brand","embeddable":true,"href":"https:\/\/laverteshop.fr\/fi\/wp-json\/wp\/v2\/product_brand?post=7457"},{"taxonomy":"product_cat","embeddable":true,"href":"https:\/\/laverteshop.fr\/fi\/wp-json\/wp\/v2\/product_cat?post=7457"},{"taxonomy":"product_tag","embeddable":true,"href":"https:\/\/laverteshop.fr\/fi\/wp-json\/wp\/v2\/product_tag?post=7457"}],"curies":[{"name":"wp","href":"https:\/\/api.w.org\/{rel}","templated":true}]}}