{"id":18836,"date":"2024-09-27T16:59:14","date_gmt":"2024-09-27T14:59:14","guid":{"rendered":"https:\/\/laverteshop.fr\/?post_type=product&#038;p=18836"},"modified":"2025-11-11T11:08:55","modified_gmt":"2025-11-11T10:08:55","slug":"diesel-kasvihuone-t-p-12","status":"publish","type":"product","link":"https:\/\/laverteshop.fr\/fi\/tuote\/diesel-kasvihuone-t-p-12\/","title":{"rendered":"Cookie Cream Sis\u00e4uima"},"content":{"rendered":"<p>Alerte nouveaut\u00e9 ! Top indoor qui vient s&rsquo;ajouter \u00e0 notre catalogue<\/p>\n<p>Cette Cookie Cream indoor est une vari\u00e9t\u00e9 tr\u00e8s verte, aux odeurs plut\u00f4t naturelles et bois\u00e9es. De tr\u00e8s gros pompons, bien compacts, l\u00e9g\u00e8rement huileux, et absolument magnifiques. Vous apercevrez \u00e9galement des trichomes blanc, qui montre que c&rsquo;est une fleur bien pollinis\u00e9e.<\/p>\n<p>Kun sit\u00e4 nautitaan, sen 22% CBD:t\u00e4 tuntuu rentouttavana ja rauhoittavana kukkana.<\/p>\n<p>Tuotteemme ovat sertifioitua sveitsil\u00e4ist\u00e4 CBD-laatua. Meille on t\u00e4rkeint\u00e4, ett\u00e4 voimme toimittaa sinulle kukkia ja hartseja, jotka ovat erinomaisen arvokkaita, kohtuulliseen ja hyv\u00e4ksytt\u00e4v\u00e4\u00e4n hintaan ja EU:n hyv\u00e4ksymien tasojen mukaisesti (&lt;0,3% THC).<\/p>\n<p>Mit\u00e4 voit tehd\u00e4 n\u00e4ill\u00e4 tuotteilla? Rentouttavia infuusioita unen parantamiseksi, potpourria, jolla voit kyll\u00e4st\u00e4\u00e4 kotisi luonnollisella tuoksulla, tai voit k\u00e4ytt\u00e4\u00e4 niit\u00e4 halutessasi ruoassa (salaatissa, kastikkeissa, mausteissa).<\/p>\n<p>Suosittelemme, ett\u00e4 otat yhteytt\u00e4 l\u00e4\u00e4k\u00e4riisi, joka osaa neuvoa sinua CBD:n parhaasta k\u00e4ytt\u00f6tavasta.<\/p>","protected":false},"excerpt":{"rendered":"<p>Alerte nouveaut\u00e9 top qualit\u00e9 ! La Cookie Cream indoor va vous ravir, si vous aimez les fleurs indoors de caract\u00e8re. Cultiv\u00e9e aux conditions parfaites, cette fleur est d&rsquo;un vert plut\u00f4t sombre.<\/p>\n<p>Elle est grosse, compacte, et des notes naturelles et bois\u00e9es ressortent lors de l&rsquo;ouverture du sachet.<\/p>\n<p>Pinnalla on valkoisia trikomeja, jotka ovat per\u00e4isin sen sis\u00e4kasvatuksesta. Polttamisen aikana merkitt\u00e4vi\u00e4 vaikutuksia sen 22% CBD:n ansiosta.<\/p>\n<p>A l&rsquo;ouverture du sachet, vous serez surpris par la force de son odeur, et aurez rapidement envie de la consommer.<\/p>\n<p>Ja jos pidit viimeisimmist\u00e4 julkaisuistamme, huomaat, ett\u00e4 laatu on edelleen kohdallaan! Tuote, jota ei kannata j\u00e4tt\u00e4\u00e4 v\u00e4liin!<\/p>\n<table style=\"border-collapse: collapse; width: 192px; height: 205px;\" border=\"1\">\n<tbody>\n<tr>\n<td style=\"width: 50%; text-align: center;\"><strong>THC<\/strong><\/td>\n<td style=\"width: 50%; text-align: center;\"><strong>0.28 %<\/strong><\/td>\n<\/tr>\n<tr>\n<td style=\"width: 50%; text-align: center;\"><b>CBD<\/b><\/td>\n<td style=\"width: 50%; text-align: center;\"><strong>22 %<\/strong><\/td>\n<\/tr>\n<tr>\n<td style=\"width: 50%; text-align: center;\"><b>CBG<\/b><\/td>\n<td style=\"width: 50%; text-align: center;\"><strong>n.n<\/strong><\/td>\n<\/tr>\n<tr>\n<td style=\"width: 50%; text-align: center;\"><b>Kulttuuri<\/b><\/td>\n<td style=\"width: 50%; text-align: center;\"><strong>Sis\u00e4tiloissa<\/strong><\/td>\n<\/tr>\n<\/tbody>\n<\/table>","protected":false},"featured_media":18840,"comment_status":"open","ping_status":"closed","template":"","meta":{"inline_featured_image":false},"product_brand":[75],"product_cat":[58,253],"product_tag":[220,299],"class_list":{"0":"post-18836","1":"product","2":"type-product","3":"status-publish","4":"has-post-thumbnail","6":"product_brand-la-verte","7":"product_cat-fleurs","8":"product_cat-indoor","9":"product_tag-fleurs-cbd","10":"product_tag-fleurs-indoor","12":"first","13":"instock","14":"taxable","15":"shipping-taxable","16":"purchasable","17":"product-type-variable"},"jetpack_sharing_enabled":true,"_links":{"self":[{"href":"https:\/\/laverteshop.fr\/fi\/wp-json\/wp\/v2\/product\/18836","targetHints":{"allow":["GET"]}}],"collection":[{"href":"https:\/\/laverteshop.fr\/fi\/wp-json\/wp\/v2\/product"}],"about":[{"href":"https:\/\/laverteshop.fr\/fi\/wp-json\/wp\/v2\/types\/product"}],"replies":[{"embeddable":true,"href":"https:\/\/laverteshop.fr\/fi\/wp-json\/wp\/v2\/comments?post=18836"}],"wp:featuredmedia":[{"embeddable":true,"href":"https:\/\/laverteshop.fr\/fi\/wp-json\/wp\/v2\/media\/18840"}],"wp:attachment":[{"href":"https:\/\/laverteshop.fr\/fi\/wp-json\/wp\/v2\/media?parent=18836"}],"wp:term":[{"taxonomy":"product_brand","embeddable":true,"href":"https:\/\/laverteshop.fr\/fi\/wp-json\/wp\/v2\/product_brand?post=18836"},{"taxonomy":"product_cat","embeddable":true,"href":"https:\/\/laverteshop.fr\/fi\/wp-json\/wp\/v2\/product_cat?post=18836"},{"taxonomy":"product_tag","embeddable":true,"href":"https:\/\/laverteshop.fr\/fi\/wp-json\/wp\/v2\/product_tag?post=18836"}],"curies":[{"name":"wp","href":"https:\/\/api.w.org\/{rel}","templated":true}]}}