{"id":18423,"date":"2024-07-23T16:06:31","date_gmt":"2024-07-23T14:06:31","guid":{"rendered":"https:\/\/laverteshop.fr\/?post_type=product&#038;p=18423"},"modified":"2025-12-31T00:32:36","modified_gmt":"2025-12-30T23:32:36","slug":"diesel-kasvihuone-t-p-8","status":"publish","type":"product","link":"https:\/\/laverteshop.fr\/fi\/tuote\/diesel-kasvihuone-t-p-8\/","title":{"rendered":"H\u00e4\u00e4kakku sis\u00e4tiloissa"},"content":{"rendered":"<p>Alerte P\u00c9PITE ! Pour pallier \u00e0 l&rsquo;interdiction des n\u00e9o-mol\u00e9cules, nous vous offrons le meilleur du CBD Suisse.<\/p>\n<p>Uusi tulokas ja todellinen kauneusl\u00f6yt\u00f6, Wedding Cake Indoor on kompakti kukka, joka on t\u00e4ynn\u00e4 siitep\u00f6ly\u00e4, joten se on vaaleanvihre\u00e4, jossa on kauniita violetteja kohokohtia, jotka muistuttavat Cupcake- ja Gorilla Glue -kukkia, jotka ovat suosituimpia CBD- ja THC-lajikkeita.<\/p>\n<p>Lors de l&rsquo;ouverture du pochon, vous serez pris par cette belle odeur florale, m\u00eal\u00e9e de notes fruit\u00e9es, mais un c\u00f4t\u00e9 terreux qui affirme son caract\u00e8re. Une top fleur de culture indoor, avec un taux de CBD plut\u00f4t \u00e9lev\u00e9 (plus de 20%). Si vous avez aim\u00e9 nos derni\u00e8res additions \u00e0 nos fleurs indoors, cette Wedding Cake va devenir votre nouvelle fleur favorite !<\/p>\n<p>Tuotteemme ovat sertifioitua sveitsil\u00e4ist\u00e4 CBD-laatua. Meille on t\u00e4rkeint\u00e4, ett\u00e4 voimme toimittaa sinulle kukkia ja hartseja, jotka ovat erinomaisen arvokkaita, kohtuulliseen ja hyv\u00e4ksytt\u00e4v\u00e4\u00e4n hintaan ja EU:n hyv\u00e4ksymien tasojen mukaisesti (&lt;0,3% THC).<\/p>\n<p>Mit\u00e4 voit tehd\u00e4 n\u00e4ill\u00e4 tuotteilla? Rentouttavia infuusioita unen parantamiseksi, potpourria, jolla voit kyll\u00e4st\u00e4\u00e4 kotisi luonnollisella tuoksulla, tai voit k\u00e4ytt\u00e4\u00e4 niit\u00e4 halutessasi ruoassa (salaatissa, kastikkeissa, mausteissa).<\/p>\n<p>Suosittelemme, ett\u00e4 otat yhteytt\u00e4 l\u00e4\u00e4k\u00e4riisi, joka osaa neuvoa sinua CBD:n parhaasta k\u00e4ytt\u00f6tavasta.<\/p>","protected":false},"excerpt":{"rendered":"<p>Alerte P\u00c9PITE ! La Wedding Cake Indoor est notre nouvelle addition \u00e0 notre catalogue de fleurs indoor. Mais pas n&rsquo;importe quel ajout! On parle d&rsquo;une fleur absolument magnifique, excellement bien manucur\u00e9e, claire, avec des reflets violets tr\u00e8s legers mais qui la rend si sp\u00e9ciale. Compacte et facile a manier et \u00e9ffriter, on reconnait bien une culture indoor de qualit\u00e9 Suisse.<\/p>\n<p>T\u00e4m\u00e4 Wedding Cake Indoor ilahduttaa sinua suhteellisen korkealla CBD-pitoisuudellaan, joka takaa erinomaisen rentoutumisen. Kun poltat, voit tuntea kukkaistuoksun.<\/p>\n<p>Jos pidit viimeisimmist\u00e4 uutuuksistamme, t\u00e4m\u00e4 laatukukka vakuuttaa sinut.<\/p>\n<table style=\"border-collapse: collapse; width: 192px; height: 205px;\" border=\"1\">\n<tbody>\n<tr>\n<td style=\"width: 50%; text-align: center;\"><strong>THC<\/strong><\/td>\n<td style=\"width: 50%; text-align: center;\"><strong>0.28 %<\/strong><\/td>\n<\/tr>\n<tr>\n<td style=\"width: 50%; text-align: center;\"><b>CBD<\/b><\/td>\n<td style=\"width: 50%; text-align: center;\"><strong>&gt;20%<\/strong><\/td>\n<\/tr>\n<tr>\n<td style=\"width: 50%; text-align: center;\"><b>CBG<\/b><\/td>\n<td style=\"width: 50%; text-align: center;\"><strong>n.n<\/strong><\/td>\n<\/tr>\n<tr>\n<td style=\"width: 50%; text-align: center;\"><b>Kulttuuri<\/b><\/td>\n<td style=\"width: 50%; text-align: center;\"><strong>Sis\u00e4tiloissa<\/strong><\/td>\n<\/tr>\n<\/tbody>\n<\/table>","protected":false},"featured_media":18427,"comment_status":"open","ping_status":"closed","template":"","meta":{"inline_featured_image":false},"product_brand":[75],"product_cat":[58,253],"product_tag":[220,299],"class_list":{"0":"post-18423","1":"product","2":"type-product","3":"status-publish","4":"has-post-thumbnail","6":"product_brand-la-verte","7":"product_cat-fleurs","8":"product_cat-indoor","9":"product_tag-fleurs-cbd","10":"product_tag-fleurs-indoor","12":"first","13":"instock","14":"taxable","15":"shipping-taxable","16":"purchasable","17":"product-type-variable"},"jetpack_sharing_enabled":true,"_links":{"self":[{"href":"https:\/\/laverteshop.fr\/fi\/wp-json\/wp\/v2\/product\/18423","targetHints":{"allow":["GET"]}}],"collection":[{"href":"https:\/\/laverteshop.fr\/fi\/wp-json\/wp\/v2\/product"}],"about":[{"href":"https:\/\/laverteshop.fr\/fi\/wp-json\/wp\/v2\/types\/product"}],"replies":[{"embeddable":true,"href":"https:\/\/laverteshop.fr\/fi\/wp-json\/wp\/v2\/comments?post=18423"}],"wp:featuredmedia":[{"embeddable":true,"href":"https:\/\/laverteshop.fr\/fi\/wp-json\/wp\/v2\/media\/18427"}],"wp:attachment":[{"href":"https:\/\/laverteshop.fr\/fi\/wp-json\/wp\/v2\/media?parent=18423"}],"wp:term":[{"taxonomy":"product_brand","embeddable":true,"href":"https:\/\/laverteshop.fr\/fi\/wp-json\/wp\/v2\/product_brand?post=18423"},{"taxonomy":"product_cat","embeddable":true,"href":"https:\/\/laverteshop.fr\/fi\/wp-json\/wp\/v2\/product_cat?post=18423"},{"taxonomy":"product_tag","embeddable":true,"href":"https:\/\/laverteshop.fr\/fi\/wp-json\/wp\/v2\/product_tag?post=18423"}],"curies":[{"name":"wp","href":"https:\/\/api.w.org\/{rel}","templated":true}]}}