{"id":18101,"date":"2024-05-30T17:16:59","date_gmt":"2024-05-30T15:16:59","guid":{"rendered":"https:\/\/laverteshop.fr\/?post_type=product&#038;p=18101"},"modified":"2026-03-05T12:35:05","modified_gmt":"2026-03-05T11:35:05","slug":"diesel-kasvihuone-t-p-5","status":"publish","type":"product","link":"https:\/\/laverteshop.fr\/fi\/tuote\/diesel-kasvihuone-t-p-5\/","title":{"rendered":"Valkohain hybridi"},"content":{"rendered":"<p>Valkohaihybridi, uusi l\u00f6yt\u00f6 T&amp;K-tiimilt\u00e4mme.<\/p>\n<p>Cette fleur provient d&rsquo;une culture sous serre mais avec des lampes, ce qui rend la fleur plus compacte, et donc qui ressemble \u00e0 une fleur indoor. C&rsquo;est une hybride car elle est faite \u00e0 partir d&rsquo;une bouture de la vari\u00e9t\u00e9 great white shark, accoupl\u00e9e \u00e0 une white widow<\/p>\n<p>Se on melko kirkas ja t\u00e4ynn\u00e4 oransseja ja valkoisia trikomeja. Kukka on melko raikas, ja sen maku on sy\u00f6tyn\u00e4 voimakas, ja siin\u00e4 korostuvat pippuriset s\u00e4vyt. Edullinen kukka, joka tarjoaa eritt\u00e4in hyv\u00e4\u00e4 vastinetta rahalle.<\/p>\n<p>Tuotteemme ovat sertifioitua sveitsil\u00e4ist\u00e4 CBD-laatua. Meille on t\u00e4rkeint\u00e4, ett\u00e4 voimme toimittaa sinulle kukkia ja hartseja, jotka ovat erinomaisen arvokkaita, kohtuulliseen ja hyv\u00e4ksytt\u00e4v\u00e4\u00e4n hintaan ja EU:n hyv\u00e4ksymien tasojen mukaisesti (&lt;0,3% THC).<\/p>\n<p>Mit\u00e4 voit tehd\u00e4 n\u00e4ill\u00e4 tuotteilla? Rentouttavia infuusioita unen parantamiseksi, potpourria, jolla voit kyll\u00e4st\u00e4\u00e4 kotisi luonnollisella tuoksulla, tai voit k\u00e4ytt\u00e4\u00e4 niit\u00e4 halutessasi ruoassa (salaatissa, kastikkeissa, mausteissa).<\/p>\n<p>Suosittelemme, ett\u00e4 otat yhteytt\u00e4 l\u00e4\u00e4k\u00e4riisi, joka osaa neuvoa sinua CBD:n parhaasta k\u00e4ytt\u00f6tavasta.<\/p>","protected":false},"excerpt":{"rendered":"<p>Great White Shark Hybrid on uusin lis\u00e4ys valikoimaan. Eritt\u00e4in tunnettu lajike kannabismaailmassa.<\/p>\n<p>T\u00e4m\u00e4 kompakti, vaaleanvihre\u00e4 kukka on t\u00e4ynn\u00e4 oransseja ja valkoisia trikomeja. Se on kasvatettu hybridin\u00e4, joten samanlaista kukkaa et l\u00f6yd\u00e4!<\/p>\n<p>Erinomainen vastine rahalle eritt\u00e4in tuoksuvasta ja kiehtovasta kukasta.<\/p>\n<table style=\"border-collapse: collapse; width: 192px; height: 205px;\" border=\"1\">\n<tbody>\n<tr>\n<td style=\"width: 50%; text-align: center;\"><strong>THC<\/strong><\/td>\n<td style=\"width: 50%; text-align: center;\"><strong>0.26 %<\/strong><\/td>\n<\/tr>\n<tr>\n<td style=\"width: 50%; text-align: center;\"><b>CBD<\/b><\/td>\n<td style=\"width: 50%; text-align: center;\"><strong>17 %<\/strong><\/td>\n<\/tr>\n<tr>\n<td style=\"width: 50%; text-align: center;\"><b>CBG<\/b><\/td>\n<td style=\"width: 50%; text-align: center;\"><strong>n.n<\/strong><\/td>\n<\/tr>\n<tr>\n<td style=\"width: 50%; text-align: center;\"><b>Kulttuuri<\/b><\/td>\n<td style=\"width: 50%; text-align: center;\"><strong>lasivalaisimen alla<\/strong><\/td>\n<\/tr>\n<\/tbody>\n<\/table>","protected":false},"featured_media":18112,"comment_status":"open","ping_status":"closed","template":"","meta":{"inline_featured_image":false},"product_brand":[75],"product_cat":[58,255],"product_tag":[220,300],"class_list":{"0":"post-18101","1":"product","2":"type-product","3":"status-publish","4":"has-post-thumbnail","6":"product_brand-la-verte","7":"product_cat-fleurs","8":"product_cat-greenhouse","9":"product_tag-fleurs-cbd","10":"product_tag-fleurs-hybride","12":"first","13":"instock","14":"taxable","15":"shipping-taxable","16":"purchasable","17":"product-type-variable"},"jetpack_sharing_enabled":true,"_links":{"self":[{"href":"https:\/\/laverteshop.fr\/fi\/wp-json\/wp\/v2\/product\/18101","targetHints":{"allow":["GET"]}}],"collection":[{"href":"https:\/\/laverteshop.fr\/fi\/wp-json\/wp\/v2\/product"}],"about":[{"href":"https:\/\/laverteshop.fr\/fi\/wp-json\/wp\/v2\/types\/product"}],"replies":[{"embeddable":true,"href":"https:\/\/laverteshop.fr\/fi\/wp-json\/wp\/v2\/comments?post=18101"}],"wp:featuredmedia":[{"embeddable":true,"href":"https:\/\/laverteshop.fr\/fi\/wp-json\/wp\/v2\/media\/18112"}],"wp:attachment":[{"href":"https:\/\/laverteshop.fr\/fi\/wp-json\/wp\/v2\/media?parent=18101"}],"wp:term":[{"taxonomy":"product_brand","embeddable":true,"href":"https:\/\/laverteshop.fr\/fi\/wp-json\/wp\/v2\/product_brand?post=18101"},{"taxonomy":"product_cat","embeddable":true,"href":"https:\/\/laverteshop.fr\/fi\/wp-json\/wp\/v2\/product_cat?post=18101"},{"taxonomy":"product_tag","embeddable":true,"href":"https:\/\/laverteshop.fr\/fi\/wp-json\/wp\/v2\/product_tag?post=18101"}],"curies":[{"name":"wp","href":"https:\/\/api.w.org\/{rel}","templated":true}]}}