{"id":18072,"date":"2024-05-23T17:00:31","date_gmt":"2024-05-23T15:00:31","guid":{"rendered":"https:\/\/laverteshop.fr\/?post_type=product&#038;p=18072"},"modified":"2025-07-11T10:22:19","modified_gmt":"2025-07-11T08:22:19","slug":"raw-connoisseur-king-size-slim-suodattimet-2","status":"publish","type":"product","link":"https:\/\/laverteshop.fr\/fi\/tuote\/raw-connoisseur-king-size-slim-suodattimet-2\/","title":{"rendered":"IRIE King Size Slim Eritt\u00e4in ohuet paperit Rastafari-tyyliin"},"content":{"rendered":"<div>Espanjassa valmistetut IRIE Papers King Size Slim -paperit ovat eritt\u00e4in suosittuja niiden silmiinpist\u00e4v\u00e4n Rastafari-mallin vuoksi.<\/div>\n<div><\/div>\n<div>Ennen valtavirtaista menestyst\u00e4\u00e4n n\u00e4m\u00e4 eritt\u00e4in hienot paperit olivat Karibian salahitti.<\/div>\n<div><\/div>\n<div>Uusi muotoilu!<\/div>\n<div><\/div>\n<div>Bonus Mamma Jamma: 50 arkkia per vihkonen!<\/div>","protected":false},"excerpt":{"rendered":"<p><strong>50 arkkia pakkauksessa!<\/strong><\/p>\n<p>King Size Slim Irie -lakanat ovat 1000 kertaa tunnistettavia, ja niiden Rastafari-v\u00e4rit ovat asiakkaiden rakastamia.<\/p>\n<p>Eritt\u00e4in hieno paperi, jota on ilo polttaa. T\u00e4t\u00e4 ei saa j\u00e4tt\u00e4\u00e4 v\u00e4liin!<\/p>","protected":false},"featured_media":18073,"comment_status":"open","ping_status":"closed","template":"","meta":{"inline_featured_image":false},"product_brand":[202],"product_cat":[196,61],"product_tag":[217,218],"class_list":{"0":"post-18072","1":"product","2":"type-product","3":"status-publish","4":"has-post-thumbnail","6":"product_brand-rasta","7":"product_cat-feuilles-a-rouler","8":"product_cat-accessoires","9":"product_tag-feuilles","10":"product_tag-filtres","12":"first","13":"outofstock","14":"taxable","15":"shipping-taxable","16":"purchasable","17":"product-type-simple"},"jetpack_sharing_enabled":true,"_links":{"self":[{"href":"https:\/\/laverteshop.fr\/fi\/wp-json\/wp\/v2\/product\/18072","targetHints":{"allow":["GET"]}}],"collection":[{"href":"https:\/\/laverteshop.fr\/fi\/wp-json\/wp\/v2\/product"}],"about":[{"href":"https:\/\/laverteshop.fr\/fi\/wp-json\/wp\/v2\/types\/product"}],"replies":[{"embeddable":true,"href":"https:\/\/laverteshop.fr\/fi\/wp-json\/wp\/v2\/comments?post=18072"}],"wp:featuredmedia":[{"embeddable":true,"href":"https:\/\/laverteshop.fr\/fi\/wp-json\/wp\/v2\/media\/18073"}],"wp:attachment":[{"href":"https:\/\/laverteshop.fr\/fi\/wp-json\/wp\/v2\/media?parent=18072"}],"wp:term":[{"taxonomy":"product_brand","embeddable":true,"href":"https:\/\/laverteshop.fr\/fi\/wp-json\/wp\/v2\/product_brand?post=18072"},{"taxonomy":"product_cat","embeddable":true,"href":"https:\/\/laverteshop.fr\/fi\/wp-json\/wp\/v2\/product_cat?post=18072"},{"taxonomy":"product_tag","embeddable":true,"href":"https:\/\/laverteshop.fr\/fi\/wp-json\/wp\/v2\/product_tag?post=18072"}],"curies":[{"name":"wp","href":"https:\/\/api.w.org\/{rel}","templated":true}]}}