{"id":18066,"date":"2024-05-23T16:29:53","date_gmt":"2024-05-23T14:29:53","guid":{"rendered":"https:\/\/laverteshop.fr\/?post_type=product&#038;p=18066"},"modified":"2025-07-11T10:22:20","modified_gmt":"2025-07-11T08:22:20","slug":"ocb-king-size-slim-organic-hemp-2","status":"publish","type":"product","link":"https:\/\/laverteshop.fr\/fi\/tuote\/ocb-king-size-slim-organic-hemp-2\/","title":{"rendered":"OCB Bambu King Size Slim Paperit"},"content":{"rendered":"<div>T\u00e4ss\u00e4 OCB esittelee 100%-bambusta valmistettua savukepaperia.<\/div>\n<div><\/div>\n<div>Bambu on yksi nopeasti uusiutuvista raaka-aineista, ja siit\u00e4 valmistetulle paperille on my\u00f6s ominaista sen joustavuus ja repeytymiskest\u00e4vyys.<\/div>\n<div>Jokainen vihkonen sis\u00e4lt\u00e4\u00e4 32 eritt\u00e4in hienoa, valkaisematonta bambupaperia, jotka palavat tasaisesti.<\/div>\n<div>T\u00e4m\u00e4 tuote on vegaaninen ja valmistettu Ranskassa.<\/div>\n<div><\/div>\n<div>Ominaisuudet:<\/div>\n<div><\/div>\n<div>- Paperin koko: 44 x 109 mm<\/div>\n<div>- Valkaisematon ja v\u00e4riaineeton<\/div>\n<div>- 32 kappaletta per vihko<\/div>\n<div>- 50 vihkoa per laatikko (= 1 yksikk\u00f6)<\/div>\n<div>- 50 laatikkoa per kotelo<\/div>\n<p>&nbsp;<\/p>","protected":false},"excerpt":{"rendered":"<h2>OCB Bambu King Size Slim Paperit<\/h2>\n<p>T\u00e4ss\u00e4 OCB esittelee 100%-bambusta valmistettua savukepaperia.<\/p>\n<p>Ranskassa valmistettu vegaaninen tuote. Pakollinen kaikille laadukkaiden, valkaisemattomien lehtien yst\u00e4ville.<\/p>\n<p>Ne on valmistettu valkaisemattomasta luonnonmukaisesta hampusta, eiv\u00e4tk\u00e4 ne sis\u00e4ll\u00e4 kemikaaleja (kuten kloridia).<\/p>\n<ul>\n<li>Paperin koko: 44 x 109 mm<\/li>\n<li>Valkaisematon ja v\u00e4riaineeton<\/li>\n<li>32 arkkia pakkauksessa<\/li>\n<\/ul>","protected":false},"featured_media":18068,"comment_status":"open","ping_status":"closed","template":"","meta":{"inline_featured_image":false},"product_brand":[224],"product_cat":[196,61],"product_tag":[217],"class_list":{"0":"post-18066","1":"product","2":"type-product","3":"status-publish","4":"has-post-thumbnail","6":"product_brand-ocb","7":"product_cat-feuilles-a-rouler","8":"product_cat-accessoires","9":"product_tag-feuilles","11":"first","12":"instock","13":"taxable","14":"shipping-taxable","15":"purchasable","16":"product-type-simple"},"jetpack_sharing_enabled":true,"_links":{"self":[{"href":"https:\/\/laverteshop.fr\/fi\/wp-json\/wp\/v2\/product\/18066","targetHints":{"allow":["GET"]}}],"collection":[{"href":"https:\/\/laverteshop.fr\/fi\/wp-json\/wp\/v2\/product"}],"about":[{"href":"https:\/\/laverteshop.fr\/fi\/wp-json\/wp\/v2\/types\/product"}],"replies":[{"embeddable":true,"href":"https:\/\/laverteshop.fr\/fi\/wp-json\/wp\/v2\/comments?post=18066"}],"wp:featuredmedia":[{"embeddable":true,"href":"https:\/\/laverteshop.fr\/fi\/wp-json\/wp\/v2\/media\/18068"}],"wp:attachment":[{"href":"https:\/\/laverteshop.fr\/fi\/wp-json\/wp\/v2\/media?parent=18066"}],"wp:term":[{"taxonomy":"product_brand","embeddable":true,"href":"https:\/\/laverteshop.fr\/fi\/wp-json\/wp\/v2\/product_brand?post=18066"},{"taxonomy":"product_cat","embeddable":true,"href":"https:\/\/laverteshop.fr\/fi\/wp-json\/wp\/v2\/product_cat?post=18066"},{"taxonomy":"product_tag","embeddable":true,"href":"https:\/\/laverteshop.fr\/fi\/wp-json\/wp\/v2\/product_tag?post=18066"}],"curies":[{"name":"wp","href":"https:\/\/api.w.org\/{rel}","templated":true}]}}