{"id":17797,"date":"2024-04-09T16:14:03","date_gmt":"2024-04-09T14:14:03","guid":{"rendered":"https:\/\/laverteshop.fr\/?post_type=product&#038;p=17797"},"modified":"2026-03-19T18:48:05","modified_gmt":"2026-03-19T17:48:05","slug":"hash-marokkolainen-t-p-3","status":"publish","type":"product","link":"https:\/\/laverteshop.fr\/fi\/tuote\/hash-marokkolainen-t-p-3\/","title":{"rendered":"Ice O Lator CBD"},"content":{"rendered":"<p><span style=\"font-size: 14.4px;\">Le Ice O Lator CBD est notre toute nouvelle trouvaille en terme de r\u00e9sine CBD. Un magnifique hash mou, l\u00e9g\u00e8rement collant, et qui sent for le tamien d&rsquo;antan.<\/span><\/p>\n<p>Sit\u00e4 valmistaa sama tuottaja kuin Bubble Haze Hashia, mutta t\u00e4ll\u00e4 kertaa CBD:t\u00e4, ja sen maku on pippurisempi ja puisempi kuin Bubble Haze Hashin. Kun k\u00e4yt\u00e4t sit\u00e4, huomaat sen olevan eritt\u00e4in muokattavissa ja eritt\u00e4in miellytt\u00e4v\u00e4 k\u00e4sitell\u00e4. Suhteellisen korkea CBD-pitoisuus takaa, ett\u00e4 voit rentoutua ja rentoutua syd\u00e4mesi kyllyydest\u00e4.<\/p>\n<p>Tuotteemme ovat sertifioitua sveitsil\u00e4ist\u00e4 CBD-laatua. Meille on t\u00e4rkeint\u00e4, ett\u00e4 voimme toimittaa sinulle kukkia ja hartseja, jotka ovat erinomaisen arvokkaita, kohtuulliseen ja hyv\u00e4ksytt\u00e4v\u00e4\u00e4n hintaan ja EU:n hyv\u00e4ksymien tasojen mukaisesti (&lt;0,3% THC).<\/p>\n<p>Mit\u00e4 voit tehd\u00e4 n\u00e4ill\u00e4 tuotteilla? Rentouttavia infuusioita unen parantamiseksi, potpourria, jolla voit kyll\u00e4st\u00e4\u00e4 kotisi luonnollisella tuoksulla, tai voit k\u00e4ytt\u00e4\u00e4 niit\u00e4 halutessasi ruoassa (salaatissa, kastikkeissa, mausteissa).<\/p>\n<p><strong>T\u00c4RKE\u00c4 HUOMAUTUS:<\/strong> Nos r\u00e9sines et hash sont pr\u00e9par\u00e9s dans des laboratoires certifi\u00e9s, avec des proc\u00e9d\u00e9s et techniques qui appartiennent seulement aux producteurs avec qui nous travaillons. La texture et l&rsquo;odeur des produits peuvent donc changer d&rsquo;une r\u00e9colte \u00e0 une autre, d\u00e9pendant aussi de la fleur utilis\u00e9e. Si vous avez un probl\u00e8me avec un produit, contactez nous \u00e0 <a href=\"mailto:contact@laverteshop.fr\">contact@laverteshop.fr<\/a> ja me l\u00f6yd\u00e4mme ratkaisun, joka tyydytt\u00e4\u00e4 sinua. Kiitos ymm\u00e4rryksest\u00e4nne.<\/p>\n<p>Suosittelemme, ett\u00e4 otat yhteytt\u00e4 l\u00e4\u00e4k\u00e4riisi, joka osaa neuvoa sinua CBD:n parhaasta k\u00e4ytt\u00f6tavasta.<\/p>","protected":false},"excerpt":{"rendered":"<p><span style=\"font-size: 14.4px;\">C&rsquo;est notre nouveaut\u00e9 ! Le Ice O Lator est un super hash moelleux et tr\u00e8s bois\u00e9, avec une couleur plut\u00f4t claire. Une r\u00e9sine qui vous fascinera par sa facilit\u00e9 d&rsquo;utilisation, ainsi que son go\u00fbt en bouche, tr\u00e8s pr\u00e9sent et apaisant.<\/span><\/p>\n<p><span style=\"font-size: 14.4px;\">Kun se poltetaan, se antaa tuoksun, joka muistuttaa nuoruutesi hasista. Se on voimakas terpeeniens\u00e4 ansiosta.\u00a0<\/span><\/p>\n<p>Clairement un hash qui plaira a tous nos clients qui recherchent une r\u00e9sine avec de l&rsquo;effet, et avec des go\u00fbts de l&rsquo;\u00e9poque.<\/p>\n<ul>\n<li>Kukkien alkuper\u00e4: Sveitsi, luonnonmukainen viljely<\/li>\n<li>Vaikutukset: rentouttava, rauhoittava<\/li>\n<\/ul>\n<table style=\"border-collapse: collapse; width: 192px; height: 205px;\" border=\"1\">\n<tbody>\n<tr>\n<td style=\"width: 50%; text-align: center;\"><strong>THC<\/strong><\/td>\n<td style=\"width: 50%; text-align: center;\"><strong>0.25 %<\/strong><\/td>\n<\/tr>\n<tr>\n<td style=\"width: 50%; text-align: center;\"><strong>CBD<\/strong><\/td>\n<td style=\"width: 50%; text-align: center;\"><strong>\u00a027%<\/strong><\/td>\n<\/tr>\n<tr>\n<td style=\"width: 50%; text-align: center;\"><b>CBG<\/b><\/td>\n<td style=\"width: 50%; text-align: center;\"><strong>3%<\/strong><\/td>\n<\/tr>\n<tr>\n<td style=\"width: 50%; text-align: center;\"><b>Kulttuuri<\/b><\/td>\n<td style=\"width: 50%; text-align: center;\"><strong>Sis\u00e4tiloissa<\/strong><\/td>\n<\/tr>\n<\/tbody>\n<\/table>\n<p>&nbsp;<\/p>","protected":false},"featured_media":17801,"comment_status":"open","ping_status":"closed","template":"","meta":{"inline_featured_image":false},"product_brand":[75],"product_cat":[59],"product_tag":[244,230],"class_list":{"0":"post-17797","1":"product","2":"type-product","3":"status-publish","4":"has-post-thumbnail","6":"product_brand-la-verte","7":"product_cat-pollens","8":"product_tag-hash","9":"product_tag-resines","11":"first","12":"instock","13":"taxable","14":"shipping-taxable","15":"purchasable","16":"product-type-variable"},"jetpack_sharing_enabled":true,"_links":{"self":[{"href":"https:\/\/laverteshop.fr\/fi\/wp-json\/wp\/v2\/product\/17797","targetHints":{"allow":["GET"]}}],"collection":[{"href":"https:\/\/laverteshop.fr\/fi\/wp-json\/wp\/v2\/product"}],"about":[{"href":"https:\/\/laverteshop.fr\/fi\/wp-json\/wp\/v2\/types\/product"}],"replies":[{"embeddable":true,"href":"https:\/\/laverteshop.fr\/fi\/wp-json\/wp\/v2\/comments?post=17797"}],"wp:featuredmedia":[{"embeddable":true,"href":"https:\/\/laverteshop.fr\/fi\/wp-json\/wp\/v2\/media\/17801"}],"wp:attachment":[{"href":"https:\/\/laverteshop.fr\/fi\/wp-json\/wp\/v2\/media?parent=17797"}],"wp:term":[{"taxonomy":"product_brand","embeddable":true,"href":"https:\/\/laverteshop.fr\/fi\/wp-json\/wp\/v2\/product_brand?post=17797"},{"taxonomy":"product_cat","embeddable":true,"href":"https:\/\/laverteshop.fr\/fi\/wp-json\/wp\/v2\/product_cat?post=17797"},{"taxonomy":"product_tag","embeddable":true,"href":"https:\/\/laverteshop.fr\/fi\/wp-json\/wp\/v2\/product_tag?post=17797"}],"curies":[{"name":"wp","href":"https:\/\/api.w.org\/{rel}","templated":true}]}}