{"id":16796,"date":"2023-11-23T17:06:57","date_gmt":"2023-11-23T16:06:57","guid":{"rendered":"https:\/\/laverteshop.fr\/?post_type=product&#038;p=16796"},"modified":"2025-09-09T14:04:28","modified_gmt":"2025-09-09T12:04:28","slug":"hash-marokkolainen-t-p","status":"publish","type":"product","link":"https:\/\/laverteshop.fr\/fi\/tuote\/hash-marokkolainen-t-p\/","title":{"rendered":"Marokkolainen Hash CBD +"},"content":{"rendered":"<p><span style=\"font-size: 14.4px;\">CBD+ Moroccan Hash on uusin lis\u00e4ys CBD+-hartsivalikoimaamme. Tummanruskea hasis, jossa on hyvin selke\u00e4, maanl\u00e4heinen, pippurinen tuoksu.<\/span><\/p>\n<p>Ce Hash Marocain CBD +\u00a0 produit un effet plut\u00f4t fort et imm\u00e9diat, il est donc conseill\u00e9 de l&rsquo;utiliser en fin de journ\u00e9e, ou en soir\u00e9e. Clairement un hash qui plaira a tous nos clients qui recherchent une r\u00e9sine forte et avec du go\u00fbt.<\/p>\n<p>Tuotteemme ovat sertifioitua sveitsil\u00e4ist\u00e4 CBD-laatua. Meille on t\u00e4rkeint\u00e4, ett\u00e4 voimme toimittaa sinulle kukkia ja hartseja, jotka ovat erinomaisen arvokkaita, kohtuulliseen ja hyv\u00e4ksytt\u00e4v\u00e4\u00e4n hintaan ja EU:n hyv\u00e4ksymien tasojen mukaisesti (&lt;0,3% THC).<\/p>\n<p>Mit\u00e4 voit tehd\u00e4 n\u00e4ill\u00e4 tuotteilla? Rentouttavia infuusioita unen parantamiseksi, potpourria, jolla voit kyll\u00e4st\u00e4\u00e4 kotisi luonnollisella tuoksulla, tai voit k\u00e4ytt\u00e4\u00e4 niit\u00e4 halutessasi ruoassa (salaatissa, kastikkeissa, mausteissa).<\/p>\n<p><strong>T\u00c4RKE\u00c4 HUOMAUTUS:<\/strong> Nos r\u00e9sines et hash sont pr\u00e9par\u00e9s dans des laboratoires certifi\u00e9s, avec des proc\u00e9d\u00e9s et techniques qui appartiennent seulement aux producteurs avec qui nous travaillons. La texture et l&rsquo;odeur des produits peuvent donc changer d&rsquo;une r\u00e9colte \u00e0 une autre, d\u00e9pendant aussi de la fleur utilis\u00e9e. Si vous avez un probl\u00e8me avec un produit, contactez nous \u00e0 <a href=\"mailto:contact@laverteshop.fr\">contact@laverteshop.fr<\/a> ja me l\u00f6yd\u00e4mme ratkaisun, joka tyydytt\u00e4\u00e4 sinua. Kiitos ymm\u00e4rryksest\u00e4nne.<\/p>\n<p>Suosittelemme, ett\u00e4 otat yhteytt\u00e4 l\u00e4\u00e4k\u00e4riisi, joka osaa neuvoa sinua CBD:n parhaasta k\u00e4ytt\u00f6tavasta.<\/p>","protected":false},"excerpt":{"rendered":"<p><span style=\"font-size: 14.4px;\">Moroccan Hash CBD+ on upea hasis, joka on melko pehme\u00e4, ei liian tahmea ja eritt\u00e4in helppo nauttia. Kun se palaa, voit havaita tuoksun, joka muistuttaa nuoruutesi hasista.<\/span><\/p>\n<p>Suuri pippurinen maku, joka tulee l\u00e4pi juodessasi sit\u00e4.<\/p>\n<p>Un effet fort et imm\u00e9diat, donc un hash qui plaira a tous nos clients qui recherchent une r\u00e9sine avec de l&rsquo;effet.<\/p>\n<ul>\n<li>Kasvatus : Sis\u00e4kasvatus<\/li>\n<li>Kukkien alkuper\u00e4: Sveitsi, luonnonmukainen viljely<\/li>\n<li>Vaikutukset: voimakas<\/li>\n<\/ul>\n<table style=\"border-collapse: collapse; width: 192px; height: 205px;\" border=\"1\">\n<tbody>\n<tr>\n<td style=\"width: 50%; text-align: center;\"><strong>THC<\/strong><\/td>\n<td style=\"width: 50%; text-align: center;\"><strong>0.25 %<\/strong><\/td>\n<\/tr>\n<tr>\n<td style=\"width: 50%; text-align: center;\"><strong>CBD+<\/strong><\/td>\n<td style=\"width: 50%; text-align: center;\"><strong>\u00a020 %<\/strong><\/td>\n<\/tr>\n<tr>\n<td style=\"width: 50%; text-align: center;\"><b>CBN- CBG<\/b><\/td>\n<td style=\"width: 50%; text-align: center;\"><strong>10 %<\/strong><\/td>\n<\/tr>\n<tr>\n<td style=\"width: 50%; text-align: center;\"><b>Kulttuuri<\/b><\/td>\n<td style=\"width: 50%; text-align: center;\"><strong>Sis\u00e4tiloissa<\/strong><\/td>\n<\/tr>\n<\/tbody>\n<\/table>\n<p>&nbsp;<\/p>","protected":false},"featured_media":18828,"comment_status":"open","ping_status":"closed","template":"","meta":{"inline_featured_image":false},"product_brand":[75],"product_cat":[304,59],"product_tag":[244,230],"class_list":{"0":"post-16796","1":"product","2":"type-product","3":"status-publish","4":"has-post-thumbnail","6":"product_brand-la-verte","7":"product_cat-produits-puissants","8":"product_cat-pollens","9":"product_tag-hash","10":"product_tag-resines","12":"first","13":"outofstock","14":"taxable","15":"shipping-taxable","16":"purchasable","17":"product-type-variable"},"jetpack_sharing_enabled":true,"_links":{"self":[{"href":"https:\/\/laverteshop.fr\/fi\/wp-json\/wp\/v2\/product\/16796","targetHints":{"allow":["GET"]}}],"collection":[{"href":"https:\/\/laverteshop.fr\/fi\/wp-json\/wp\/v2\/product"}],"about":[{"href":"https:\/\/laverteshop.fr\/fi\/wp-json\/wp\/v2\/types\/product"}],"replies":[{"embeddable":true,"href":"https:\/\/laverteshop.fr\/fi\/wp-json\/wp\/v2\/comments?post=16796"}],"wp:featuredmedia":[{"embeddable":true,"href":"https:\/\/laverteshop.fr\/fi\/wp-json\/wp\/v2\/media\/18828"}],"wp:attachment":[{"href":"https:\/\/laverteshop.fr\/fi\/wp-json\/wp\/v2\/media?parent=16796"}],"wp:term":[{"taxonomy":"product_brand","embeddable":true,"href":"https:\/\/laverteshop.fr\/fi\/wp-json\/wp\/v2\/product_brand?post=16796"},{"taxonomy":"product_cat","embeddable":true,"href":"https:\/\/laverteshop.fr\/fi\/wp-json\/wp\/v2\/product_cat?post=16796"},{"taxonomy":"product_tag","embeddable":true,"href":"https:\/\/laverteshop.fr\/fi\/wp-json\/wp\/v2\/product_tag?post=16796"}],"curies":[{"name":"wp","href":"https:\/\/api.w.org\/{rel}","templated":true}]}}