{"id":16612,"date":"2023-10-26T16:19:47","date_gmt":"2023-10-26T14:19:47","guid":{"rendered":"https:\/\/laverteshop.fr\/?post_type=product&#038;p=16612"},"modified":"2025-07-15T16:02:01","modified_gmt":"2025-07-15T14:02:01","slug":"deep-candy-greenhouse","status":"publish","type":"product","link":"https:\/\/laverteshop.fr\/fi\/tuote\/deep-candy-greenhouse\/","title":{"rendered":"Deep Candy kasvihuone"},"content":{"rendered":"<p>La fleur de CBD Deep Candy Greenhouse provient d&rsquo;une culture sous serre, serres qui se trouvent dans le canton du Valais, ou la temp\u00e9rature et la m\u00e9t\u00e9o sont propices \u00e0 la culture. Peu d&rsquo;humidit\u00e9, un soleil bien pr\u00e9sent et des temp\u00e9ratures temp\u00e9r\u00e9es. Une particularit\u00e9 qui fait que cette fleur est d&rsquo;excellente qualit\u00e9, c&rsquo;est que c&rsquo;est une culture sous serre mais avec lampes, et donc une luminosit\u00e9 plus forte, qui permet de donner une fleur de top qualit\u00e9<\/p>\n<p>Une fleur plut\u00f4t verte fonc\u00e9, et une manucure travaill\u00e9e \u00e0 la perfection. Cette Deep Candy Greenhouse est une fleur humide, qui a de des aromes tr\u00e8s pr\u00e9sents lorsque vous l&rsquo;utilisez. De grosses fleurs bien compactes (entre 3 et 6 cm) qui raviront les amateurs de fleurs sous serre bien odorantes et puissantes.<\/p>\n<p>Meille on t\u00e4rkeint\u00e4 pysty\u00e4 toimittamaan sinulle kukkia ja hartseja, jotka ovat erinomaisen arvokkaita, kohtuuhintaisia ja hyv\u00e4ksytt\u00e4vi\u00e4 ja jotka noudattavat EU:n tuomioistuimen hyv\u00e4ksymi\u00e4 tasoja (&lt;0,3% THC).<\/p>\n<p>Mit\u00e4 voit tehd\u00e4 n\u00e4ill\u00e4 tuotteilla? Rentouttavia infuusioita unen parantamiseksi, potpourria, jolla voit kyll\u00e4st\u00e4\u00e4 kotisi luonnollisella tuoksulla, tai voit k\u00e4ytt\u00e4\u00e4 niit\u00e4 halutessasi ruoassa (salaatissa, kastikkeissa, mausteissa).<\/p>\n<p>Suosittelemme, ett\u00e4 otat yhteytt\u00e4 l\u00e4\u00e4k\u00e4riisi, joka osaa neuvoa sinua CBD:n parhaasta k\u00e4ytt\u00f6tavasta.<\/p>\n<p>&nbsp;<\/p>\n<p>&nbsp;<\/p>\n<p>&nbsp;<\/p>\n<h6><\/h6>","protected":false},"excerpt":{"rendered":"<p>Cette Deep Candy Greenhouse provient d&rsquo;une culture sous serre, serres qui se trouvent dans le canton du Valais, ou la temp\u00e9rature et la m\u00e9t\u00e9o sont propices \u00e0 la culture. La particularit\u00e9 qui rend cette fleur d&rsquo;excellente qualit\u00e9 est que sous ces serres, il y a des lampes, et donc une luminosit\u00e9 meilleure lors de la culture.<\/p>\n<p>Upea syv\u00e4nvihre\u00e4 kukka ja korkealaatuinen manikyyri (k\u00e4sintehty). Erityist\u00e4 t\u00e4ss\u00e4 Deep Candy Greenhouse -kukassa on sen tuoksu, hieman hedelm\u00e4inen ja puumainen sekoitus, joka vetoaa kasvihuonekukkien yst\u00e4viin. Vain 3 \u20ac grammalta, siit\u00e4 tulee varmasti uusi suosikkikukkasi!<\/p>\n<ul>\n<li>Kasvatus: lasin alla<\/li>\n<\/ul>\n<table style=\"border-collapse: collapse; width: 192px; height: 205px;\" border=\"1\">\n<tbody>\n<tr>\n<td style=\"width: 50%; text-align: center;\"><strong>THC<\/strong><\/td>\n<td style=\"width: 50%; text-align: center;\"><strong>0.26 %<\/strong><\/td>\n<\/tr>\n<tr>\n<td style=\"width: 50%; text-align: center;\"><strong>CBD<\/strong><\/td>\n<td style=\"width: 50%; text-align: center;\"><strong>15 %<\/strong><\/td>\n<\/tr>\n<tr>\n<td style=\"width: 50%; text-align: center;\"><strong>CBG<\/strong><\/td>\n<td style=\"width: 50%; text-align: center;\"><strong>n.n<\/strong><\/td>\n<\/tr>\n<tr>\n<td style=\"width: 50%; text-align: center;\"><b>Kulttuuri<\/b><\/td>\n<td style=\"width: 50%; text-align: center;\"><strong>kasvihuone<\/strong><\/td>\n<\/tr>\n<\/tbody>\n<\/table>","protected":false},"featured_media":16617,"comment_status":"open","ping_status":"closed","template":"","meta":{"inline_featured_image":false},"product_brand":[75],"product_cat":[58,255],"product_tag":[220,227],"class_list":{"0":"post-16612","1":"product","2":"type-product","3":"status-publish","4":"has-post-thumbnail","6":"product_brand-la-verte","7":"product_cat-fleurs","8":"product_cat-greenhouse","9":"product_tag-fleurs-cbd","10":"product_tag-greenhouse","12":"first","13":"instock","14":"taxable","15":"shipping-taxable","16":"purchasable","17":"product-type-variable"},"jetpack_sharing_enabled":true,"_links":{"self":[{"href":"https:\/\/laverteshop.fr\/fi\/wp-json\/wp\/v2\/product\/16612","targetHints":{"allow":["GET"]}}],"collection":[{"href":"https:\/\/laverteshop.fr\/fi\/wp-json\/wp\/v2\/product"}],"about":[{"href":"https:\/\/laverteshop.fr\/fi\/wp-json\/wp\/v2\/types\/product"}],"replies":[{"embeddable":true,"href":"https:\/\/laverteshop.fr\/fi\/wp-json\/wp\/v2\/comments?post=16612"}],"wp:featuredmedia":[{"embeddable":true,"href":"https:\/\/laverteshop.fr\/fi\/wp-json\/wp\/v2\/media\/16617"}],"wp:attachment":[{"href":"https:\/\/laverteshop.fr\/fi\/wp-json\/wp\/v2\/media?parent=16612"}],"wp:term":[{"taxonomy":"product_brand","embeddable":true,"href":"https:\/\/laverteshop.fr\/fi\/wp-json\/wp\/v2\/product_brand?post=16612"},{"taxonomy":"product_cat","embeddable":true,"href":"https:\/\/laverteshop.fr\/fi\/wp-json\/wp\/v2\/product_cat?post=16612"},{"taxonomy":"product_tag","embeddable":true,"href":"https:\/\/laverteshop.fr\/fi\/wp-json\/wp\/v2\/product_tag?post=16612"}],"curies":[{"name":"wp","href":"https:\/\/api.w.org\/{rel}","templated":true}]}}