{"id":16605,"date":"2023-10-26T16:12:47","date_gmt":"2023-10-26T14:12:47","guid":{"rendered":"https:\/\/laverteshop.fr\/?post_type=product&#038;p=16605"},"modified":"2025-07-15T16:02:35","modified_gmt":"2025-07-15T14:02:35","slug":"mustikka-muffinssi-sisalla","status":"publish","type":"product","link":"https:\/\/laverteshop.fr\/fi\/tuote\/mustikka-muffinssi-sisalla\/","title":{"rendered":"Mustikkamuffinssi sis\u00e4tiloissa"},"content":{"rendered":"<p>La fleur de CBD Blueberry Muffin Indoor provient d&rsquo;une culture en int\u00e9rieur, ce qui assure une qualit\u00e9 parfaite de fleur, car elles sont trait\u00e9es aux conditions parfaites de luminosit\u00e9, temp\u00e9rature et humidit\u00e9. Cette vari\u00e9t\u00e9 est \u00e9labor\u00e9e par des producteurs passionn\u00e9s et investis, pour assurer la plus haute qualit\u00e9 possible.<\/p>\n<p>Cette Blueberry Muffin Indoor est une fleur d&rsquo;un vert plut\u00f4t clair, et elle se pr\u00e9sente sous forme de buds de gros calibre, compactes, avec de jolis pistils. Une odeur florale se d\u00e9gage lors de l&rsquo;ouverture du sachet, et lors de sa combustion, elle se rapproche des fleurs indoor d&rsquo;antan, puissante et tr\u00e8s gustative.<\/p>\n<p>T\u00e4m\u00e4 mustikkamuffinssi ilahduttaa kaikkia kauniiden, laadukkaiden ja voimakkaiden kukkien yst\u00e4vi\u00e4mme.<\/p>\n<p>Meille on t\u00e4rkeint\u00e4 pysty\u00e4 toimittamaan sinulle kukkia ja hartseja, jotka ovat erinomaisen arvokkaita, kohtuuhintaisia ja hyv\u00e4ksytt\u00e4vi\u00e4 ja jotka noudattavat EU:n tuomioistuimen hyv\u00e4ksymi\u00e4 tasoja (&lt;0,3% THC).<\/p>\n<p>Mit\u00e4 voit tehd\u00e4 n\u00e4ill\u00e4 tuotteilla? Rentouttavia infuusioita unen parantamiseksi, potpourria, jolla voit kyll\u00e4st\u00e4\u00e4 kotisi luonnollisella tuoksulla, tai voit k\u00e4ytt\u00e4\u00e4 niit\u00e4 halutessasi ruoassa (salaatissa, kastikkeissa, mausteissa).<\/p>\n<p>Suosittelemme, ett\u00e4 otat yhteytt\u00e4 l\u00e4\u00e4k\u00e4riisi, joka osaa neuvoa sinua CBD:n parhaasta k\u00e4ytt\u00f6tavasta.<\/p>\n<p>&nbsp;<\/p>\n<p>&nbsp;<\/p>\n<p>&nbsp;<\/p>\n<h6><\/h6>","protected":false},"excerpt":{"rendered":"<p>La fleur de CBD Blueberry Muffin Indoor provient d&rsquo;une culture en int\u00e9rieur, et est \u00e9labor\u00e9e par des producteurs passionn\u00e9s et investis, pour assurer la plus haute qualit\u00e9 possible.<\/p>\n<p>Upeat, suuret kukat, hyvin tiiviit ja vaaleat, t\u00e4ynn\u00e4 siitep\u00f6ly\u00e4 ja trikomeja. Voimakas kukkaistuoksu. Blueberry Muffin indoorissa on kaikki, mit\u00e4 tarvitset, jos rakastat voimakkaita, laadukkaita kukkia.<\/p>\n<ul>\n<li>Alkuper\u00e4: Sveitsi<\/li>\n<li>Lajike: Mustikka<\/li>\n<\/ul>\n<table style=\"border-collapse: collapse; width: 192px; height: 205px;\" border=\"1\">\n<tbody>\n<tr>\n<td style=\"width: 50%; text-align: center;\"><strong>THC<\/strong><\/td>\n<td style=\"width: 50%; text-align: center;\"><strong>0.29 %<\/strong><\/td>\n<\/tr>\n<tr>\n<td style=\"width: 50%; text-align: center;\"><strong>CBD<\/strong><\/td>\n<td style=\"width: 50%; text-align: center;\"><strong>17-19 %<\/strong><\/td>\n<\/tr>\n<tr>\n<td style=\"width: 50%; text-align: center;\"><strong>CBG<\/strong><\/td>\n<td style=\"width: 50%; text-align: center;\"><strong>n.n<\/strong><\/td>\n<\/tr>\n<tr>\n<td style=\"width: 50%; text-align: center;\"><b>Kulttuuri<\/b><\/td>\n<td style=\"width: 50%; text-align: center;\"><strong>Sis\u00e4tiloissa<\/strong><\/td>\n<\/tr>\n<\/tbody>\n<\/table>","protected":false},"featured_media":16610,"comment_status":"open","ping_status":"closed","template":"","meta":{"inline_featured_image":false},"product_brand":[75],"product_cat":[58,253],"product_tag":[220,76],"class_list":{"0":"post-16605","1":"product","2":"type-product","3":"status-publish","4":"has-post-thumbnail","6":"product_brand-la-verte","7":"product_cat-fleurs","8":"product_cat-indoor","9":"product_tag-fleurs-cbd","10":"product_tag-indoor","12":"first","13":"instock","14":"taxable","15":"shipping-taxable","16":"purchasable","17":"product-type-variable"},"jetpack_sharing_enabled":true,"_links":{"self":[{"href":"https:\/\/laverteshop.fr\/fi\/wp-json\/wp\/v2\/product\/16605","targetHints":{"allow":["GET"]}}],"collection":[{"href":"https:\/\/laverteshop.fr\/fi\/wp-json\/wp\/v2\/product"}],"about":[{"href":"https:\/\/laverteshop.fr\/fi\/wp-json\/wp\/v2\/types\/product"}],"replies":[{"embeddable":true,"href":"https:\/\/laverteshop.fr\/fi\/wp-json\/wp\/v2\/comments?post=16605"}],"wp:featuredmedia":[{"embeddable":true,"href":"https:\/\/laverteshop.fr\/fi\/wp-json\/wp\/v2\/media\/16610"}],"wp:attachment":[{"href":"https:\/\/laverteshop.fr\/fi\/wp-json\/wp\/v2\/media?parent=16605"}],"wp:term":[{"taxonomy":"product_brand","embeddable":true,"href":"https:\/\/laverteshop.fr\/fi\/wp-json\/wp\/v2\/product_brand?post=16605"},{"taxonomy":"product_cat","embeddable":true,"href":"https:\/\/laverteshop.fr\/fi\/wp-json\/wp\/v2\/product_cat?post=16605"},{"taxonomy":"product_tag","embeddable":true,"href":"https:\/\/laverteshop.fr\/fi\/wp-json\/wp\/v2\/product_tag?post=16605"}],"curies":[{"name":"wp","href":"https:\/\/api.w.org\/{rel}","templated":true}]}}