{"id":15587,"date":"2023-06-15T16:29:43","date_gmt":"2023-06-15T14:29:43","guid":{"rendered":"https:\/\/laverteshop.fr\/?post_type=product&#038;p=15587"},"modified":"2025-07-15T16:38:11","modified_gmt":"2025-07-15T14:38:11","slug":"kummi-koira-sisalla","status":"publish","type":"product","link":"https:\/\/laverteshop.fr\/fi\/tuote\/kummi-koira-sisalla\/","title":{"rendered":"Kummiset\u00e4 OG Indoor"},"content":{"rendered":"<p>La fleur de CBD Godfather OG indoor, \u00e9galement connu sous le nom \u00ab\u00a0Godfather\u00a0\u00bb, est une vari\u00e9t\u00e9 Indica qui provient d&rsquo;une culture indoor, et donc qui garantit une qualit\u00e9 de fleur excellente. La luminosit\u00e9, l&rsquo;humidit\u00e9 et la temp\u00e9rature lors de la culture sont \u00e0 des niveaux parfait, et donc vous retrouverez une magnifique fleur, avec un go\u00fbt bien prononc\u00e9.<\/p>\n<p>Se on eritt\u00e4in suurten silmujen muodossa, jotka ovat t\u00e4ynn\u00e4 oransseja trikomeja. Hieman mausteinen maku, joka muistuttaa Kush-lajikkeita. T\u00e4m\u00e4 uusi lis\u00e4ys valikoimiimme tulee varmasti ihastuttamaan.<\/p>\n<p>Meille on t\u00e4rkeint\u00e4 pysty\u00e4 toimittamaan sinulle kukkia ja hartseja, jotka ovat erinomaisen arvokkaita, kohtuuhintaisia ja hyv\u00e4ksytt\u00e4vi\u00e4 ja jotka noudattavat EU:n tuomioistuimen hyv\u00e4ksymi\u00e4 tasoja (&lt;0,3% THC).<\/p>\n<p>Mit\u00e4 voit tehd\u00e4 n\u00e4ill\u00e4 tuotteilla? Rentouttavia infuusioita unen parantamiseksi, potpourria, jolla voit kyll\u00e4st\u00e4\u00e4 kotisi luonnollisella tuoksulla, tai voit k\u00e4ytt\u00e4\u00e4 niit\u00e4 halutessasi ruoassa (salaatissa, kastikkeissa, mausteissa).<\/p>\n<p>Suosittelemme, ett\u00e4 otat yhteytt\u00e4 l\u00e4\u00e4k\u00e4riisi, joka osaa neuvoa sinua CBD:n parhaasta k\u00e4ytt\u00f6tavasta.<\/p>\n<p>&nbsp;<\/p>\n<p>&nbsp;<\/p>\n<p>&nbsp;<\/p>\n<h6><\/h6>","protected":false},"excerpt":{"rendered":"<p>La fleur de CBD Godfather OG indoor, \u00e9galement connu sous le nom \u00ab\u00a0Godfather\u00a0\u00bb, est une vari\u00e9t\u00e9 Indica qui provient d&rsquo;une culture indoor, et donc qui garantit une qualit\u00e9 de fleur excellente.<\/p>\n<p>Vous retrouverez une magnifique fleur, avec un go\u00fbt bien prononc\u00e9. Des notes de raisins et de fruits se feront sentir lors de l&rsquo;ouverture du sachet.<\/p>\n<p>T\u00e4m\u00e4 uusin l\u00f6yt\u00f6 ilahduttaa kaikkia laatukukkien yst\u00e4vi\u00e4mme.<\/p>\n<ul>\n<li>Kasvatus: sis\u00e4tiloissa<\/li>\n<li>Alkuper\u00e4: Sveitsi<\/li>\n<\/ul>\n<table style=\"border-collapse: collapse; width: 192px; height: 205px;\" border=\"1\">\n<tbody>\n<tr>\n<td style=\"width: 50%; text-align: center;\"><strong>THC<\/strong><\/td>\n<td style=\"width: 50%; text-align: center;\"><strong>0.27%<\/strong><\/td>\n<\/tr>\n<tr>\n<td style=\"width: 50%; text-align: center;\"><strong>CBD<\/strong><\/td>\n<td style=\"width: 50%; text-align: center;\"><strong>16 %<\/strong><\/td>\n<\/tr>\n<tr>\n<td style=\"width: 50%; text-align: center;\"><strong>CBG<\/strong><\/td>\n<td style=\"width: 50%; text-align: center;\"><strong>n.n<\/strong><\/td>\n<\/tr>\n<tr>\n<td style=\"width: 50%; text-align: center;\"><b>Kulttuuri<\/b><\/td>\n<td style=\"width: 50%; text-align: center;\"><strong>Sis\u00e4tiloissa<\/strong><\/td>\n<\/tr>\n<\/tbody>\n<\/table>","protected":false},"featured_media":17950,"comment_status":"open","ping_status":"closed","template":"","meta":{"inline_featured_image":false},"product_brand":[75],"product_cat":[58,253],"product_tag":[220,76],"class_list":{"0":"post-15587","1":"product","2":"type-product","3":"status-publish","4":"has-post-thumbnail","6":"product_brand-la-verte","7":"product_cat-fleurs","8":"product_cat-indoor","9":"product_tag-fleurs-cbd","10":"product_tag-indoor","12":"first","13":"instock","14":"taxable","15":"shipping-taxable","16":"purchasable","17":"product-type-variable"},"jetpack_sharing_enabled":true,"_links":{"self":[{"href":"https:\/\/laverteshop.fr\/fi\/wp-json\/wp\/v2\/product\/15587","targetHints":{"allow":["GET"]}}],"collection":[{"href":"https:\/\/laverteshop.fr\/fi\/wp-json\/wp\/v2\/product"}],"about":[{"href":"https:\/\/laverteshop.fr\/fi\/wp-json\/wp\/v2\/types\/product"}],"replies":[{"embeddable":true,"href":"https:\/\/laverteshop.fr\/fi\/wp-json\/wp\/v2\/comments?post=15587"}],"wp:featuredmedia":[{"embeddable":true,"href":"https:\/\/laverteshop.fr\/fi\/wp-json\/wp\/v2\/media\/17950"}],"wp:attachment":[{"href":"https:\/\/laverteshop.fr\/fi\/wp-json\/wp\/v2\/media?parent=15587"}],"wp:term":[{"taxonomy":"product_brand","embeddable":true,"href":"https:\/\/laverteshop.fr\/fi\/wp-json\/wp\/v2\/product_brand?post=15587"},{"taxonomy":"product_cat","embeddable":true,"href":"https:\/\/laverteshop.fr\/fi\/wp-json\/wp\/v2\/product_cat?post=15587"},{"taxonomy":"product_tag","embeddable":true,"href":"https:\/\/laverteshop.fr\/fi\/wp-json\/wp\/v2\/product_tag?post=15587"}],"curies":[{"name":"wp","href":"https:\/\/api.w.org\/{rel}","templated":true}]}}