{"id":14497,"date":"2023-02-09T16:32:56","date_gmt":"2023-02-09T15:32:56","guid":{"rendered":"https:\/\/laverteshop.fr\/?post_type=product&#038;p=14497"},"modified":"2025-07-15T16:41:01","modified_gmt":"2025-07-15T14:41:01","slug":"white-bubba-vihanneskasvihuone","status":"publish","type":"product","link":"https:\/\/laverteshop.fr\/fi\/tuote\/white-bubba-vihanneskasvihuone\/","title":{"rendered":"Valkoinen Bubba kasvihuone"},"content":{"rendered":"<p>Nouvelle addition \u00e0 notre catalogue, la White Bubba Greenhouse provient d&rsquo;une culture sous serre, faite en croisant des fleurs de White (culture hybride) et de Bubba Kush.<\/p>\n<p>Se on per\u00e4isin Valais'n alueelta, jossa kasvihuoneviljely hy\u00f6tyy hyvist\u00e4 ilmasto-olosuhteista.<\/p>\n<p>Une vari\u00e9t\u00e9 qui offre de grosses fleurs manucur\u00e9s \u00e0 la perfection. A l&rsquo;ouverture du sachet, une douce odeur fruit\u00e9e se fera remarquer, qui ravira vos sens. Lors de sa consommation, vous sentirez des notes sucr\u00e9es bien pr\u00e9sentes. Une fleur relativement puissante, qui assure une bonne d\u00e9tente. Cette white bubba greenhouse est un excellent produit.<\/p>\n<p>Meille on t\u00e4rkeint\u00e4 pysty\u00e4 toimittamaan sinulle kukkia ja hartseja, jotka ovat erinomaisen arvokkaita, kohtuuhintaisia ja hyv\u00e4ksytt\u00e4vi\u00e4 ja jotka noudattavat EU:n tuomioistuimen hyv\u00e4ksymi\u00e4 tasoja (&lt;0,3% THC).<\/p>\n<p>Mit\u00e4 voit tehd\u00e4 n\u00e4ill\u00e4 tuotteilla? Rentouttavia infuusioita unen parantamiseksi, potpourria, jolla voit kyll\u00e4st\u00e4\u00e4 kotisi luonnollisella tuoksulla, tai voit k\u00e4ytt\u00e4\u00e4 niit\u00e4 halutessasi ruoassa (salaatissa, kastikkeissa, mausteissa).<\/p>\n<p>Suosittelemme, ett\u00e4 otat yhteytt\u00e4 l\u00e4\u00e4k\u00e4riisi, joka osaa neuvoa sinua CBD:n parhaasta k\u00e4ytt\u00f6tavasta.<\/p>\n<p>&nbsp;<\/p>\n<p>&nbsp;<\/p>\n<p>&nbsp;<\/p>\n<h6><\/h6>","protected":false},"excerpt":{"rendered":"<p>Notre nouvelle White Bubba Greenhouse est une fleur d&rsquo;origine hybride, qui provient d&rsquo;un croisement entre la White, elle m\u00eame une hybride, et la Bubba Kush.<\/p>\n<p>Sit\u00e4 viljell\u00e4\u00e4n lasin alla Sveitsin Valais'n kantonissa, jossa ilmasto suosii sen viljely\u00e4.<\/p>\n<p>D&rsquo;un vert plut\u00f4t fonc\u00e9, la white bubba greenhouse est une belle fleur de CBD assez puissante, avec des notes sucr\u00e9es bien pr\u00e9sentes. Excellent produit \u00e0 bon prix.<\/p>\n<ul>\n<li>Alkuper\u00e4: Sveitsi<\/li>\n<li>Kasvatus: lasin alla<\/li>\n<\/ul>\n<table style=\"border-collapse: collapse; width: 192px; height: 205px;\" border=\"1\">\n<tbody>\n<tr>\n<td style=\"width: 50%; text-align: center;\"><strong>THC<\/strong><\/td>\n<td style=\"width: 50%; text-align: center;\"><strong>0.24%<\/strong><\/td>\n<\/tr>\n<tr>\n<td style=\"width: 50%; text-align: center;\"><strong>CBD<\/strong><\/td>\n<td style=\"width: 50%; text-align: center;\"><strong>13 %<\/strong><\/td>\n<\/tr>\n<tr>\n<td style=\"width: 50%; text-align: center;\"><strong>CBG<\/strong><\/td>\n<td style=\"width: 50%; text-align: center;\"><strong>n.n<\/strong><\/td>\n<\/tr>\n<tr>\n<td style=\"width: 50%; text-align: center;\"><b>Kulttuuri<\/b><\/td>\n<td style=\"width: 50%; text-align: center;\"><strong>kasvihuone<\/strong><\/td>\n<\/tr>\n<\/tbody>\n<\/table>","protected":false},"featured_media":14526,"comment_status":"open","ping_status":"closed","template":"","meta":{"inline_featured_image":false},"product_brand":[75],"product_cat":[58,255],"product_tag":[220,227],"class_list":{"0":"post-14497","1":"product","2":"type-product","3":"status-publish","4":"has-post-thumbnail","6":"product_brand-la-verte","7":"product_cat-fleurs","8":"product_cat-greenhouse","9":"product_tag-fleurs-cbd","10":"product_tag-greenhouse","12":"first","13":"outofstock","14":"taxable","15":"shipping-taxable","16":"purchasable","17":"product-type-variable"},"jetpack_sharing_enabled":true,"_links":{"self":[{"href":"https:\/\/laverteshop.fr\/fi\/wp-json\/wp\/v2\/product\/14497","targetHints":{"allow":["GET"]}}],"collection":[{"href":"https:\/\/laverteshop.fr\/fi\/wp-json\/wp\/v2\/product"}],"about":[{"href":"https:\/\/laverteshop.fr\/fi\/wp-json\/wp\/v2\/types\/product"}],"replies":[{"embeddable":true,"href":"https:\/\/laverteshop.fr\/fi\/wp-json\/wp\/v2\/comments?post=14497"}],"wp:featuredmedia":[{"embeddable":true,"href":"https:\/\/laverteshop.fr\/fi\/wp-json\/wp\/v2\/media\/14526"}],"wp:attachment":[{"href":"https:\/\/laverteshop.fr\/fi\/wp-json\/wp\/v2\/media?parent=14497"}],"wp:term":[{"taxonomy":"product_brand","embeddable":true,"href":"https:\/\/laverteshop.fr\/fi\/wp-json\/wp\/v2\/product_brand?post=14497"},{"taxonomy":"product_cat","embeddable":true,"href":"https:\/\/laverteshop.fr\/fi\/wp-json\/wp\/v2\/product_cat?post=14497"},{"taxonomy":"product_tag","embeddable":true,"href":"https:\/\/laverteshop.fr\/fi\/wp-json\/wp\/v2\/product_tag?post=14497"}],"curies":[{"name":"wp","href":"https:\/\/api.w.org\/{rel}","templated":true}]}}