{"id":14253,"date":"2023-01-10T16:32:24","date_gmt":"2023-01-10T15:32:24","guid":{"rendered":"https:\/\/laverteshop.fr\/?post_type=product&#038;p=14253"},"modified":"2025-07-15T14:56:25","modified_gmt":"2025-07-15T12:56:25","slug":"raw-masterpiece-filter-roll","status":"publish","type":"product","link":"https:\/\/laverteshop.fr\/fi\/tuote\/raw-masterpiece-filter-roll\/","title":{"rendered":"RAW Masterpiece-rulla + suodattimet"},"content":{"rendered":"<p>RAW Masterpiece rulla + suodattimet sis\u00e4lt\u00e4\u00e4 30 esik\u00e4\u00e4ritty\u00e4 suodatinta ja 3 metrin rulla korkealaatuista, k\u00e4ytt\u00f6valmista RAW-savukepaperia.<\/p>\n<p>K\u00e4yt\u00e4nn\u00f6llinen pahvilaatikko (mitat: noin 65 x 52 x 26 mm) on uudelleent\u00e4ytett\u00e4v\u00e4, suljetaan k\u00e4yt\u00e4nn\u00f6llisell\u00e4 magneettikiinnityksell\u00e4 ja siin\u00e4 on integroitu rep\u00e4isev\u00e4 reuna.<br \/>\nHidas, tasainen palaminen patentoidun RAW-ristikytkenn\u00e4n ansiosta.<\/p>\n<p>RAW Masterpiece -rulla + suodattimet -laatikko seuraa sinua kaikkialle!<\/p>\n<p>Ominaisuudet:<\/p>\n<p>- Leveys 54 mm (King Size)Reuna<br \/>\n- 3 metri\u00e4 pitk\u00e4<br \/>\n- Suodattimet: noin 19 \u00d7 7 mm<br \/>\n- Kloorivapaa, puuton, biogeeninen, VEGAN<br \/>\n&#8211; Fabriqu\u00e9 avec de l&rsquo;\u00e9nergie \u00e9olienne \u00e9cologique<br \/>\n- 1x 3 metrin rulla + 30 naulaa per pakkaus<\/p>","protected":false},"excerpt":{"rendered":"<p>T\u00e4m\u00e4 RAW Masterpiece -laatikko on ainutlaatuinen! 30 esirullattua suodatinta ja 3 metrin rulla King Size -foliota.<\/p>\n<p>La boite se ferme avec un magnet, pour garder votre rouleau et vos filtres bien \u00e0 l&rsquo;abris.<\/p>\n<ul>\n<li>rullan leveys: 54mm (King Size)<\/li>\n<li>Mukana 30 suodatinta, joissa on keskell\u00e4 lovi tehokasta savunsuodatusta varten.<\/li>\n<li>3 metri\u00e4 rullauspaperia<\/li>\n<li>Uudelleenk\u00e4ytett\u00e4v\u00e4 ja uudelleent\u00e4ytett\u00e4v\u00e4 laatikko.<\/li>\n<li>Repeytyv\u00e4 reuna, jolla voit leikata arkin haluamaasi pituuteen.<\/li>\n<\/ul>\n<p>Cette bo\u00eete RAW Masterpiece rouleau + filtres est donc l&rsquo;accessoire ultime.<\/p>","protected":false},"featured_media":14254,"comment_status":"open","ping_status":"closed","template":"","meta":{"inline_featured_image":false},"product_brand":[198],"product_cat":[61,196],"product_tag":[217,218],"class_list":{"0":"post-14253","1":"product","2":"type-product","3":"status-publish","4":"has-post-thumbnail","6":"product_brand-raw","7":"product_cat-accessoires","8":"product_cat-feuilles-a-rouler","9":"product_tag-feuilles","10":"product_tag-filtres","12":"first","13":"instock","14":"taxable","15":"shipping-taxable","16":"purchasable","17":"product-type-simple"},"jetpack_sharing_enabled":true,"_links":{"self":[{"href":"https:\/\/laverteshop.fr\/fi\/wp-json\/wp\/v2\/product\/14253","targetHints":{"allow":["GET"]}}],"collection":[{"href":"https:\/\/laverteshop.fr\/fi\/wp-json\/wp\/v2\/product"}],"about":[{"href":"https:\/\/laverteshop.fr\/fi\/wp-json\/wp\/v2\/types\/product"}],"replies":[{"embeddable":true,"href":"https:\/\/laverteshop.fr\/fi\/wp-json\/wp\/v2\/comments?post=14253"}],"wp:featuredmedia":[{"embeddable":true,"href":"https:\/\/laverteshop.fr\/fi\/wp-json\/wp\/v2\/media\/14254"}],"wp:attachment":[{"href":"https:\/\/laverteshop.fr\/fi\/wp-json\/wp\/v2\/media?parent=14253"}],"wp:term":[{"taxonomy":"product_brand","embeddable":true,"href":"https:\/\/laverteshop.fr\/fi\/wp-json\/wp\/v2\/product_brand?post=14253"},{"taxonomy":"product_cat","embeddable":true,"href":"https:\/\/laverteshop.fr\/fi\/wp-json\/wp\/v2\/product_cat?post=14253"},{"taxonomy":"product_tag","embeddable":true,"href":"https:\/\/laverteshop.fr\/fi\/wp-json\/wp\/v2\/product_tag?post=14253"}],"curies":[{"name":"wp","href":"https:\/\/api.w.org\/{rel}","templated":true}]}}